{"id":110547,"date":"2026-05-05T04:49:02","date_gmt":"2026-05-05T07:49:02","guid":{"rendered":"https:\/\/www.hediyepazar.com\/?product=yuksek-performansli-3-baslikli-profesyonel-tiras-makinesi"},"modified":"2026-05-05T04:49:02","modified_gmt":"2026-05-05T07:49:02","slug":"yuksek-performansli-3-baslikli-profesyonel-tiras-makinesi","status":"publish","type":"product","link":"https:\/\/www.hediyepazar.com\/?product=yuksek-performansli-3-baslikli-profesyonel-tiras-makinesi","title":{"rendered":"Y\u00fcksek Performansl\u0131 3 Ba\u015fl\u0131kl\u0131 Profesyonel T\u0131ra\u015f Makinesi"},"content":{"rendered":"<p>Bu 3D ak\u0131ll\u0131 t\u0131ra\u015f makinesi, sa\u00e7, sakal, burun ve kulak t\u00fcylerini al\u0131rken, m\u00fckemmel bir performans ve hassasiyet sunar. Y\u00fcksek kaliteli paslanmaz \u00e7elik b\u0131\u00e7aklar, ultra keskin yap\u0131lar\u0131 ile en yo\u011fun ve uzun sakallar\u0131 bile kolayca keser. B\u0131\u00e7aklar\u0131n as\u0131lma ya da \u00e7ekilme yapmadan, cilt dostu bir \u015fekilde \u00e7al\u0131\u015fmas\u0131, kullan\u0131c\u0131lar\u0131n p\u00fcr\u00fczs\u00fcz bir t\u0131ra\u015f deneyimi ya\u015famas\u0131n\u0131 sa\u011flar. Cihaz\u0131n her t\u00fcrl\u00fc kesim i\u00e7in \u00f6zelle\u015ftirilebilen ba\u015fl\u0131klar\u0131, kullan\u0131c\u0131lar\u0131n istedikleri stili yaratmalar\u0131na yard\u0131mc\u0131 olur. \u00d6zellikle burun ve kulak t\u00fcyleri i\u00e7in tasarlanm\u0131\u015f ba\u015fl\u0131klar, a\u011fr\u0131s\u0131z ve etkili bir t\u00fcy alma i\u015flemi sunar. Diledi\u011finiz her t\u00fcrl\u00fc bak\u0131m ihtiyac\u0131n\u0131 kar\u015f\u0131layabilece\u011finiz bu profesyonel cihaz, 1 saatlik \u015farj s\u00fcresiyle 90 dakika boyunca kesintisiz kullan\u0131m sa\u011flar. Ergonomik tasar\u0131m\u0131 sayesinde kolayca kullanabilir, her kullan\u0131m sonras\u0131 pratik temizleme i\u015flemi ile hijyenik bir bak\u0131m deneyimi ya\u015fayabilirsiniz. Ayr\u0131ca, 100-240V voltaj aral\u0131\u011f\u0131nda \u00e7al\u0131\u015fan cihaz, d\u00fcnya \u00e7ap\u0131nda her \u00fclkede rahatl\u0131kla kullan\u0131labilir. Seyahate uygun, kompakt ve \u015f\u0131k tasar\u0131m\u0131 ile her zaman yan\u0131n\u0131zda ta\u015f\u0131yabilece\u011finiz bu cihaz, ki\u015fisel bak\u0131mda m\u00fckemmel sonu\u00e7lar sunar.<\/p>\n","protected":false},"excerpt":{"rendered":"<p>Bu 3D ak\u0131ll\u0131 t\u0131ra\u015f makinesi, sa\u00e7, sakal, burun ve kulak t\u00fcylerini al\u0131rken, m\u00fckemmel bir performans ve hassasiyet sunar. Y\u00fcksek kaliteli paslanmaz \u00e7elik b\u0131\u00e7aklar, ultra keskin yap\u0131lar\u0131 ile en yo\u011fun ve uzun sakallar\u0131 bile kolayca keser. B\u0131\u00e7aklar\u0131n as\u0131lma ya da \u00e7ekilme yapmadan, cilt dostu bir \u015fekilde \u00e7al\u0131\u015fmas\u0131, kullan\u0131c\u0131lar\u0131n p\u00fcr\u00fczs\u00fcz bir t\u0131ra\u015f deneyimi ya\u015famas\u0131n\u0131 sa\u011flar. Cihaz\u0131n her&#8230;<\/p>\n","protected":false},"featured_media":110546,"comment_status":"open","ping_status":"closed","template":"","meta":{"_kad_post_transparent":"","_kad_post_title":"","_kad_post_layout":"","_kad_post_sidebar_id":"","_kad_post_content_style":"","_kad_post_vertical_padding":"","_kad_post_feature":"","_kad_post_feature_position":"","_kad_post_header":false,"_kad_post_footer":false,"_kad_post_classname":""},"product_brand":[],"product_cat":[14925],"product_tag":[],"class_list":{"0":"post-110547","1":"product","2":"type-product","3":"status-publish","4":"has-post-thumbnail","6":"product_cat-tiras-makinesi-tiras-makinesi","8":"first","9":"instock","10":"purchasable","11":"product-type-simple","12":"entry","13":"content-bg","14":"loop-entry"},"_links":{"self":[{"href":"https:\/\/www.hediyepazar.com\/index.php?rest_route=\/wp\/v2\/product\/110547","targetHints":{"allow":["GET"]}}],"collection":[{"href":"https:\/\/www.hediyepazar.com\/index.php?rest_route=\/wp\/v2\/product"}],"about":[{"href":"https:\/\/www.hediyepazar.com\/index.php?rest_route=\/wp\/v2\/types\/product"}],"replies":[{"embeddable":true,"href":"https:\/\/www.hediyepazar.com\/index.php?rest_route=%2Fwp%2Fv2%2Fcomments&post=110547"}],"wp:featuredmedia":[{"embeddable":true,"href":"https:\/\/www.hediyepazar.com\/index.php?rest_route=\/wp\/v2\/media\/110546"}],"wp:attachment":[{"href":"https:\/\/www.hediyepazar.com\/index.php?rest_route=%2Fwp%2Fv2%2Fmedia&parent=110547"}],"wp:term":[{"taxonomy":"product_brand","embeddable":true,"href":"https:\/\/www.hediyepazar.com\/index.php?rest_route=%2Fwp%2Fv2%2Fproduct_brand&post=110547"},{"taxonomy":"product_cat","embeddable":true,"href":"https:\/\/www.hediyepazar.com\/index.php?rest_route=%2Fwp%2Fv2%2Fproduct_cat&post=110547"},{"taxonomy":"product_tag","embeddable":true,"href":"https:\/\/www.hediyepazar.com\/index.php?rest_route=%2Fwp%2Fv2%2Fproduct_tag&post=110547"}],"curies":[{"name":"wp","href":"https:\/\/api.w.org\/{rel}","templated":true}]}}