{"id":110555,"date":"2026-05-05T04:50:56","date_gmt":"2026-05-05T07:50:56","guid":{"rendered":"https:\/\/www.hediyepazar.com\/?product=5-fonksiyonlu-kablosuz-yuz-temizleme-cihazi-ile-derinlemesine-cilt-bakimi"},"modified":"2026-05-05T04:50:56","modified_gmt":"2026-05-05T07:50:56","slug":"5-fonksiyonlu-kablosuz-yuz-temizleme-cihazi-ile-derinlemesine-cilt-bakimi","status":"publish","type":"product","link":"https:\/\/www.hediyepazar.com\/?product=5-fonksiyonlu-kablosuz-yuz-temizleme-cihazi-ile-derinlemesine-cilt-bakimi","title":{"rendered":"5 Fonksiyonlu Kablosuz Y\u00fcz Temizleme Cihaz\u0131 ile Derinlemesine Cilt Bak\u0131m\u0131"},"content":{"rendered":"<p>Cilt bak\u0131m\u0131n\u0131 daha kolay ve etkili hale getirmek i\u00e7in tasarlanm\u0131\u015f bu 5 fonksiyonlu ta\u015f\u0131nabilir y\u00fcz temizleme cihaz\u0131, cilt bak\u0131m rutininizi m\u00fckemmel \u015fekilde tamamlamak i\u00e7in ideal bir \u00fcr\u00fcnd\u00fcr. Masaj, peeling, y\u00fcz temizleme, tonlama ve nemlendirme gibi 5 farkl\u0131 fonksiyonu bir arada sunarak, cildinizi derinlemesine temizlerken ayn\u0131 zamanda yeniler ve besler. \u00d6zel olarak geli\u015ftirilmi\u015f f\u0131r\u00e7a ba\u015fl\u0131klar\u0131, cilt y\u00fczeyindeki \u00f6l\u00fc h\u00fccreleri ar\u0131nd\u0131rarak daha sa\u011fl\u0131kl\u0131 ve p\u00fcr\u00fczs\u00fcz bir cilt g\u00f6r\u00fcn\u00fcm\u00fc sa\u011flar. Bu cihaz, cildinizin her ihtiyac\u0131n\u0131 kar\u015f\u0131lamak i\u00e7in hafif, ergonomik bir tasar\u0131ma sahip olup, her an her yerde kullan\u0131m kolayl\u0131\u011f\u0131 sunar. Kablosuz tasar\u0131m\u0131 sayesinde hareket halindeyken bile rahat\u00e7a kullan\u0131labilir, b\u00f6ylece cilt bak\u0131m\u0131n\u0131z\u0131 hi\u00e7bir yere gitmeden tamamlama imkan\u0131 sunar. Ayr\u0131ca, uzun pil \u00f6mr\u00fc ile cihaz\u0131 s\u0131k s\u0131k \u015farj etme ihtiyac\u0131n\u0131 ortadan kald\u0131r\u0131r, b\u00f6ylece temizlik rutininizi kesintisiz bir \u015fekilde s\u00fcrd\u00fcrebilirsiniz.<\/p>\n","protected":false},"excerpt":{"rendered":"<p>Cilt bak\u0131m\u0131n\u0131 daha kolay ve etkili hale getirmek i\u00e7in tasarlanm\u0131\u015f bu 5 fonksiyonlu ta\u015f\u0131nabilir y\u00fcz temizleme cihaz\u0131, cilt bak\u0131m rutininizi m\u00fckemmel \u015fekilde tamamlamak i\u00e7in ideal bir \u00fcr\u00fcnd\u00fcr. Masaj, peeling, y\u00fcz temizleme, tonlama ve nemlendirme gibi 5 farkl\u0131 fonksiyonu bir arada sunarak, cildinizi derinlemesine temizlerken ayn\u0131 zamanda yeniler ve besler. \u00d6zel olarak geli\u015ftirilmi\u015f f\u0131r\u00e7a ba\u015fl\u0131klar\u0131, cilt&#8230;<\/p>\n","protected":false},"featured_media":110554,"comment_status":"open","ping_status":"closed","template":"","meta":{"_kad_post_transparent":"","_kad_post_title":"","_kad_post_layout":"","_kad_post_sidebar_id":"","_kad_post_content_style":"","_kad_post_vertical_padding":"","_kad_post_feature":"","_kad_post_feature_position":"","_kad_post_header":false,"_kad_post_footer":false,"_kad_post_classname":""},"product_brand":[],"product_cat":[15018],"product_tag":[],"class_list":{"0":"post-110555","1":"product","2":"type-product","3":"status-publish","4":"has-post-thumbnail","6":"product_cat-yuz-temizleme-cihazi-yuz-temizleme-cihazi","8":"first","9":"instock","10":"purchasable","11":"product-type-simple","12":"entry","13":"content-bg","14":"loop-entry"},"_links":{"self":[{"href":"https:\/\/www.hediyepazar.com\/index.php?rest_route=\/wp\/v2\/product\/110555","targetHints":{"allow":["GET"]}}],"collection":[{"href":"https:\/\/www.hediyepazar.com\/index.php?rest_route=\/wp\/v2\/product"}],"about":[{"href":"https:\/\/www.hediyepazar.com\/index.php?rest_route=\/wp\/v2\/types\/product"}],"replies":[{"embeddable":true,"href":"https:\/\/www.hediyepazar.com\/index.php?rest_route=%2Fwp%2Fv2%2Fcomments&post=110555"}],"wp:featuredmedia":[{"embeddable":true,"href":"https:\/\/www.hediyepazar.com\/index.php?rest_route=\/wp\/v2\/media\/110554"}],"wp:attachment":[{"href":"https:\/\/www.hediyepazar.com\/index.php?rest_route=%2Fwp%2Fv2%2Fmedia&parent=110555"}],"wp:term":[{"taxonomy":"product_brand","embeddable":true,"href":"https:\/\/www.hediyepazar.com\/index.php?rest_route=%2Fwp%2Fv2%2Fproduct_brand&post=110555"},{"taxonomy":"product_cat","embeddable":true,"href":"https:\/\/www.hediyepazar.com\/index.php?rest_route=%2Fwp%2Fv2%2Fproduct_cat&post=110555"},{"taxonomy":"product_tag","embeddable":true,"href":"https:\/\/www.hediyepazar.com\/index.php?rest_route=%2Fwp%2Fv2%2Fproduct_tag&post=110555"}],"curies":[{"name":"wp","href":"https:\/\/api.w.org\/{rel}","templated":true}]}}