{"id":110561,"date":"2026-05-05T04:51:12","date_gmt":"2026-05-05T07:51:12","guid":{"rendered":"https:\/\/www.hediyepazar.com\/?product=3-baslikli-profesyonel-tiras-makinesi"},"modified":"2026-05-05T04:51:12","modified_gmt":"2026-05-05T07:51:12","slug":"3-baslikli-profesyonel-tiras-makinesi","status":"publish","type":"product","link":"https:\/\/www.hediyepazar.com\/?product=3-baslikli-profesyonel-tiras-makinesi","title":{"rendered":"3 Ba\u015fl\u0131kl\u0131 Profesyonel T\u0131ra\u015f Makinesi"},"content":{"rendered":"<p>Erkek bak\u0131m seti, kullan\u0131c\u0131lar\u0131na profesyonel bir t\u0131ra\u015f deneyimi sunar. Setin i\u00e7inde bulunan 3 farkl\u0131 kesim ba\u015fl\u0131\u011f\u0131, farkl\u0131 t\u0131ra\u015f ihtiya\u00e7lar\u0131na g\u00f6re m\u00fckemmel \u00e7\u00f6z\u00fcmler sa\u011flar. S\u0131f\u0131r kesim ba\u015fl\u0131\u011f\u0131, s\u0131f\u0131r sakal modelini tercih edenler i\u00e7in ideal olup, p\u00fcr\u00fczs\u00fcz ve kusursuz bir sonu\u00e7 elde etmenizi sa\u011flar. Ayarlanabilir tarakl\u0131 ba\u015fl\u0131k, sa\u00e7 uzunlu\u011funa g\u00f6re kolayca ayarlanarak \u00e7e\u015fitli uzunluklarda t\u0131ra\u015f imk\u00e2n\u0131 sunar. Hassas ba\u015fl\u0131k ise burun, kulak gibi hassas b\u00f6lgelerde etkili ve g\u00fcvenli bir kullan\u0131m sa\u011flar. Setin g\u00fc\u00e7l\u00fc motoru, y\u00fcksek performansl\u0131 kesim sa\u011flar ve cildi tahri\u015f etmeden, tak\u0131lma veya \u00e7ekme olmadan kesim yapar. Cilt dostu olan bu set, kesiklere yol a\u00e7maz, b\u00f6ylece rahat bir kullan\u0131m sunar. T\u00fcm bunlar\u0131n yan\u0131 s\u0131ra ergonomik tasar\u0131m\u0131 sayesinde set olduk\u00e7a kolay kullan\u0131l\u0131r ve kullan\u0131c\u0131 dostudur. Sa\u00e7, sakal, b\u0131y\u0131k, favori t\u0131ra\u015flar\u0131n\u0131 istedi\u011finiz gibi \u015fekillendirmenizi sa\u011flayan bu set, tam anlam\u0131yla bir ki\u015fisel bak\u0131m \u00e7\u00f6z\u00fcm\u00fcd\u00fcr. Kullan\u0131m sonras\u0131nda, cihaz\u0131n \u00fczerinde kalan k\u0131llar, setle birlikte gelen f\u0131r\u00e7a ile rahatl\u0131kla temizlenebilir, b\u00f6ylece hijyenik bir bak\u0131m sa\u011flan\u0131r. Bu bak\u0131m seti, hem profesyonel hem de ki\u015fisel bak\u0131m i\u00e7in m\u00fckemmel bir tercihtir.<\/p>\n","protected":false},"excerpt":{"rendered":"<p>Erkek bak\u0131m seti, kullan\u0131c\u0131lar\u0131na profesyonel bir t\u0131ra\u015f deneyimi sunar. Setin i\u00e7inde bulunan 3 farkl\u0131 kesim ba\u015fl\u0131\u011f\u0131, farkl\u0131 t\u0131ra\u015f ihtiya\u00e7lar\u0131na g\u00f6re m\u00fckemmel \u00e7\u00f6z\u00fcmler sa\u011flar. S\u0131f\u0131r kesim ba\u015fl\u0131\u011f\u0131, s\u0131f\u0131r sakal modelini tercih edenler i\u00e7in ideal olup, p\u00fcr\u00fczs\u00fcz ve kusursuz bir sonu\u00e7 elde etmenizi sa\u011flar. Ayarlanabilir tarakl\u0131 ba\u015fl\u0131k, sa\u00e7 uzunlu\u011funa g\u00f6re kolayca ayarlanarak \u00e7e\u015fitli uzunluklarda t\u0131ra\u015f imk\u00e2n\u0131 sunar&#8230;.<\/p>\n","protected":false},"featured_media":110560,"comment_status":"open","ping_status":"closed","template":"","meta":{"_kad_post_transparent":"","_kad_post_title":"","_kad_post_layout":"","_kad_post_sidebar_id":"","_kad_post_content_style":"","_kad_post_vertical_padding":"","_kad_post_feature":"","_kad_post_feature_position":"","_kad_post_header":false,"_kad_post_footer":false,"_kad_post_classname":""},"product_brand":[],"product_cat":[14925],"product_tag":[],"class_list":{"0":"post-110561","1":"product","2":"type-product","3":"status-publish","4":"has-post-thumbnail","6":"product_cat-tiras-makinesi-tiras-makinesi","8":"first","9":"instock","10":"purchasable","11":"product-type-simple","12":"entry","13":"content-bg","14":"loop-entry"},"_links":{"self":[{"href":"https:\/\/www.hediyepazar.com\/index.php?rest_route=\/wp\/v2\/product\/110561","targetHints":{"allow":["GET"]}}],"collection":[{"href":"https:\/\/www.hediyepazar.com\/index.php?rest_route=\/wp\/v2\/product"}],"about":[{"href":"https:\/\/www.hediyepazar.com\/index.php?rest_route=\/wp\/v2\/types\/product"}],"replies":[{"embeddable":true,"href":"https:\/\/www.hediyepazar.com\/index.php?rest_route=%2Fwp%2Fv2%2Fcomments&post=110561"}],"wp:featuredmedia":[{"embeddable":true,"href":"https:\/\/www.hediyepazar.com\/index.php?rest_route=\/wp\/v2\/media\/110560"}],"wp:attachment":[{"href":"https:\/\/www.hediyepazar.com\/index.php?rest_route=%2Fwp%2Fv2%2Fmedia&parent=110561"}],"wp:term":[{"taxonomy":"product_brand","embeddable":true,"href":"https:\/\/www.hediyepazar.com\/index.php?rest_route=%2Fwp%2Fv2%2Fproduct_brand&post=110561"},{"taxonomy":"product_cat","embeddable":true,"href":"https:\/\/www.hediyepazar.com\/index.php?rest_route=%2Fwp%2Fv2%2Fproduct_cat&post=110561"},{"taxonomy":"product_tag","embeddable":true,"href":"https:\/\/www.hediyepazar.com\/index.php?rest_route=%2Fwp%2Fv2%2Fproduct_tag&post=110561"}],"curies":[{"name":"wp","href":"https:\/\/api.w.org\/{rel}","templated":true}]}}