{"id":110601,"date":"2026-05-05T04:53:44","date_gmt":"2026-05-05T07:53:44","guid":{"rendered":"https:\/\/www.hediyepazar.com\/?product=kablosuz-bluetooth-hoparlor-led-lamba"},"modified":"2026-05-05T04:53:44","modified_gmt":"2026-05-05T07:53:44","slug":"kablosuz-bluetooth-hoparlor-led-lamba","status":"publish","type":"product","link":"https:\/\/www.hediyepazar.com\/?product=kablosuz-bluetooth-hoparlor-led-lamba","title":{"rendered":"Kablosuz Bluetooth Hoparl\u00f6r Led Lamba"},"content":{"rendered":"<p>Bu hoparl\u00f6r\u00fcn ak\u0131ll\u0131 ampul tasar\u0131m\u0131, hem m\u00fczik dinlerken hem de \u00e7evrenizdeki atmosferi ayd\u0131nlat\u0131rken estetik a\u00e7\u0131dan tatmin edici bir deneyim sunar. \u015e\u0131k ve modern tasar\u0131m\u0131 ile her t\u00fcrl\u00fc dekorasyona kolayca uyum sa\u011flar. \u00d6zellikle evde, ofiste veya \u00f6zel etkinliklerde kullan\u0131labilen bu hoparl\u00f6r, sadece m\u00fczik dinlemeyi de\u011fil, ayn\u0131 zamanda bulundu\u011funuz alan\u0131 estetik bir \u015fekilde ayd\u0131nlatmay\u0131 sa\u011flar. M\u00fczik \u00e7alarken dekoratif bir \u0131\u015f\u0131k atmosferi yarat\u0131r ve mekan\u0131n havas\u0131n\u0131 de\u011fi\u015ftirir. Ak\u0131ll\u0131 ampul tasar\u0131m\u0131 sayesinde, \u0131\u015f\u0131k rengi ve parlakl\u0131k seviyesi m\u00fczikle uyumlu olarak de\u011fi\u015fir ve bu sayede hem g\u00f6rsel hem de i\u015fitsel bir deneyim ya\u015fars\u0131n\u0131z. Sadece m\u00fczik dinleme de\u011fil, ayn\u0131 zamanda g\u00f6rsel a\u00e7\u0131dan da memnun edici bir deneyim isteyenler i\u00e7in m\u00fckemmel bir se\u00e7imdir. G\u00fcn\u00fcn her saatinde, hem g\u00fcnd\u00fcz hem de gece kullanabilece\u011finiz bu hoparl\u00f6r, her ortam\u0131 daha canl\u0131 ve enerjik k\u0131lar.<\/p>\n","protected":false},"excerpt":{"rendered":"<p>Bu hoparl\u00f6r\u00fcn ak\u0131ll\u0131 ampul tasar\u0131m\u0131, hem m\u00fczik dinlerken hem de \u00e7evrenizdeki atmosferi ayd\u0131nlat\u0131rken estetik a\u00e7\u0131dan tatmin edici bir deneyim sunar. \u015e\u0131k ve modern tasar\u0131m\u0131 ile her t\u00fcrl\u00fc dekorasyona kolayca uyum sa\u011flar. \u00d6zellikle evde, ofiste veya \u00f6zel etkinliklerde kullan\u0131labilen bu hoparl\u00f6r, sadece m\u00fczik dinlemeyi de\u011fil, ayn\u0131 zamanda bulundu\u011funuz alan\u0131 estetik bir \u015fekilde ayd\u0131nlatmay\u0131 sa\u011flar. M\u00fczik \u00e7alarken&#8230;<\/p>\n","protected":false},"featured_media":110600,"comment_status":"open","ping_status":"closed","template":"","meta":{"_kad_post_transparent":"","_kad_post_title":"","_kad_post_layout":"","_kad_post_sidebar_id":"","_kad_post_content_style":"","_kad_post_vertical_padding":"","_kad_post_feature":"","_kad_post_feature_position":"","_kad_post_header":false,"_kad_post_footer":false,"_kad_post_classname":""},"product_brand":[],"product_cat":[14911],"product_tag":[],"class_list":{"0":"post-110601","1":"product","2":"type-product","3":"status-publish","4":"has-post-thumbnail","6":"product_cat-kablosuz-hoparlor-kablosuz-hoparlor","8":"first","9":"instock","10":"purchasable","11":"product-type-simple","12":"entry","13":"content-bg","14":"loop-entry"},"_links":{"self":[{"href":"https:\/\/www.hediyepazar.com\/index.php?rest_route=\/wp\/v2\/product\/110601","targetHints":{"allow":["GET"]}}],"collection":[{"href":"https:\/\/www.hediyepazar.com\/index.php?rest_route=\/wp\/v2\/product"}],"about":[{"href":"https:\/\/www.hediyepazar.com\/index.php?rest_route=\/wp\/v2\/types\/product"}],"replies":[{"embeddable":true,"href":"https:\/\/www.hediyepazar.com\/index.php?rest_route=%2Fwp%2Fv2%2Fcomments&post=110601"}],"wp:featuredmedia":[{"embeddable":true,"href":"https:\/\/www.hediyepazar.com\/index.php?rest_route=\/wp\/v2\/media\/110600"}],"wp:attachment":[{"href":"https:\/\/www.hediyepazar.com\/index.php?rest_route=%2Fwp%2Fv2%2Fmedia&parent=110601"}],"wp:term":[{"taxonomy":"product_brand","embeddable":true,"href":"https:\/\/www.hediyepazar.com\/index.php?rest_route=%2Fwp%2Fv2%2Fproduct_brand&post=110601"},{"taxonomy":"product_cat","embeddable":true,"href":"https:\/\/www.hediyepazar.com\/index.php?rest_route=%2Fwp%2Fv2%2Fproduct_cat&post=110601"},{"taxonomy":"product_tag","embeddable":true,"href":"https:\/\/www.hediyepazar.com\/index.php?rest_route=%2Fwp%2Fv2%2Fproduct_tag&post=110601"}],"curies":[{"name":"wp","href":"https:\/\/api.w.org\/{rel}","templated":true}]}}