{"id":110609,"date":"2026-05-05T04:54:11","date_gmt":"2026-05-05T07:54:11","guid":{"rendered":"https:\/\/www.hediyepazar.com\/?product=akilli-saat-arama-cevaplayan-tum-gun-saglik-ve-aktivite-takibi"},"modified":"2026-05-05T04:54:11","modified_gmt":"2026-05-05T07:54:11","slug":"akilli-saat-arama-cevaplayan-tum-gun-saglik-ve-aktivite-takibi","status":"publish","type":"product","link":"https:\/\/www.hediyepazar.com\/?product=akilli-saat-arama-cevaplayan-tum-gun-saglik-ve-aktivite-takibi","title":{"rendered":"Ak\u0131ll\u0131 Saat Arama Cevaplayan T\u00fcm G\u00fcn Sa\u011fl\u0131k ve Aktivite Takibi"},"content":{"rendered":"<p>Bu ak\u0131ll\u0131 bileklik, g\u00fcnl\u00fck ya\u015fam\u0131n\u0131z\u0131 d\u00fczenlemek ve sa\u011fl\u0131\u011f\u0131n\u0131z\u0131 kontrol alt\u0131nda tutmak i\u00e7in tasarlanm\u0131\u015ft\u0131r. Ad\u0131m sayar, yak\u0131lan kalori ve kat edilen mesafe gibi aktiviteleri izleyerek hareketlerinizi kay\u0131t alt\u0131na al\u0131r. Ko\u015fu, sit-up, ip atlama gibi spor modlar\u0131yla egzersizlerinizi daha etkili hale getirir.Kalp at\u0131\u015f h\u0131z\u0131 ve kan bas\u0131nc\u0131 \u00f6l\u00e7me \u00f6zellikleri sayesinde, sa\u011fl\u0131\u011f\u0131n\u0131z\u0131 anl\u0131k olarak takip edebilir, g\u00fcnl\u00fck de\u011fi\u015fimleri kontrol edebilirsiniz. Uyku izleme \u00f6zelli\u011fi ile uyku s\u00fcrenizi, kalitesini analiz ederek daha iyi bir uyku d\u00fczeni olu\u015fturabilirsiniz. Sedanter hat\u0131rlatma, uzun s\u00fcre hareketsiz kald\u0131\u011f\u0131n\u0131zda sizi uyararak aktif bir ya\u015fam tarz\u0131n\u0131 destekler.Ak\u0131ll\u0131 hat\u0131rlatma fonksiyonuyla \u00e7a\u011fr\u0131lar\u0131n\u0131z\u0131, mesajlar\u0131n\u0131z\u0131 ve sosyal medya bildirimlerinizi bile\u011finizden kolayca kontrol edebilirsiniz.FitPro uygulamas\u0131yla senkronize olarak \u00e7al\u0131\u015fan cihaz, verilerinizi kolayca analiz edebilmenizi sa\u011flar. IP67 su ge\u00e7irmezlik seviyesi ile g\u00fcnl\u00fck hayatta g\u00fcvenle kullanabilir, USB \u015farj sistemiyle cihaz\u0131n\u0131z\u0131 kolayca \u015farj edebilirsiniz. 80mAh batarya kapasitesi, 2-3 g\u00fcn kullan\u0131m ve 5 g\u00fcn bekleme s\u00fcresiyle uzun s\u00fcreli performans sunar.<\/p>\n","protected":false},"excerpt":{"rendered":"<p>Bu ak\u0131ll\u0131 bileklik, g\u00fcnl\u00fck ya\u015fam\u0131n\u0131z\u0131 d\u00fczenlemek ve sa\u011fl\u0131\u011f\u0131n\u0131z\u0131 kontrol alt\u0131nda tutmak i\u00e7in tasarlanm\u0131\u015ft\u0131r. Ad\u0131m sayar, yak\u0131lan kalori ve kat edilen mesafe gibi aktiviteleri izleyerek hareketlerinizi kay\u0131t alt\u0131na al\u0131r. Ko\u015fu, sit-up, ip atlama gibi spor modlar\u0131yla egzersizlerinizi daha etkili hale getirir.Kalp at\u0131\u015f h\u0131z\u0131 ve kan bas\u0131nc\u0131 \u00f6l\u00e7me \u00f6zellikleri sayesinde, sa\u011fl\u0131\u011f\u0131n\u0131z\u0131 anl\u0131k olarak takip edebilir, g\u00fcnl\u00fck de\u011fi\u015fimleri&#8230;<\/p>\n","protected":false},"featured_media":110608,"comment_status":"open","ping_status":"closed","template":"","meta":{"_kad_post_transparent":"","_kad_post_title":"","_kad_post_layout":"","_kad_post_sidebar_id":"","_kad_post_content_style":"","_kad_post_vertical_padding":"","_kad_post_feature":"","_kad_post_feature_position":"","_kad_post_header":false,"_kad_post_footer":false,"_kad_post_classname":""},"product_brand":[],"product_cat":[14935],"product_tag":[],"class_list":{"0":"post-110609","1":"product","2":"type-product","3":"status-publish","4":"has-post-thumbnail","6":"product_cat-akilli-saatler-akilli-saatler","8":"first","9":"instock","10":"purchasable","11":"product-type-simple","12":"entry","13":"content-bg","14":"loop-entry"},"_links":{"self":[{"href":"https:\/\/www.hediyepazar.com\/index.php?rest_route=\/wp\/v2\/product\/110609","targetHints":{"allow":["GET"]}}],"collection":[{"href":"https:\/\/www.hediyepazar.com\/index.php?rest_route=\/wp\/v2\/product"}],"about":[{"href":"https:\/\/www.hediyepazar.com\/index.php?rest_route=\/wp\/v2\/types\/product"}],"replies":[{"embeddable":true,"href":"https:\/\/www.hediyepazar.com\/index.php?rest_route=%2Fwp%2Fv2%2Fcomments&post=110609"}],"wp:featuredmedia":[{"embeddable":true,"href":"https:\/\/www.hediyepazar.com\/index.php?rest_route=\/wp\/v2\/media\/110608"}],"wp:attachment":[{"href":"https:\/\/www.hediyepazar.com\/index.php?rest_route=%2Fwp%2Fv2%2Fmedia&parent=110609"}],"wp:term":[{"taxonomy":"product_brand","embeddable":true,"href":"https:\/\/www.hediyepazar.com\/index.php?rest_route=%2Fwp%2Fv2%2Fproduct_brand&post=110609"},{"taxonomy":"product_cat","embeddable":true,"href":"https:\/\/www.hediyepazar.com\/index.php?rest_route=%2Fwp%2Fv2%2Fproduct_cat&post=110609"},{"taxonomy":"product_tag","embeddable":true,"href":"https:\/\/www.hediyepazar.com\/index.php?rest_route=%2Fwp%2Fv2%2Fproduct_tag&post=110609"}],"curies":[{"name":"wp","href":"https:\/\/api.w.org\/{rel}","templated":true}]}}