{"id":110621,"date":"2026-05-05T04:56:15","date_gmt":"2026-05-05T07:56:15","guid":{"rendered":"https:\/\/www.hediyepazar.com\/?product=bluetooth-kulaklik-cift-telefon-destegi-ve-suya-dayanikli-powerbankli"},"modified":"2026-05-05T04:56:15","modified_gmt":"2026-05-05T07:56:15","slug":"bluetooth-kulaklik-cift-telefon-destegi-ve-suya-dayanikli-powerbankli","status":"publish","type":"product","link":"https:\/\/www.hediyepazar.com\/?product=bluetooth-kulaklik-cift-telefon-destegi-ve-suya-dayanikli-powerbankli","title":{"rendered":"Bluetooth Kulakl\u0131k \u00c7ift Telefon Deste\u011fi ve Suya Dayan\u0131kl\u0131 Powerbankli"},"content":{"rendered":"<p>Hayat\u0131n\u0131z\u0131 daha kolay ve verimli hale getirecek bu ak\u0131ll\u0131 cihaz, g\u00fc\u00e7l\u00fc \u00f6zellikleriyle g\u00fcnl\u00fck ya\u015fam\u0131n\u0131za katk\u0131 sa\u011flar. 2 y\u0131l ithalat\u00e7\u0131 garantisi ile g\u00fcvence alt\u0131na al\u0131nan bu cihaz, olas\u0131 teknik aksakl\u0131klara kar\u015f\u0131 sizi korur ve uzun s\u00fcreli kullan\u0131m imkan\u0131 tan\u0131r. Dahili mikrofon sayesinde, ellerinizi serbest b\u0131rak\u0131rken bile net bir \u015fekilde g\u00f6r\u00fc\u015fme yapabilir, telefonunuzu elinize almadan aramalar\u0131n\u0131z\u0131 y\u00f6netebilirsiniz. Dokunmatik kontrol paneli ile m\u00fcziklerinizi kolayca y\u00f6netebilir, gelen \u00e7a\u011fr\u0131lar\u0131 cevaplayabilir ve ses seviyesini ayarlayabilirsiniz.Suya ve tere dayan\u0131kl\u0131 yap\u0131s\u0131, cihaz\u0131 d\u0131\u015f mekan aktivitelerinde, spor yaparken ya da ya\u011fmurlu g\u00fcnlerde kullanman\u0131za olanak tan\u0131r. \u00c7ift telefon deste\u011fi, ayn\u0131 anda iki cihazla senkronize olman\u0131za yard\u0131mc\u0131 olur. \u0130\u015f ve ki\u015fisel telefonlar\u0131n\u0131z\u0131 ayn\u0131 anda y\u00f6netebilir, telefonlar aras\u0131nda h\u0131zl\u0131ca ge\u00e7i\u015f yapabilirsiniz. Bu \u00f6zellikle \u00e7ok telefon kullanan profesyonel kullan\u0131c\u0131lar i\u00e7in b\u00fcy\u00fck bir avantaj sa\u011flar.Aktif g\u00fcr\u00fclt\u00fc \u00f6nleme (ANC) teknolojisi, d\u0131\u015far\u0131dan gelen g\u00fcr\u00fclt\u00fcleri engelleyerek m\u00fczik dinlerken ya da telefon g\u00f6r\u00fc\u015fmesi yaparken, en y\u00fcksek ses kalitesini elde etmenize yard\u0131mc\u0131 olur. Toplu ta\u015f\u0131ma ara\u00e7lar\u0131 veya kalabal\u0131k ortamlarda bile d\u0131\u015f d\u00fcnyan\u0131n seslerinden uzak kalarak, kesintisiz bir deneyim ya\u015fayabilirsiniz.B\u00fcy\u00fck pil kapasitesi sayesinde uzun s\u00fcreli kullan\u0131m imkan\u0131 sunar. Cihaz, yo\u011fun bir g\u00fcn boyunca enerji kayb\u0131 ya\u015famadan kullan\u0131ma devam eder ve \u015farj\u0131n\u0131z\u0131 h\u0131zl\u0131 bir \u015fekilde yeniden doldurman\u0131za olanak tan\u0131r. Y\u00fcksek kaliteli malzemeler ile \u00fcretilen cihaz, dayan\u0131kl\u0131 ve uzun \u00f6m\u00fcrl\u00fcd\u00fcr.\u015e\u0131k tasar\u0131m\u0131 ve modern g\u00f6r\u00fcn\u00fcm\u00fcyle her duruma uyum sa\u011flar. Siyah kasa rengi, hem spor hem de g\u00fcnl\u00fck kullan\u0131mda \u015f\u0131kl\u0131\u011f\u0131n\u0131z\u0131 tamamlar. Geli\u015fmi\u015f teknolojisi, ergonomik yap\u0131s\u0131 ve estetik duru\u015fuyla, bu cihaz hem i\u015flevsel hem de \u015f\u0131k bir aksesuar olarak \u00f6ne \u00e7\u0131kar.<\/p>\n","protected":false},"excerpt":{"rendered":"<p>Hayat\u0131n\u0131z\u0131 daha kolay ve verimli hale getirecek bu ak\u0131ll\u0131 cihaz, g\u00fc\u00e7l\u00fc \u00f6zellikleriyle g\u00fcnl\u00fck ya\u015fam\u0131n\u0131za katk\u0131 sa\u011flar. 2 y\u0131l ithalat\u00e7\u0131 garantisi ile g\u00fcvence alt\u0131na al\u0131nan bu cihaz, olas\u0131 teknik aksakl\u0131klara kar\u015f\u0131 sizi korur ve uzun s\u00fcreli kullan\u0131m imkan\u0131 tan\u0131r. Dahili mikrofon sayesinde, ellerinizi serbest b\u0131rak\u0131rken bile net bir \u015fekilde g\u00f6r\u00fc\u015fme yapabilir, telefonunuzu elinize almadan aramalar\u0131n\u0131z\u0131 y\u00f6netebilirsiniz&#8230;.<\/p>\n","protected":false},"featured_media":110620,"comment_status":"open","ping_status":"closed","template":"","meta":{"_kad_post_transparent":"","_kad_post_title":"","_kad_post_layout":"","_kad_post_sidebar_id":"","_kad_post_content_style":"","_kad_post_vertical_padding":"","_kad_post_feature":"","_kad_post_feature_position":"","_kad_post_header":false,"_kad_post_footer":false,"_kad_post_classname":""},"product_brand":[],"product_cat":[14957],"product_tag":[],"class_list":{"0":"post-110621","1":"product","2":"type-product","3":"status-publish","4":"has-post-thumbnail","6":"product_cat-kablosuz-kulaklik-kablosuz-kulaklik","8":"first","9":"instock","10":"purchasable","11":"product-type-simple","12":"entry","13":"content-bg","14":"loop-entry"},"_links":{"self":[{"href":"https:\/\/www.hediyepazar.com\/index.php?rest_route=\/wp\/v2\/product\/110621","targetHints":{"allow":["GET"]}}],"collection":[{"href":"https:\/\/www.hediyepazar.com\/index.php?rest_route=\/wp\/v2\/product"}],"about":[{"href":"https:\/\/www.hediyepazar.com\/index.php?rest_route=\/wp\/v2\/types\/product"}],"replies":[{"embeddable":true,"href":"https:\/\/www.hediyepazar.com\/index.php?rest_route=%2Fwp%2Fv2%2Fcomments&post=110621"}],"wp:featuredmedia":[{"embeddable":true,"href":"https:\/\/www.hediyepazar.com\/index.php?rest_route=\/wp\/v2\/media\/110620"}],"wp:attachment":[{"href":"https:\/\/www.hediyepazar.com\/index.php?rest_route=%2Fwp%2Fv2%2Fmedia&parent=110621"}],"wp:term":[{"taxonomy":"product_brand","embeddable":true,"href":"https:\/\/www.hediyepazar.com\/index.php?rest_route=%2Fwp%2Fv2%2Fproduct_brand&post=110621"},{"taxonomy":"product_cat","embeddable":true,"href":"https:\/\/www.hediyepazar.com\/index.php?rest_route=%2Fwp%2Fv2%2Fproduct_cat&post=110621"},{"taxonomy":"product_tag","embeddable":true,"href":"https:\/\/www.hediyepazar.com\/index.php?rest_route=%2Fwp%2Fv2%2Fproduct_tag&post=110621"}],"curies":[{"name":"wp","href":"https:\/\/api.w.org\/{rel}","templated":true}]}}