{"id":110631,"date":"2026-05-05T05:00:16","date_gmt":"2026-05-05T08:00:16","guid":{"rendered":"https:\/\/www.hediyepazar.com\/?product=akilli-saat-android-ve-ios-uyumlu-arama-cevaplayan-dokunmatik-ekran"},"modified":"2026-05-05T05:00:16","modified_gmt":"2026-05-05T08:00:16","slug":"akilli-saat-android-ve-ios-uyumlu-arama-cevaplayan-dokunmatik-ekran","status":"publish","type":"product","link":"https:\/\/www.hediyepazar.com\/?product=akilli-saat-android-ve-ios-uyumlu-arama-cevaplayan-dokunmatik-ekran","title":{"rendered":"Ak\u0131ll\u0131 Saat Android Ve \u0130OS Uyumlu Arama Cevaplayan Dokunmatik Ekran"},"content":{"rendered":"<p>Geli\u015fmi\u015f Dokunmatik Ekran: 2.09 in\u00e7 geni\u015f HD IPS ekran, net g\u00f6r\u00fcnt\u00fcler ve kolay kullan\u0131m sa\u011flar. Dokunmatik ekran teknolojisi, h\u0131zl\u0131 ve hassas bir kullan\u0131c\u0131 deneyimi sunar. Ba\u011flant\u0131 \u00d6zellikleri: Android ve iOS cihazlarla tamamen uyumlu olan bu saat, Bluetooth aramalar\u0131 ve bildirim g\u00f6r\u00fcnt\u00fcleme \u00f6zellikleriyle her an ba\u011flant\u0131da kalman\u0131z\u0131 sa\u011flar. Telefonunuzu elinize almadan \u00e7a\u011fr\u0131lar\u0131 kolayca y\u00f6netebilirsiniz. Sa\u011fl\u0131k ve Spor Takibi: Nab\u0131z \u00f6l\u00e7er, kalp at\u0131\u015f h\u0131z\u0131 izleme, kan bas\u0131nc\u0131 \u00f6l\u00e7\u00fcm\u00fc, uyku ve kalori takibi gibi \u00f6zelliklerle sa\u011fl\u0131\u011f\u0131n\u0131z\u0131 s\u00fcrekli izler. \u00c7oklu spor modu, egzersizlerinizi detayl\u0131 bir \u015fekilde takip etmenize olanak tan\u0131r. Dayan\u0131kl\u0131 ve \u015e\u0131k Tasar\u0131m: Toza ve suya dayan\u0131kl\u0131 tasar\u0131m\u0131 sayesinde her ko\u015fulda kullan\u0131ma uygundur. Yedi farkl\u0131 kordon se\u00e7ene\u011fiyle tarz\u0131n\u0131z\u0131 tamamlayarak, her ortamda dikkat \u00e7eken bir aksesuar haline gelir. Uzun \u00d6m\u00fcrl\u00fc Batarya: Y\u00fcksek kapasiteli polimer pili, g\u00fcn boyu kullan\u0131m sa\u011flar. Ekstra \u00f6zellikler aras\u0131nda parlakl\u0131k ayar\u0131, uzaktan foto\u011fraf \u00e7ekimi, kronometre ve telefon bulma i\u015flevleri bulunur.<\/p>\n","protected":false},"excerpt":{"rendered":"<p>Geli\u015fmi\u015f Dokunmatik Ekran: 2.09 in\u00e7 geni\u015f HD IPS ekran, net g\u00f6r\u00fcnt\u00fcler ve kolay kullan\u0131m sa\u011flar. Dokunmatik ekran teknolojisi, h\u0131zl\u0131 ve hassas bir kullan\u0131c\u0131 deneyimi sunar. Ba\u011flant\u0131 \u00d6zellikleri: Android ve iOS cihazlarla tamamen uyumlu olan bu saat, Bluetooth aramalar\u0131 ve bildirim g\u00f6r\u00fcnt\u00fcleme \u00f6zellikleriyle her an ba\u011flant\u0131da kalman\u0131z\u0131 sa\u011flar. Telefonunuzu elinize almadan \u00e7a\u011fr\u0131lar\u0131 kolayca y\u00f6netebilirsiniz. Sa\u011fl\u0131k ve&#8230;<\/p>\n","protected":false},"featured_media":110630,"comment_status":"open","ping_status":"closed","template":"","meta":{"_kad_post_transparent":"","_kad_post_title":"","_kad_post_layout":"","_kad_post_sidebar_id":"","_kad_post_content_style":"","_kad_post_vertical_padding":"","_kad_post_feature":"","_kad_post_feature_position":"","_kad_post_header":false,"_kad_post_footer":false,"_kad_post_classname":""},"product_brand":[],"product_cat":[14935],"product_tag":[],"class_list":{"0":"post-110631","1":"product","2":"type-product","3":"status-publish","4":"has-post-thumbnail","6":"product_cat-akilli-saatler-akilli-saatler","8":"first","9":"instock","10":"purchasable","11":"product-type-simple","12":"entry","13":"content-bg","14":"loop-entry"},"_links":{"self":[{"href":"https:\/\/www.hediyepazar.com\/index.php?rest_route=\/wp\/v2\/product\/110631","targetHints":{"allow":["GET"]}}],"collection":[{"href":"https:\/\/www.hediyepazar.com\/index.php?rest_route=\/wp\/v2\/product"}],"about":[{"href":"https:\/\/www.hediyepazar.com\/index.php?rest_route=\/wp\/v2\/types\/product"}],"replies":[{"embeddable":true,"href":"https:\/\/www.hediyepazar.com\/index.php?rest_route=%2Fwp%2Fv2%2Fcomments&post=110631"}],"wp:featuredmedia":[{"embeddable":true,"href":"https:\/\/www.hediyepazar.com\/index.php?rest_route=\/wp\/v2\/media\/110630"}],"wp:attachment":[{"href":"https:\/\/www.hediyepazar.com\/index.php?rest_route=%2Fwp%2Fv2%2Fmedia&parent=110631"}],"wp:term":[{"taxonomy":"product_brand","embeddable":true,"href":"https:\/\/www.hediyepazar.com\/index.php?rest_route=%2Fwp%2Fv2%2Fproduct_brand&post=110631"},{"taxonomy":"product_cat","embeddable":true,"href":"https:\/\/www.hediyepazar.com\/index.php?rest_route=%2Fwp%2Fv2%2Fproduct_cat&post=110631"},{"taxonomy":"product_tag","embeddable":true,"href":"https:\/\/www.hediyepazar.com\/index.php?rest_route=%2Fwp%2Fv2%2Fproduct_tag&post=110631"}],"curies":[{"name":"wp","href":"https:\/\/api.w.org\/{rel}","templated":true}]}}