{"id":110653,"date":"2026-05-05T05:06:30","date_gmt":"2026-05-05T08:06:30","guid":{"rendered":"https:\/\/www.hediyepazar.com\/?product=49mm-ekranli-kan-basinci-ve-adimsayar-ozellikli-bluetooth-akilli-saat"},"modified":"2026-05-05T05:06:30","modified_gmt":"2026-05-05T08:06:30","slug":"49mm-ekranli-kan-basinci-ve-adimsayar-ozellikli-bluetooth-akilli-saat","status":"publish","type":"product","link":"https:\/\/www.hediyepazar.com\/?product=49mm-ekranli-kan-basinci-ve-adimsayar-ozellikli-bluetooth-akilli-saat","title":{"rendered":"49MM Ekranl\u0131 Kan Bas\u0131nc\u0131 ve Ad\u0131msayar \u00d6zellikli Bluetooth Ak\u0131ll\u0131 Saat"},"content":{"rendered":"<p>Modern tasar\u0131m\u0131 ve \u00fcst\u00fcn teknolojisiyle bu ak\u0131ll\u0131 saat, hayat\u0131n\u0131z\u0131 kolayla\u015ft\u0131rmak i\u00e7in tasarland\u0131. 49MM dokunmatik ekran\u0131 sayesinde t\u00fcm i\u015flemleri rahatl\u0131kla kontrol edebilirsiniz. Bluetooth ba\u011flant\u0131s\u0131 ile Android ve iOS cihazlarla uyumlu \u00e7al\u0131\u015fan cihaz, sa\u011fl\u0131k takibi i\u00e7in nab\u0131z \u00f6l\u00e7er, kan bas\u0131nc\u0131 kontrol\u00fc, uyku analizi ve ad\u0131msayar \u00f6zelliklerine sahiptir. Spor modlar\u0131yla aktivitelerinizi detayl\u0131 \u015fekilde takip eder, hava durumu bilgileri ve sesli asistan ile her an\u0131n\u0131z\u0131 planlaman\u0131za yard\u0131mc\u0131 olur. Kablosuz \u015farj \u00f6zelli\u011fi ise g\u00fcnl\u00fck kullan\u0131mda b\u00fcy\u00fck kolayl\u0131k sa\u011flar.\u2022 Sa\u011fl\u0131k Takibi: Nab\u0131z, kan bas\u0131nc\u0131 ve uyku analiziyle sa\u011fl\u0131\u011f\u0131n\u0131z\u0131 kontrol edin.\u2022 Spor Modlar\u0131 ve Ad\u0131msayar: Egzersizlerinizden en iyi verimi al\u0131n.\u2022 Bluetooth ve Sesli Asistan: Cihazlar\u0131n\u0131zla kolay ba\u011flant\u0131 ve g\u00fcnl\u00fck i\u015flerinizde destek.\u2022 Wireless \u015earj: Kablosuz \u015farj teknolojisi ile pratiklik.\u2022 Hava Durumu ve Alarm: G\u00fcnl\u00fck planlamalar\u0131n\u0131z\u0131 destekleyen \u00f6zellikler.Geni\u015f ekran\u0131, \u015f\u0131k tasar\u0131m\u0131 ve kapsaml\u0131 \u00f6zellikleriyle bu ak\u0131ll\u0131 saat, her an\u0131n\u0131z\u0131 daha verimli hale getirmek i\u00e7in yan\u0131n\u0131zda!<\/p>\n","protected":false},"excerpt":{"rendered":"<p>Modern tasar\u0131m\u0131 ve \u00fcst\u00fcn teknolojisiyle bu ak\u0131ll\u0131 saat, hayat\u0131n\u0131z\u0131 kolayla\u015ft\u0131rmak i\u00e7in tasarland\u0131. 49MM dokunmatik ekran\u0131 sayesinde t\u00fcm i\u015flemleri rahatl\u0131kla kontrol edebilirsiniz. Bluetooth ba\u011flant\u0131s\u0131 ile Android ve iOS cihazlarla uyumlu \u00e7al\u0131\u015fan cihaz, sa\u011fl\u0131k takibi i\u00e7in nab\u0131z \u00f6l\u00e7er, kan bas\u0131nc\u0131 kontrol\u00fc, uyku analizi ve ad\u0131msayar \u00f6zelliklerine sahiptir. Spor modlar\u0131yla aktivitelerinizi detayl\u0131 \u015fekilde takip eder, hava durumu bilgileri&#8230;<\/p>\n","protected":false},"featured_media":110652,"comment_status":"open","ping_status":"closed","template":"","meta":{"_kad_post_transparent":"","_kad_post_title":"","_kad_post_layout":"","_kad_post_sidebar_id":"","_kad_post_content_style":"","_kad_post_vertical_padding":"","_kad_post_feature":"","_kad_post_feature_position":"","_kad_post_header":false,"_kad_post_footer":false,"_kad_post_classname":""},"product_brand":[],"product_cat":[14935],"product_tag":[],"class_list":{"0":"post-110653","1":"product","2":"type-product","3":"status-publish","4":"has-post-thumbnail","6":"product_cat-akilli-saatler-akilli-saatler","8":"first","9":"instock","10":"purchasable","11":"product-type-simple","12":"entry","13":"content-bg","14":"loop-entry"},"_links":{"self":[{"href":"https:\/\/www.hediyepazar.com\/index.php?rest_route=\/wp\/v2\/product\/110653","targetHints":{"allow":["GET"]}}],"collection":[{"href":"https:\/\/www.hediyepazar.com\/index.php?rest_route=\/wp\/v2\/product"}],"about":[{"href":"https:\/\/www.hediyepazar.com\/index.php?rest_route=\/wp\/v2\/types\/product"}],"replies":[{"embeddable":true,"href":"https:\/\/www.hediyepazar.com\/index.php?rest_route=%2Fwp%2Fv2%2Fcomments&post=110653"}],"wp:featuredmedia":[{"embeddable":true,"href":"https:\/\/www.hediyepazar.com\/index.php?rest_route=\/wp\/v2\/media\/110652"}],"wp:attachment":[{"href":"https:\/\/www.hediyepazar.com\/index.php?rest_route=%2Fwp%2Fv2%2Fmedia&parent=110653"}],"wp:term":[{"taxonomy":"product_brand","embeddable":true,"href":"https:\/\/www.hediyepazar.com\/index.php?rest_route=%2Fwp%2Fv2%2Fproduct_brand&post=110653"},{"taxonomy":"product_cat","embeddable":true,"href":"https:\/\/www.hediyepazar.com\/index.php?rest_route=%2Fwp%2Fv2%2Fproduct_cat&post=110653"},{"taxonomy":"product_tag","embeddable":true,"href":"https:\/\/www.hediyepazar.com\/index.php?rest_route=%2Fwp%2Fv2%2Fproduct_tag&post=110653"}],"curies":[{"name":"wp","href":"https:\/\/api.w.org\/{rel}","templated":true}]}}