{"id":110659,"date":"2026-05-05T05:06:46","date_gmt":"2026-05-05T08:06:46","guid":{"rendered":"https:\/\/www.hediyepazar.com\/?product=hdmi-ve-full-hd-teknolojili-160-ansi-lumen-kablosuz-projeksiyon"},"modified":"2026-05-05T05:06:46","modified_gmt":"2026-05-05T08:06:46","slug":"hdmi-ve-full-hd-teknolojili-160-ansi-lumen-kablosuz-projeksiyon","status":"publish","type":"product","link":"https:\/\/www.hediyepazar.com\/?product=hdmi-ve-full-hd-teknolojili-160-ansi-lumen-kablosuz-projeksiyon","title":{"rendered":"HDMI ve Full HD Teknolojili 160 ANSI L\u00fcmen Kablosuz Projeksiyon"},"content":{"rendered":"<p>Ultra Pro projeksiyon cihaz\u0131 ile izleme deneyiminizi zirveye ta\u015f\u0131y\u0131n! Full HD \u00e7\u00f6z\u00fcn\u00fcrl\u00fck, 4K uyumluluk ve 160 ANSI l\u00fcmen parlakl\u0131k ile net ve keskin g\u00f6r\u00fcnt\u00fclerin keyfini \u00e7\u0131karabilirsiniz. 130 in\u00e7 geni\u015f ekran deste\u011fi sayesinde her i\u00e7eri\u011fi sinema salonunda izliyormu\u015f gibi hissedersiniz. Kablosuz ba\u011flant\u0131 \u00f6zelli\u011fi ile i\u00e7eriklerinizi zahmetsizce aktarabilir, USB ve HDMI ba\u011flant\u0131lar\u0131 sayesinde \u00e7ok y\u00f6nl\u00fc kullan\u0131m avantaj\u0131na sahip olabilirsiniz.Full HD ve 4K Destekli G\u00f6r\u00fcnt\u00fc: Her sahneyi detayl\u0131 ve etkileyici \u015fekilde izleyin.130 \u0130n\u00e7 Sinema Deneyimi: Geni\u015f ekranla daha fazla keyif al\u0131n.Kablosuz ve Kablolu Ba\u011flant\u0131 Se\u00e7enekleri: USB ve HDMI giri\u015fleri ile t\u00fcm cihazlar\u0131n\u0131za uyumlu.160 ANSI L\u00fcmen Parlakl\u0131k: Ayd\u0131nl\u0131k ve karanl\u0131k ortamlarda canl\u0131 ve net g\u00f6r\u00fcnt\u00fcler.Uzun \u00d6m\u00fcrl\u00fc Kullan\u0131m: 5000 saatlik ampul \u00f6mr\u00fc ile y\u0131llarca kesintisiz performans.Evde, ofiste veya etkinliklerde y\u00fcksek kaliteli bir projeksiyon deneyimi arayanlar i\u00e7in m\u00fckemmel bir \u00e7\u00f6z\u00fcm!<\/p>\n","protected":false},"excerpt":{"rendered":"<p>Ultra Pro projeksiyon cihaz\u0131 ile izleme deneyiminizi zirveye ta\u015f\u0131y\u0131n! Full HD \u00e7\u00f6z\u00fcn\u00fcrl\u00fck, 4K uyumluluk ve 160 ANSI l\u00fcmen parlakl\u0131k ile net ve keskin g\u00f6r\u00fcnt\u00fclerin keyfini \u00e7\u0131karabilirsiniz. 130 in\u00e7 geni\u015f ekran deste\u011fi sayesinde her i\u00e7eri\u011fi sinema salonunda izliyormu\u015f gibi hissedersiniz. Kablosuz ba\u011flant\u0131 \u00f6zelli\u011fi ile i\u00e7eriklerinizi zahmetsizce aktarabilir, USB ve HDMI ba\u011flant\u0131lar\u0131 sayesinde \u00e7ok y\u00f6nl\u00fc kullan\u0131m avantaj\u0131na&#8230;<\/p>\n","protected":false},"featured_media":110658,"comment_status":"open","ping_status":"closed","template":"","meta":{"_kad_post_transparent":"","_kad_post_title":"","_kad_post_layout":"","_kad_post_sidebar_id":"","_kad_post_content_style":"","_kad_post_vertical_padding":"","_kad_post_feature":"","_kad_post_feature_position":"","_kad_post_header":false,"_kad_post_footer":false,"_kad_post_classname":""},"product_brand":[],"product_cat":[14905],"product_tag":[],"class_list":{"0":"post-110659","1":"product","2":"type-product","3":"status-publish","4":"has-post-thumbnail","6":"product_cat-projeksiyon-projeksiyon","8":"first","9":"instock","10":"purchasable","11":"product-type-simple","12":"entry","13":"content-bg","14":"loop-entry"},"_links":{"self":[{"href":"https:\/\/www.hediyepazar.com\/index.php?rest_route=\/wp\/v2\/product\/110659","targetHints":{"allow":["GET"]}}],"collection":[{"href":"https:\/\/www.hediyepazar.com\/index.php?rest_route=\/wp\/v2\/product"}],"about":[{"href":"https:\/\/www.hediyepazar.com\/index.php?rest_route=\/wp\/v2\/types\/product"}],"replies":[{"embeddable":true,"href":"https:\/\/www.hediyepazar.com\/index.php?rest_route=%2Fwp%2Fv2%2Fcomments&post=110659"}],"wp:featuredmedia":[{"embeddable":true,"href":"https:\/\/www.hediyepazar.com\/index.php?rest_route=\/wp\/v2\/media\/110658"}],"wp:attachment":[{"href":"https:\/\/www.hediyepazar.com\/index.php?rest_route=%2Fwp%2Fv2%2Fmedia&parent=110659"}],"wp:term":[{"taxonomy":"product_brand","embeddable":true,"href":"https:\/\/www.hediyepazar.com\/index.php?rest_route=%2Fwp%2Fv2%2Fproduct_brand&post=110659"},{"taxonomy":"product_cat","embeddable":true,"href":"https:\/\/www.hediyepazar.com\/index.php?rest_route=%2Fwp%2Fv2%2Fproduct_cat&post=110659"},{"taxonomy":"product_tag","embeddable":true,"href":"https:\/\/www.hediyepazar.com\/index.php?rest_route=%2Fwp%2Fv2%2Fproduct_tag&post=110659"}],"curies":[{"name":"wp","href":"https:\/\/api.w.org\/{rel}","templated":true}]}}