{"id":110665,"date":"2026-05-05T05:07:36","date_gmt":"2026-05-05T08:07:36","guid":{"rendered":"https:\/\/www.hediyepazar.com\/?product=mikrofonlu-gurultu-engelleyici-ve-dayanikli-kulaklik-oyun-performansinizi-zirveye-tasiyin"},"modified":"2026-05-05T05:07:36","modified_gmt":"2026-05-05T08:07:36","slug":"mikrofonlu-gurultu-engelleyici-ve-dayanikli-kulaklik-oyun-performansinizi-zirveye-tasiyin","status":"publish","type":"product","link":"https:\/\/www.hediyepazar.com\/?product=mikrofonlu-gurultu-engelleyici-ve-dayanikli-kulaklik-oyun-performansinizi-zirveye-tasiyin","title":{"rendered":"Mikrofonlu G\u00fcr\u00fclt\u00fc Engelleyici ve Dayan\u0131kl\u0131 Kulakl\u0131k: Oyun Performans\u0131n\u0131z\u0131 Zirveye Ta\u015f\u0131y\u0131n"},"content":{"rendered":"<p>Oyun tutkunlar\u0131 i\u00e7in \u00f6zel olarak geli\u015ftirilen bu kablolu oyuncu kulakl\u0131\u011f\u0131, y\u00fcksek ses kalitesi ve g\u00fc\u00e7l\u00fc bass \u00f6zellikleriyle oyun deneyiminizi \u00fcst seviyeye ta\u015f\u0131r. Aktif g\u00fcr\u00fclt\u00fc engelleme \u00f6zelli\u011fi sayesinde d\u0131\u015f sesleri minimuma indirir, dikkat da\u011f\u0131n\u0131kl\u0131\u011f\u0131n\u0131 \u00f6nler. Kulak \u00fcst\u00fc ergonomik tasar\u0131m\u0131 uzun s\u00fcreli kullan\u0131mda dahi konfor sunar. Suya ve tere dayan\u0131kl\u0131 yap\u0131s\u0131yla her ortamda sorunsuz bir \u015fekilde kullan\u0131labilir.<\/p>\n","protected":false},"excerpt":{"rendered":"<p>Oyun tutkunlar\u0131 i\u00e7in \u00f6zel olarak geli\u015ftirilen bu kablolu oyuncu kulakl\u0131\u011f\u0131, y\u00fcksek ses kalitesi ve g\u00fc\u00e7l\u00fc bass \u00f6zellikleriyle oyun deneyiminizi \u00fcst seviyeye ta\u015f\u0131r. Aktif g\u00fcr\u00fclt\u00fc engelleme \u00f6zelli\u011fi sayesinde d\u0131\u015f sesleri minimuma indirir, dikkat da\u011f\u0131n\u0131kl\u0131\u011f\u0131n\u0131 \u00f6nler. Kulak \u00fcst\u00fc ergonomik tasar\u0131m\u0131 uzun s\u00fcreli kullan\u0131mda dahi konfor sunar. Suya ve tere dayan\u0131kl\u0131 yap\u0131s\u0131yla her ortamda sorunsuz bir \u015fekilde kullan\u0131labilir.<\/p>\n","protected":false},"featured_media":110664,"comment_status":"open","ping_status":"closed","template":"","meta":{"_kad_post_transparent":"","_kad_post_title":"","_kad_post_layout":"","_kad_post_sidebar_id":"","_kad_post_content_style":"","_kad_post_vertical_padding":"","_kad_post_feature":"","_kad_post_feature_position":"","_kad_post_header":false,"_kad_post_footer":false,"_kad_post_classname":""},"product_brand":[],"product_cat":[14957],"product_tag":[],"class_list":{"0":"post-110665","1":"product","2":"type-product","3":"status-publish","4":"has-post-thumbnail","6":"product_cat-kablosuz-kulaklik-kablosuz-kulaklik","8":"first","9":"instock","10":"purchasable","11":"product-type-simple","12":"entry","13":"content-bg","14":"loop-entry"},"_links":{"self":[{"href":"https:\/\/www.hediyepazar.com\/index.php?rest_route=\/wp\/v2\/product\/110665","targetHints":{"allow":["GET"]}}],"collection":[{"href":"https:\/\/www.hediyepazar.com\/index.php?rest_route=\/wp\/v2\/product"}],"about":[{"href":"https:\/\/www.hediyepazar.com\/index.php?rest_route=\/wp\/v2\/types\/product"}],"replies":[{"embeddable":true,"href":"https:\/\/www.hediyepazar.com\/index.php?rest_route=%2Fwp%2Fv2%2Fcomments&post=110665"}],"wp:featuredmedia":[{"embeddable":true,"href":"https:\/\/www.hediyepazar.com\/index.php?rest_route=\/wp\/v2\/media\/110664"}],"wp:attachment":[{"href":"https:\/\/www.hediyepazar.com\/index.php?rest_route=%2Fwp%2Fv2%2Fmedia&parent=110665"}],"wp:term":[{"taxonomy":"product_brand","embeddable":true,"href":"https:\/\/www.hediyepazar.com\/index.php?rest_route=%2Fwp%2Fv2%2Fproduct_brand&post=110665"},{"taxonomy":"product_cat","embeddable":true,"href":"https:\/\/www.hediyepazar.com\/index.php?rest_route=%2Fwp%2Fv2%2Fproduct_cat&post=110665"},{"taxonomy":"product_tag","embeddable":true,"href":"https:\/\/www.hediyepazar.com\/index.php?rest_route=%2Fwp%2Fv2%2Fproduct_tag&post=110665"}],"curies":[{"name":"wp","href":"https:\/\/api.w.org\/{rel}","templated":true}]}}