{"id":110675,"date":"2026-05-05T05:08:40","date_gmt":"2026-05-05T08:08:40","guid":{"rendered":"https:\/\/www.hediyepazar.com\/?product=bluetooth-ve-uzaktan-kumandali-cok-renkli-masaustu-disko-topu"},"modified":"2026-05-05T05:08:40","modified_gmt":"2026-05-05T08:08:40","slug":"bluetooth-ve-uzaktan-kumandali-cok-renkli-masaustu-disko-topu","status":"publish","type":"product","link":"https:\/\/www.hediyepazar.com\/?product=bluetooth-ve-uzaktan-kumandali-cok-renkli-masaustu-disko-topu","title":{"rendered":"Bluetooth ve Uzaktan Kumandal\u0131 \u00c7ok Renkli Masa\u00fcst\u00fc Disko Topu"},"content":{"rendered":"<p>E\u011flence anlay\u0131\u015f\u0131n\u0131z\u0131 bir \u00fcst seviyeye ta\u015f\u0131y\u0131n! Masa\u00fcst\u00fc disko topu \u0131\u015f\u0131klar\u0131yla her ortam\u0131 renkli bir dans pistine d\u00f6n\u00fc\u015ft\u00fcrmek art\u0131k \u00e7ok kolay. Bu yenilik\u00e7i \u00fcr\u00fcn, tavan\u0131n\u0131za yans\u0131yan b\u00fcy\u00fcleyici \u0131\u015f\u0131k efektleriyle hem arkada\u015flar\u0131n\u0131z\u0131 hayran b\u0131rakacak hem de unutulmaz an\u0131lar biriktirmenizi sa\u011flayacak.\u2022 Sihirli I\u015f\u0131k G\u00f6sterisi: \u00c7ok renkli desenler ve dinamik efektlerle e\u011flenceyi doru\u011fa \u00e7\u0131kar\u0131n.\u2022 Bluetooth Ba\u011flant\u0131s\u0131: Ak\u0131ll\u0131 telefonunuzla e\u015fle\u015ftirin, \u0131\u015f\u0131k efektlerini an\u0131nda \u00f6zelle\u015ftirin ve DJ ruhunuzu konu\u015fturun.\u2022 Hafif ve Portatif: \u0130ster evde ister d\u0131\u015far\u0131da, bu kompakt cihaz\u0131 kolayca ta\u015f\u0131yarak her an e\u011flenceye haz\u0131r olun.\u2022 Uzaktan Kumanda Kolayl\u0131\u011f\u0131: Rahatl\u0131\u011f\u0131n\u0131zdan \u00f6d\u00fcn vermeden, \u0131\u015f\u0131klar\u0131 diledi\u011finiz gibi y\u00f6netin.Kimler \u0130\u00e7in Uygun? Ev partilerinden d\u00fc\u011f\u00fcnlere, do\u011fum g\u00fcnlerinden organizasyonlara kadar her an\u0131 renklendirmek isteyenler i\u00e7in m\u00fckemmel bir se\u00e7im!<\/p>\n","protected":false},"excerpt":{"rendered":"<p>E\u011flence anlay\u0131\u015f\u0131n\u0131z\u0131 bir \u00fcst seviyeye ta\u015f\u0131y\u0131n! Masa\u00fcst\u00fc disko topu \u0131\u015f\u0131klar\u0131yla her ortam\u0131 renkli bir dans pistine d\u00f6n\u00fc\u015ft\u00fcrmek art\u0131k \u00e7ok kolay. Bu yenilik\u00e7i \u00fcr\u00fcn, tavan\u0131n\u0131za yans\u0131yan b\u00fcy\u00fcleyici \u0131\u015f\u0131k efektleriyle hem arkada\u015flar\u0131n\u0131z\u0131 hayran b\u0131rakacak hem de unutulmaz an\u0131lar biriktirmenizi sa\u011flayacak.\u2022 Sihirli I\u015f\u0131k G\u00f6sterisi: \u00c7ok renkli desenler ve dinamik efektlerle e\u011flenceyi doru\u011fa \u00e7\u0131kar\u0131n.\u2022 Bluetooth Ba\u011flant\u0131s\u0131: Ak\u0131ll\u0131 telefonunuzla e\u015fle\u015ftirin,&#8230;<\/p>\n","protected":false},"featured_media":110674,"comment_status":"open","ping_status":"closed","template":"","meta":{"_kad_post_transparent":"","_kad_post_title":"","_kad_post_layout":"","_kad_post_sidebar_id":"","_kad_post_content_style":"","_kad_post_vertical_padding":"","_kad_post_feature":"","_kad_post_feature_position":"","_kad_post_header":false,"_kad_post_footer":false,"_kad_post_classname":""},"product_brand":[],"product_cat":[14967],"product_tag":[],"class_list":{"0":"post-110675","1":"product","2":"type-product","3":"status-publish","4":"has-post-thumbnail","6":"product_cat-gece-lambasi-gece-lambasi","8":"first","9":"instock","10":"purchasable","11":"product-type-simple","12":"entry","13":"content-bg","14":"loop-entry"},"_links":{"self":[{"href":"https:\/\/www.hediyepazar.com\/index.php?rest_route=\/wp\/v2\/product\/110675","targetHints":{"allow":["GET"]}}],"collection":[{"href":"https:\/\/www.hediyepazar.com\/index.php?rest_route=\/wp\/v2\/product"}],"about":[{"href":"https:\/\/www.hediyepazar.com\/index.php?rest_route=\/wp\/v2\/types\/product"}],"replies":[{"embeddable":true,"href":"https:\/\/www.hediyepazar.com\/index.php?rest_route=%2Fwp%2Fv2%2Fcomments&post=110675"}],"wp:featuredmedia":[{"embeddable":true,"href":"https:\/\/www.hediyepazar.com\/index.php?rest_route=\/wp\/v2\/media\/110674"}],"wp:attachment":[{"href":"https:\/\/www.hediyepazar.com\/index.php?rest_route=%2Fwp%2Fv2%2Fmedia&parent=110675"}],"wp:term":[{"taxonomy":"product_brand","embeddable":true,"href":"https:\/\/www.hediyepazar.com\/index.php?rest_route=%2Fwp%2Fv2%2Fproduct_brand&post=110675"},{"taxonomy":"product_cat","embeddable":true,"href":"https:\/\/www.hediyepazar.com\/index.php?rest_route=%2Fwp%2Fv2%2Fproduct_cat&post=110675"},{"taxonomy":"product_tag","embeddable":true,"href":"https:\/\/www.hediyepazar.com\/index.php?rest_route=%2Fwp%2Fv2%2Fproduct_tag&post=110675"}],"curies":[{"name":"wp","href":"https:\/\/api.w.org\/{rel}","templated":true}]}}