{"id":110677,"date":"2026-05-05T05:08:44","date_gmt":"2026-05-05T08:08:44","guid":{"rendered":"https:\/\/www.hediyepazar.com\/?product=kablosuz-sarjli-cagri-ve-muzik-kontrolu-saglayan-akilli-saat"},"modified":"2026-05-05T05:08:44","modified_gmt":"2026-05-05T08:08:44","slug":"kablosuz-sarjli-cagri-ve-muzik-kontrolu-saglayan-akilli-saat","status":"publish","type":"product","link":"https:\/\/www.hediyepazar.com\/?product=kablosuz-sarjli-cagri-ve-muzik-kontrolu-saglayan-akilli-saat","title":{"rendered":"Kablosuz \u015earjl\u0131 \u00c7a\u011fr\u0131 ve M\u00fczik Kontrol\u00fc Sa\u011flayan Ak\u0131ll\u0131 Saat"},"content":{"rendered":"<p>Spor ve sa\u011fl\u0131k merakl\u0131lar\u0131 i\u00e7in \u00f6zel olarak geli\u015ftirilen bu ak\u0131ll\u0131 saat, hayat\u0131n\u0131z\u0131 kolayla\u015ft\u0131rmak i\u00e7in bir\u00e7ok \u00f6zelli\u011fi bir araya getiriyor. Kalp at\u0131\u015f h\u0131z\u0131, kan bas\u0131nc\u0131 ve kandaki oksijen oran\u0131 \u00f6l\u00e7me fonksiyonlar\u0131 ile sa\u011fl\u0131k durumunuzu her an kontrol alt\u0131nda tutabilirsiniz. Ad\u0131msayar, kalori t\u00fcketimi takibi, egzersiz mesafesi kayd\u0131 ve uyku izleme \u00f6zellikleriyle aktivitelerinizi detayl\u0131 \u015fekilde analiz edin.Bluetooth ba\u011flant\u0131s\u0131 sayesinde telefonunuzla uyum i\u00e7inde \u00e7al\u0131\u015fan bu saat, m\u00fczik dinleme, \u00e7a\u011fr\u0131 hat\u0131rlatma, arama kayd\u0131, rehber eri\u015fimi, iki y\u00f6nl\u00fc arama ve telefon bulma gibi \u00f6zelliklerle donat\u0131lm\u0131\u015ft\u0131r. Titre\u015fimli \u00e7alar saat, kronometre, hava durumu takibi ve sesli asistan fonksiyonlar\u0131yla g\u00fcnl\u00fck ihtiya\u00e7lar\u0131n\u0131za h\u0131zl\u0131 \u00e7\u00f6z\u00fcmler sunar.Tam dokunmatik ekran, kablosuz \u015farj deste\u011fi ve de\u011fi\u015ftirilebilir temalar, bu saati hem kullan\u0131\u015fl\u0131 hem de ki\u015fiselle\u015ftirilebilir bir cihaz haline getiriyor. Sa\u011fl\u0131k takibi ve \u015f\u0131k bir aksesuar arayan herkes i\u00e7in ideal bir se\u00e7im!<\/p>\n","protected":false},"excerpt":{"rendered":"<p>Spor ve sa\u011fl\u0131k merakl\u0131lar\u0131 i\u00e7in \u00f6zel olarak geli\u015ftirilen bu ak\u0131ll\u0131 saat, hayat\u0131n\u0131z\u0131 kolayla\u015ft\u0131rmak i\u00e7in bir\u00e7ok \u00f6zelli\u011fi bir araya getiriyor. Kalp at\u0131\u015f h\u0131z\u0131, kan bas\u0131nc\u0131 ve kandaki oksijen oran\u0131 \u00f6l\u00e7me fonksiyonlar\u0131 ile sa\u011fl\u0131k durumunuzu her an kontrol alt\u0131nda tutabilirsiniz. Ad\u0131msayar, kalori t\u00fcketimi takibi, egzersiz mesafesi kayd\u0131 ve uyku izleme \u00f6zellikleriyle aktivitelerinizi detayl\u0131 \u015fekilde analiz edin.Bluetooth ba\u011flant\u0131s\u0131&#8230;<\/p>\n","protected":false},"featured_media":110676,"comment_status":"open","ping_status":"closed","template":"","meta":{"_kad_post_transparent":"","_kad_post_title":"","_kad_post_layout":"","_kad_post_sidebar_id":"","_kad_post_content_style":"","_kad_post_vertical_padding":"","_kad_post_feature":"","_kad_post_feature_position":"","_kad_post_header":false,"_kad_post_footer":false,"_kad_post_classname":""},"product_brand":[],"product_cat":[14935],"product_tag":[],"class_list":{"0":"post-110677","1":"product","2":"type-product","3":"status-publish","4":"has-post-thumbnail","6":"product_cat-akilli-saatler-akilli-saatler","8":"first","9":"instock","10":"purchasable","11":"product-type-simple","12":"entry","13":"content-bg","14":"loop-entry"},"_links":{"self":[{"href":"https:\/\/www.hediyepazar.com\/index.php?rest_route=\/wp\/v2\/product\/110677","targetHints":{"allow":["GET"]}}],"collection":[{"href":"https:\/\/www.hediyepazar.com\/index.php?rest_route=\/wp\/v2\/product"}],"about":[{"href":"https:\/\/www.hediyepazar.com\/index.php?rest_route=\/wp\/v2\/types\/product"}],"replies":[{"embeddable":true,"href":"https:\/\/www.hediyepazar.com\/index.php?rest_route=%2Fwp%2Fv2%2Fcomments&post=110677"}],"wp:featuredmedia":[{"embeddable":true,"href":"https:\/\/www.hediyepazar.com\/index.php?rest_route=\/wp\/v2\/media\/110676"}],"wp:attachment":[{"href":"https:\/\/www.hediyepazar.com\/index.php?rest_route=%2Fwp%2Fv2%2Fmedia&parent=110677"}],"wp:term":[{"taxonomy":"product_brand","embeddable":true,"href":"https:\/\/www.hediyepazar.com\/index.php?rest_route=%2Fwp%2Fv2%2Fproduct_brand&post=110677"},{"taxonomy":"product_cat","embeddable":true,"href":"https:\/\/www.hediyepazar.com\/index.php?rest_route=%2Fwp%2Fv2%2Fproduct_cat&post=110677"},{"taxonomy":"product_tag","embeddable":true,"href":"https:\/\/www.hediyepazar.com\/index.php?rest_route=%2Fwp%2Fv2%2Fproduct_tag&post=110677"}],"curies":[{"name":"wp","href":"https:\/\/api.w.org\/{rel}","templated":true}]}}