{"id":110679,"date":"2026-05-05T05:08:59","date_gmt":"2026-05-05T08:08:59","guid":{"rendered":"https:\/\/www.hediyepazar.com\/?product=adimsayar-uyku-takibi-ve-spor-kalori-hesaplama-akilli-saat"},"modified":"2026-05-05T05:08:59","modified_gmt":"2026-05-05T08:08:59","slug":"adimsayar-uyku-takibi-ve-spor-kalori-hesaplama-akilli-saat","status":"publish","type":"product","link":"https:\/\/www.hediyepazar.com\/?product=adimsayar-uyku-takibi-ve-spor-kalori-hesaplama-akilli-saat","title":{"rendered":"Ad\u0131msayar Uyku Takibi ve Spor Kalori Hesaplama Ak\u0131ll\u0131 Saat"},"content":{"rendered":"<p>Modern teknolojiyi \u015f\u0131k bir tasar\u0131mla bulu\u015fturan bu ak\u0131ll\u0131 saat, g\u00fcn boyunca hem sa\u011fl\u0131\u011f\u0131n\u0131z\u0131 hem de aktivitelerinizi izler. Kalp at\u0131\u015f h\u0131z\u0131, kan bas\u0131nc\u0131 ve kandaki oksijen seviyesi gibi sa\u011fl\u0131k g\u00f6stergelerinizi an\u0131nda takip edin. Ad\u0131msayar, kalori t\u00fcketimi, egzersiz kilometre kayd\u0131 ve uyku izleme gibi detayl\u0131 spor \u00f6zellikleriyle hedeflerinize kolayca ula\u015fabilirsiniz.Bluetooth ba\u011flant\u0131s\u0131 sayesinde cep telefonunuzla senkronize \u00e7al\u0131\u015fan cihaz, m\u00fczik dinleme, \u00e7a\u011fr\u0131 hat\u0131rlatma, arama kayd\u0131, iki y\u00f6nl\u00fc arama ve telefon bulma gibi bir\u00e7ok ekstra \u00f6zellik sunar. Titre\u015fimli alarm, kronometre, hava durumu takibi ve sesli asistan deste\u011fi g\u00fcnl\u00fck ya\u015fam\u0131n\u0131z\u0131 kolayla\u015ft\u0131r\u0131r. Ayr\u0131ca de\u011fi\u015ftirilebilir temalar ile cihaz\u0131n\u0131z\u0131 ki\u015fiselle\u015ftirebilirsiniz.Kablosuz \u015farj ve tam dokunmatik ekran gibi \u00f6zellikler, kullan\u0131m kolayl\u0131\u011f\u0131n\u0131 art\u0131r\u0131rken, zarif tasar\u0131m\u0131yla da stilinizi tamamlar. Sporcular, sa\u011fl\u0131k tutkunlar\u0131 ve yo\u011fun bir ya\u015fam tarz\u0131na sahip olanlar i\u00e7in m\u00fckemmel bir se\u00e7im!<\/p>\n","protected":false},"excerpt":{"rendered":"<p>Modern teknolojiyi \u015f\u0131k bir tasar\u0131mla bulu\u015fturan bu ak\u0131ll\u0131 saat, g\u00fcn boyunca hem sa\u011fl\u0131\u011f\u0131n\u0131z\u0131 hem de aktivitelerinizi izler. Kalp at\u0131\u015f h\u0131z\u0131, kan bas\u0131nc\u0131 ve kandaki oksijen seviyesi gibi sa\u011fl\u0131k g\u00f6stergelerinizi an\u0131nda takip edin. Ad\u0131msayar, kalori t\u00fcketimi, egzersiz kilometre kayd\u0131 ve uyku izleme gibi detayl\u0131 spor \u00f6zellikleriyle hedeflerinize kolayca ula\u015fabilirsiniz.Bluetooth ba\u011flant\u0131s\u0131 sayesinde cep telefonunuzla senkronize \u00e7al\u0131\u015fan cihaz,&#8230;<\/p>\n","protected":false},"featured_media":110678,"comment_status":"open","ping_status":"closed","template":"","meta":{"_kad_post_transparent":"","_kad_post_title":"","_kad_post_layout":"","_kad_post_sidebar_id":"","_kad_post_content_style":"","_kad_post_vertical_padding":"","_kad_post_feature":"","_kad_post_feature_position":"","_kad_post_header":false,"_kad_post_footer":false,"_kad_post_classname":""},"product_brand":[],"product_cat":[14935],"product_tag":[],"class_list":{"0":"post-110679","1":"product","2":"type-product","3":"status-publish","4":"has-post-thumbnail","6":"product_cat-akilli-saatler-akilli-saatler","8":"first","9":"instock","10":"purchasable","11":"product-type-simple","12":"entry","13":"content-bg","14":"loop-entry"},"_links":{"self":[{"href":"https:\/\/www.hediyepazar.com\/index.php?rest_route=\/wp\/v2\/product\/110679","targetHints":{"allow":["GET"]}}],"collection":[{"href":"https:\/\/www.hediyepazar.com\/index.php?rest_route=\/wp\/v2\/product"}],"about":[{"href":"https:\/\/www.hediyepazar.com\/index.php?rest_route=\/wp\/v2\/types\/product"}],"replies":[{"embeddable":true,"href":"https:\/\/www.hediyepazar.com\/index.php?rest_route=%2Fwp%2Fv2%2Fcomments&post=110679"}],"wp:featuredmedia":[{"embeddable":true,"href":"https:\/\/www.hediyepazar.com\/index.php?rest_route=\/wp\/v2\/media\/110678"}],"wp:attachment":[{"href":"https:\/\/www.hediyepazar.com\/index.php?rest_route=%2Fwp%2Fv2%2Fmedia&parent=110679"}],"wp:term":[{"taxonomy":"product_brand","embeddable":true,"href":"https:\/\/www.hediyepazar.com\/index.php?rest_route=%2Fwp%2Fv2%2Fproduct_brand&post=110679"},{"taxonomy":"product_cat","embeddable":true,"href":"https:\/\/www.hediyepazar.com\/index.php?rest_route=%2Fwp%2Fv2%2Fproduct_cat&post=110679"},{"taxonomy":"product_tag","embeddable":true,"href":"https:\/\/www.hediyepazar.com\/index.php?rest_route=%2Fwp%2Fv2%2Fproduct_tag&post=110679"}],"curies":[{"name":"wp","href":"https:\/\/api.w.org\/{rel}","templated":true}]}}