{"id":110683,"date":"2026-05-05T05:09:12","date_gmt":"2026-05-05T08:09:12","guid":{"rendered":"https:\/\/www.hediyepazar.com\/?product=cift-kordonlu-yuksek-cozunurluklu-akilli-saat-uyku-izleyici-spor-modlari"},"modified":"2026-05-05T05:09:12","modified_gmt":"2026-05-05T08:09:12","slug":"cift-kordonlu-yuksek-cozunurluklu-akilli-saat-uyku-izleyici-spor-modlari","status":"publish","type":"product","link":"https:\/\/www.hediyepazar.com\/?product=cift-kordonlu-yuksek-cozunurluklu-akilli-saat-uyku-izleyici-spor-modlari","title":{"rendered":"\u00c7ift Kordonlu Y\u00fcksek \u00c7\u00f6z\u00fcn\u00fcrl\u00fckl\u00fc Ak\u0131ll\u0131 Saat Uyku \u0130zleyici &#038; Spor Modlar\u0131"},"content":{"rendered":"<p>Ak\u0131ll\u0131 Saatte Sa\u011fl\u0131k, Spor ve Konfor Bir Arada!Yeni nesil ak\u0131ll\u0131 saat, geli\u015fmi\u015f \u00f6zellikleriyle g\u00fcnl\u00fck ya\u015fam\u0131n\u0131za de\u011fer katar:\u2022 Bluetooth 5.0 &#038; Sesli Asistan: H\u0131zl\u0131 ve g\u00fcvenilir ba\u011flant\u0131 ile aramalar\u0131n\u0131z\u0131 y\u00f6netin, bildirimlerinizi kontrol edin ve sesli asistanla i\u015flemlerinizi kolayla\u015ft\u0131r\u0131n.\u2022 Sa\u011fl\u0131k Y\u00f6netimi: EKG, tansiyon, nab\u0131z \u00f6l\u00e7\u00fcm\u00fc, v\u00fccut s\u0131cakl\u0131\u011f\u0131 kontrol\u00fc ve uyku takibi ile sa\u011fl\u0131\u011f\u0131n\u0131z\u0131 her an izleyin.\u2022 Spor Modlar\u0131 ve Kalori Takibi: Farkl\u0131 spor modlar\u0131 ile antrenmanlar\u0131n\u0131z\u0131 optimize edin ve harcad\u0131\u011f\u0131n\u0131z kaloriyi takip edin.\u2022 Suya Dayan\u0131kl\u0131 ve NFC Deste\u011fi: Suya dayan\u0131kl\u0131l\u0131\u011f\u0131yla her ortamda kullanabilir, NFC \u00f6zelli\u011fi ile temass\u0131z \u00f6deme yapabilirsiniz.\u2022 Y\u00fcksek \u00c7\u00f6z\u00fcn\u00fcrl\u00fckl\u00fc Dokunmatik Ekran: B\u00fcy\u00fck ve net ekran\u0131yla t\u00fcm detaylara hakim olun.\u2022 Kablosuz \u015earj: Pratik kullan\u0131m i\u00e7in kablosuz \u015farj imkan\u0131 sunar.\u2022 \u015e\u0131k \u00c7ift Kordon Tasar\u0131m\u0131: Farkl\u0131 stiller i\u00e7in iki farkl\u0131 kordon se\u00e7ene\u011fi sunar.Bu ak\u0131ll\u0131 saat, iOS ve Android uyumlulu\u011fuyla t\u00fcm cihazlar\u0131n\u0131zla sorunsuz bir \u015fekilde \u00e7al\u0131\u015f\u0131r. Hem g\u00fcnl\u00fck hayat\u0131n\u0131zda hem de spor aktivitelerinizde vazge\u00e7ilmez bir teknoloji \u00fcr\u00fcn\u00fc!<\/p>\n","protected":false},"excerpt":{"rendered":"<p>Ak\u0131ll\u0131 Saatte Sa\u011fl\u0131k, Spor ve Konfor Bir Arada!Yeni nesil ak\u0131ll\u0131 saat, geli\u015fmi\u015f \u00f6zellikleriyle g\u00fcnl\u00fck ya\u015fam\u0131n\u0131za de\u011fer katar:\u2022 Bluetooth 5.0 &#038; Sesli Asistan: H\u0131zl\u0131 ve g\u00fcvenilir ba\u011flant\u0131 ile aramalar\u0131n\u0131z\u0131 y\u00f6netin, bildirimlerinizi kontrol edin ve sesli asistanla i\u015flemlerinizi kolayla\u015ft\u0131r\u0131n.\u2022 Sa\u011fl\u0131k Y\u00f6netimi: EKG, tansiyon, nab\u0131z \u00f6l\u00e7\u00fcm\u00fc, v\u00fccut s\u0131cakl\u0131\u011f\u0131 kontrol\u00fc ve uyku takibi ile sa\u011fl\u0131\u011f\u0131n\u0131z\u0131 her an izleyin.\u2022 Spor&#8230;<\/p>\n","protected":false},"featured_media":110682,"comment_status":"open","ping_status":"closed","template":"","meta":{"_kad_post_transparent":"","_kad_post_title":"","_kad_post_layout":"","_kad_post_sidebar_id":"","_kad_post_content_style":"","_kad_post_vertical_padding":"","_kad_post_feature":"","_kad_post_feature_position":"","_kad_post_header":false,"_kad_post_footer":false,"_kad_post_classname":""},"product_brand":[],"product_cat":[14935],"product_tag":[],"class_list":{"0":"post-110683","1":"product","2":"type-product","3":"status-publish","4":"has-post-thumbnail","6":"product_cat-akilli-saatler-akilli-saatler","8":"first","9":"instock","10":"purchasable","11":"product-type-simple","12":"entry","13":"content-bg","14":"loop-entry"},"_links":{"self":[{"href":"https:\/\/www.hediyepazar.com\/index.php?rest_route=\/wp\/v2\/product\/110683","targetHints":{"allow":["GET"]}}],"collection":[{"href":"https:\/\/www.hediyepazar.com\/index.php?rest_route=\/wp\/v2\/product"}],"about":[{"href":"https:\/\/www.hediyepazar.com\/index.php?rest_route=\/wp\/v2\/types\/product"}],"replies":[{"embeddable":true,"href":"https:\/\/www.hediyepazar.com\/index.php?rest_route=%2Fwp%2Fv2%2Fcomments&post=110683"}],"wp:featuredmedia":[{"embeddable":true,"href":"https:\/\/www.hediyepazar.com\/index.php?rest_route=\/wp\/v2\/media\/110682"}],"wp:attachment":[{"href":"https:\/\/www.hediyepazar.com\/index.php?rest_route=%2Fwp%2Fv2%2Fmedia&parent=110683"}],"wp:term":[{"taxonomy":"product_brand","embeddable":true,"href":"https:\/\/www.hediyepazar.com\/index.php?rest_route=%2Fwp%2Fv2%2Fproduct_brand&post=110683"},{"taxonomy":"product_cat","embeddable":true,"href":"https:\/\/www.hediyepazar.com\/index.php?rest_route=%2Fwp%2Fv2%2Fproduct_cat&post=110683"},{"taxonomy":"product_tag","embeddable":true,"href":"https:\/\/www.hediyepazar.com\/index.php?rest_route=%2Fwp%2Fv2%2Fproduct_tag&post=110683"}],"curies":[{"name":"wp","href":"https:\/\/api.w.org\/{rel}","templated":true}]}}