{"id":110701,"date":"2026-05-05T05:12:09","date_gmt":"2026-05-05T08:12:09","guid":{"rendered":"https:\/\/www.hediyepazar.com\/?product=sarjli-arac-yikama"},"modified":"2026-05-05T05:12:09","modified_gmt":"2026-05-05T08:12:09","slug":"sarjli-arac-yikama","status":"publish","type":"product","link":"https:\/\/www.hediyepazar.com\/?product=sarjli-arac-yikama","title":{"rendered":"\u015eARJLI ARA\u00c7 YIKAMA"},"content":{"rendered":"<p>Y\u00fcksek G\u00fc\u00e7l\u00fc Motor 300W motorlu, maksimum 30 Bar su bas\u0131nc\u0131na sahiptir. Verimli ve h\u0131zl\u0131 temizlik i\u00e7in yeterince g\u00fc\u00e7l\u00fcd\u00fcr. Ayr\u0131ca a\u015f\u0131r\u0131 s\u0131cakl\u0131k i\u00e7in otomatik kapanma \u00f6zelli\u011fine sahip bir s\u0131cakl\u0131k koruma fonksiyonuna sahiptir. ve a\u015f\u0131r\u0131 y\u00fck, g\u00fcvenlik tehlikelerini ortadan kald\u0131rabilir.Kullan\u0131m\u0131 Kolay kendinden emi\u015fli \/ musluk 2 \u00e7e\u015fit su giri\u015fi, su almak daha uygun. Kurulumu kolayd\u0131r, t\u00fcm aray\u00fczler h\u0131zla tak\u0131l\u0131p kurulur. Filtre sepetli 5 m&#8217;lik hortum, kirleri, par\u00e7ac\u0131klar\u0131, at\u0131k yapraklar\u0131, camuru vb. etkili bir \u015fekilde filtreleyebilir. Kovadan\/g\u00f6lden\/nehirden\/musluktan kolayca su alabilirsiniz. Bu kablosuz y\u00fcksek bas\u0131n\u00e7l\u0131 su tabancas\u0131, geleneksel k\u00fc\u00e7\u00fck y\u00fcksek bas\u0131n\u00e7l\u0131 temizleyicilerden daha ta\u015f\u0131nabilirdir.\u015earj Edilebilir Pil\u00a0 1 adet \u00e7\u0131kar\u0131labilir 15000mAh y\u00fcksek kapasiteli lityum pil ile donat\u0131lm\u0131\u015ft\u0131r ve uzun s\u00fcreli kullan\u0131m sa\u011flar. Dolu \u015farjl\u0131 tek pil ile arac\u0131n\u0131z\u0131 rahatl\u0131kla y\u0131kayabilirsiniz. Bir kez tamamen \u015farj olmas\u0131 4 saat s\u00fcrer ve tek bir pilin pil \u00f6mr\u00fc 25 dakikaya kadar \u00e7\u0131kar. G\u00f6vde su ge\u00e7irmez \u00f6zel malzemeden yap\u0131lm\u0131\u015f olup, su ve elektrik izolasyonu daha g\u00fcvenlidir. Her kullan\u0131mdan sonra pili kuru tutun, zaman\u0131nda tamamen \u015farj edin.M\u00fckemmel Hizmet Bu \u00e7ok ama\u00e7l\u0131 y\u00fcksek bas\u0131n\u00e7l\u0131 su tabancas\u0131, araba y\u0131kama, bah\u00e7e sulama, tar\u0131msal sulama ve g\u00fcnl\u00fck temizlik i\u00e7in \u00e7ok uygundur. kullan\u0131m\u0131n\u0131z i\u00e7in 2 farkl\u0131 nozul etkili temizlik. Ak\u00fcl\u00fc kablosuz y\u00fcksek bas\u0131n\u00e7l\u0131 temizleme makinemiz \u00e7ift sulama sistemine sahiptir. Sekt\u00f6r modeli ve do\u011frudan enjeksiyon modu i\u00e7in uygun iki \u00e7e\u015fit nozul ile donat\u0131lm\u0131\u015ft\u0131r. Sa\u011flanan y\u00fcksek\/d\u00fc\u015f\u00fck bas\u0131n\u00e7l\u0131 nozullar ve temizlik maddesi tanklar\u0131, ara\u00e7lar\u0131, bisikletleri, tekneleri, pencereleri ve \u015feritleri temizlemek i\u00e7in yayg\u0131n olarak kullan\u0131labilir. G\u00fc\u00e7: 300W \/ 48V &#8211; 10ABatarya Kapasitesi: 15.000mAhKullan\u0131m S\u00fcresi: 20-30 DakikaA\u011f\u0131rl\u0131k: 2kgHortum Uzunlu\u011fu: 5metre\u00c7al\u0131\u015fma Bas\u0131nc\u0131: 24.5bar\/350psiP\u00fcsk\u00fcrtme Tepki H\u0131z\u0131: <15 sn.Su Emme Y\u00fcksekli\u011fi: \/3.5mModel No: 8106 Paket \u0130\u00e7eri\u011fi:* 48V Sulama Tabancas\u0131* Ta\u015f\u0131ma \u00c7antas\u0131* 24V 15.000mAh Ak\u00fc* 5 metre esnek boru* EU \u015farj adapt\u00f6r\u00fc* Hortum filtresi* 2 Adet u\u00e7 (d\u00fcz ve da\u011f\u0131n\u0131k su p\u00fcsk\u00fcrtmesi)* 2 adet Hortum ba\u011flant\u0131 ucu* Uzatma \u015faft\u0131* K\u00f6p\u00fck veya ila\u00e7 haznesi\n<\/p>\n","protected":false},"excerpt":{"rendered":"<p>Y\u00fcksek G\u00fc\u00e7l\u00fc Motor 300W motorlu, maksimum 30 Bar su bas\u0131nc\u0131na sahiptir. Verimli ve h\u0131zl\u0131 temizlik i\u00e7in yeterince g\u00fc\u00e7l\u00fcd\u00fcr. Ayr\u0131ca a\u015f\u0131r\u0131 s\u0131cakl\u0131k i\u00e7in otomatik kapanma \u00f6zelli\u011fine sahip bir s\u0131cakl\u0131k koruma fonksiyonuna sahiptir. ve a\u015f\u0131r\u0131 y\u00fck, g\u00fcvenlik tehlikelerini ortadan kald\u0131rabilir.Kullan\u0131m\u0131 Kolay kendinden emi\u015fli \/ musluk 2 \u00e7e\u015fit su giri\u015fi, su almak daha uygun. Kurulumu kolayd\u0131r, t\u00fcm aray\u00fczler&#8230;<\/p>\n","protected":false},"featured_media":110700,"comment_status":"open","ping_status":"closed","template":"","meta":{"_kad_post_transparent":"","_kad_post_title":"","_kad_post_layout":"","_kad_post_sidebar_id":"","_kad_post_content_style":"","_kad_post_vertical_padding":"","_kad_post_feature":"","_kad_post_feature_position":"","_kad_post_header":false,"_kad_post_footer":false,"_kad_post_classname":""},"product_brand":[],"product_cat":[14971],"product_tag":[],"class_list":{"0":"post-110701","1":"product","2":"type-product","3":"status-publish","4":"has-post-thumbnail","6":"product_cat-yuksek-basincli-yikama-makinesi-yuksek-basincli-yikama-makinesi","8":"first","9":"instock","10":"purchasable","11":"product-type-simple","12":"entry","13":"content-bg","14":"loop-entry"},"_links":{"self":[{"href":"https:\/\/www.hediyepazar.com\/index.php?rest_route=\/wp\/v2\/product\/110701","targetHints":{"allow":["GET"]}}],"collection":[{"href":"https:\/\/www.hediyepazar.com\/index.php?rest_route=\/wp\/v2\/product"}],"about":[{"href":"https:\/\/www.hediyepazar.com\/index.php?rest_route=\/wp\/v2\/types\/product"}],"replies":[{"embeddable":true,"href":"https:\/\/www.hediyepazar.com\/index.php?rest_route=%2Fwp%2Fv2%2Fcomments&post=110701"}],"wp:featuredmedia":[{"embeddable":true,"href":"https:\/\/www.hediyepazar.com\/index.php?rest_route=\/wp\/v2\/media\/110700"}],"wp:attachment":[{"href":"https:\/\/www.hediyepazar.com\/index.php?rest_route=%2Fwp%2Fv2%2Fmedia&parent=110701"}],"wp:term":[{"taxonomy":"product_brand","embeddable":true,"href":"https:\/\/www.hediyepazar.com\/index.php?rest_route=%2Fwp%2Fv2%2Fproduct_brand&post=110701"},{"taxonomy":"product_cat","embeddable":true,"href":"https:\/\/www.hediyepazar.com\/index.php?rest_route=%2Fwp%2Fv2%2Fproduct_cat&post=110701"},{"taxonomy":"product_tag","embeddable":true,"href":"https:\/\/www.hediyepazar.com\/index.php?rest_route=%2Fwp%2Fv2%2Fproduct_tag&post=110701"}],"curies":[{"name":"wp","href":"https:\/\/api.w.org\/{rel}","templated":true}]}}