{"id":110709,"date":"2026-05-05T05:13:59","date_gmt":"2026-05-05T08:13:59","guid":{"rendered":"https:\/\/www.hediyepazar.com\/?product=bluetooth-ve-yuksek-cozunurlukle-donatilmis-kompakt-projeksiyon-cihazi"},"modified":"2026-05-05T05:13:59","modified_gmt":"2026-05-05T08:13:59","slug":"bluetooth-ve-yuksek-cozunurlukle-donatilmis-kompakt-projeksiyon-cihazi","status":"publish","type":"product","link":"https:\/\/www.hediyepazar.com\/?product=bluetooth-ve-yuksek-cozunurlukle-donatilmis-kompakt-projeksiyon-cihazi","title":{"rendered":"Bluetooth ve Y\u00fcksek \u00c7\u00f6z\u00fcn\u00fcrl\u00fckle Donat\u0131lm\u0131\u015f Kompakt Projeksiyon Cihaz\u0131"},"content":{"rendered":"<p>Ta\u015f\u0131nabilir E\u011flence Merkezi \u2013 Android Projeksiyon Game BoxBu kompakt projeksiyon cihaz\u0131, 1280*720p \u00e7\u00f6z\u00fcn\u00fcrl\u00fc\u011f\u00fc ve \u00fcst\u00fcn g\u00f6r\u00fcnt\u00fc kalitesiyle film izlemekten oyun oynamaya kadar her t\u00fcrl\u00fc e\u011flenceniz i\u00e7in m\u00fckemmel bir se\u00e7enek. Bluetooth \u00f6zelli\u011fi ve \u00e7ift kollu tasar\u0131m\u0131yla 2000\u2019den fazla oyun se\u00e7ene\u011fi sunar. HDMI, USB ve di\u011fer ba\u011flant\u0131 noktalar\u0131 sayesinde televizyon, bilgisayar ve oyun konsollar\u0131yla kolayca ba\u011flant\u0131 kurabilirsiniz. Uzun \u00f6m\u00fcrl\u00fc lambas\u0131 ile enerji tasarrufu sa\u011flayan bu cihaz, her ortamda e\u011flenceyi yan\u0131n\u0131zda ta\u015f\u0131man\u0131z\u0131 m\u00fcmk\u00fcn k\u0131lar.<\/p>\n","protected":false},"excerpt":{"rendered":"<p>Ta\u015f\u0131nabilir E\u011flence Merkezi \u2013 Android Projeksiyon Game BoxBu kompakt projeksiyon cihaz\u0131, 1280*720p \u00e7\u00f6z\u00fcn\u00fcrl\u00fc\u011f\u00fc ve \u00fcst\u00fcn g\u00f6r\u00fcnt\u00fc kalitesiyle film izlemekten oyun oynamaya kadar her t\u00fcrl\u00fc e\u011flenceniz i\u00e7in m\u00fckemmel bir se\u00e7enek. Bluetooth \u00f6zelli\u011fi ve \u00e7ift kollu tasar\u0131m\u0131yla 2000\u2019den fazla oyun se\u00e7ene\u011fi sunar. HDMI, USB ve di\u011fer ba\u011flant\u0131 noktalar\u0131 sayesinde televizyon, bilgisayar ve oyun konsollar\u0131yla kolayca ba\u011flant\u0131 kurabilirsiniz&#8230;.<\/p>\n","protected":false},"featured_media":110708,"comment_status":"open","ping_status":"closed","template":"","meta":{"_kad_post_transparent":"","_kad_post_title":"","_kad_post_layout":"","_kad_post_sidebar_id":"","_kad_post_content_style":"","_kad_post_vertical_padding":"","_kad_post_feature":"","_kad_post_feature_position":"","_kad_post_header":false,"_kad_post_footer":false,"_kad_post_classname":""},"product_brand":[],"product_cat":[14905],"product_tag":[],"class_list":{"0":"post-110709","1":"product","2":"type-product","3":"status-publish","4":"has-post-thumbnail","6":"product_cat-projeksiyon-projeksiyon","8":"first","9":"instock","10":"purchasable","11":"product-type-simple","12":"entry","13":"content-bg","14":"loop-entry"},"_links":{"self":[{"href":"https:\/\/www.hediyepazar.com\/index.php?rest_route=\/wp\/v2\/product\/110709","targetHints":{"allow":["GET"]}}],"collection":[{"href":"https:\/\/www.hediyepazar.com\/index.php?rest_route=\/wp\/v2\/product"}],"about":[{"href":"https:\/\/www.hediyepazar.com\/index.php?rest_route=\/wp\/v2\/types\/product"}],"replies":[{"embeddable":true,"href":"https:\/\/www.hediyepazar.com\/index.php?rest_route=%2Fwp%2Fv2%2Fcomments&post=110709"}],"wp:featuredmedia":[{"embeddable":true,"href":"https:\/\/www.hediyepazar.com\/index.php?rest_route=\/wp\/v2\/media\/110708"}],"wp:attachment":[{"href":"https:\/\/www.hediyepazar.com\/index.php?rest_route=%2Fwp%2Fv2%2Fmedia&parent=110709"}],"wp:term":[{"taxonomy":"product_brand","embeddable":true,"href":"https:\/\/www.hediyepazar.com\/index.php?rest_route=%2Fwp%2Fv2%2Fproduct_brand&post=110709"},{"taxonomy":"product_cat","embeddable":true,"href":"https:\/\/www.hediyepazar.com\/index.php?rest_route=%2Fwp%2Fv2%2Fproduct_cat&post=110709"},{"taxonomy":"product_tag","embeddable":true,"href":"https:\/\/www.hediyepazar.com\/index.php?rest_route=%2Fwp%2Fv2%2Fproduct_tag&post=110709"}],"curies":[{"name":"wp","href":"https:\/\/api.w.org\/{rel}","templated":true}]}}