{"id":110737,"date":"2026-05-05T05:20:04","date_gmt":"2026-05-05T08:20:04","guid":{"rendered":"https:\/\/www.hediyepazar.com\/?product=wifi-kamera-2"},"modified":"2026-05-05T05:20:04","modified_gmt":"2026-05-05T08:20:04","slug":"wifi-kamera-2","status":"publish","type":"product","link":"https:\/\/www.hediyepazar.com\/?product=wifi-kamera-2","title":{"rendered":"W\u0130F\u0130 KAMERA"},"content":{"rendered":"<p>\u00c7ift y\u00f6nl\u00fc ses iletimiSabit Ip gerektirmez\u0130ster cep telefonundan ister bilgisayar\u0131n\u0131zdan izleyin ve kaydedin. 3.0MP\/1080P Hd kamera64 GB Sd kart deste\u011fi Ses kay\u0131t \u00f6zelli\u011fi Gece g\u00f6r\u00fc\u015f \u00f6zelli\u011fi \u0130nternetin Oldu\u011fu Her Yerden Kurmu\u015f Oldu\u011funuz Bu \u0130p Kameraya Ba\u011flan\u0131p \u0130zleyip Dinleyebilece\u011finiz Gibi, Kameray\u0131 Bulundu\u011funuz Yerden 360 Derece D\u00f6nd\u00fcrerek T\u00fcm A\u00e7\u0131lardan Tam Bir Kontrol Sa\u011flayabilirsiniz.. Bitmedi, Kameran\u0131n Bulundu\u011fu Ortamdaki Sesleri de Yine Canl\u0131 Canl\u0131 Duyup, Dilerseniz Sesinizi Kameran\u0131n Bulundu\u011fu Ortama da Aktarabiliyorsunuz, Tam Bir Profesyonel \u0130\u015fi !! -Online olarak internet ortam\u0131nda ses ve g\u00f6r\u00fcnt\u00fc transferi -Dikey ,yatay ,\u00c7apraz hareket imkan\u0131yla istedi\u011finiz y\u00f6nde hareket ettirebilir g\u00f6r\u00fcnt\u00fc alabilirsiniz -Bilgisayar gerekmeksizin modeminize ba\u011flayabilece\u011finiz bu camera ile d\u00fcnyan\u0131n heryerinden g\u00f6r\u00fcnt\u00fc ve ses takibi &#8211; \u00c7ift y\u00f6nl\u00fc ses aktar\u0131m \u00f6zelli\u011fi ile d\u00fcnyan\u0131n heryerinden isterseniz kar\u015f\u0131l\u0131kl\u0131 g\u00f6r\u00fc\u015fme bile yapabilir veya bulundu\u011fu mekana kendi sesinizi aktarabilirsiniz ! -Harekete duyarl\u0131 sens\u00f6rler -Online kay\u0131t deste\u011fiinternet \u00fczerinden d\u00fcnyan\u0131n heryerinde sesli g\u00f6r\u00fcnt\u00fcl\u00fc kay\u0131t imkan\u0131 -Otomatik hareket \u00f6zelli\u011fiher y\u00f6ne otomatik gezinme sa\u011flar -Yerel a\u011f \u00fczerinden direk takip imkan\u0131 (internet ba\u011flant\u0131s\u0131na ihtiya\u00e7 duymadan) -Hareketin h\u0131z\u0131n\u0131 manuel olarak ayarlayabilme imkan\u0131 -Sahip oldugu sabit DDNS adresi sayesinde Dinamik veya Statik ip ile sorunsuz \u00e7al\u0131\u015fmaktad\u0131r. -MPeg4 format\u0131nda kay\u0131t etme ,media player dan bile izleyebilirsiniz -Web sitesi \u00fczerinden g\u00f6r\u00fcnt\u00fc yay\u0131n\u0131 yapabilir ,kameraya giri\u015f yap\u0131lmadan anl\u0131k foto\u011fraf \u00e7ekilebilir. -De\u011fi\u015ftirilebilir Lens sayesinde ister geni\u015f a\u00e7\u0131 ister zoom lens kullan\u0131labilir -WinMe,Win2000,WinXP,Vista,Windows 7, deste\u011fi -Gece g\u00f6r\u00fc\u015f\u00fc ile 8-12m &#8220;ye kadar net g\u00f6r\u00fcnt\u00fc -Kendi aray\u00fcz program\u0131 ile bir\u00e7ok farkl\u0131 camera takibi veya geli\u015fmi\u015f aray\u00fczler ile diledi\u011finiz say\u0131da ip kamera takibi. -Mobil telefonunuzla online takip ve bilgilendirme \u00f6zelli\u011fi<\/p>\n","protected":false},"excerpt":{"rendered":"<p>\u00c7ift y\u00f6nl\u00fc ses iletimiSabit Ip gerektirmez\u0130ster cep telefonundan ister bilgisayar\u0131n\u0131zdan izleyin ve kaydedin. 3.0MP\/1080P Hd kamera64 GB Sd kart deste\u011fi Ses kay\u0131t \u00f6zelli\u011fi Gece g\u00f6r\u00fc\u015f \u00f6zelli\u011fi \u0130nternetin Oldu\u011fu Her Yerden Kurmu\u015f Oldu\u011funuz Bu \u0130p Kameraya Ba\u011flan\u0131p \u0130zleyip Dinleyebilece\u011finiz Gibi, Kameray\u0131 Bulundu\u011funuz Yerden 360 Derece D\u00f6nd\u00fcrerek T\u00fcm A\u00e7\u0131lardan Tam Bir Kontrol Sa\u011flayabilirsiniz.. Bitmedi, Kameran\u0131n Bulundu\u011fu Ortamdaki&#8230;<\/p>\n","protected":false},"featured_media":110736,"comment_status":"open","ping_status":"closed","template":"","meta":{"_kad_post_transparent":"","_kad_post_title":"","_kad_post_layout":"","_kad_post_sidebar_id":"","_kad_post_content_style":"","_kad_post_vertical_padding":"","_kad_post_feature":"","_kad_post_feature_position":"","_kad_post_header":false,"_kad_post_footer":false,"_kad_post_classname":""},"product_brand":[],"product_cat":[14927],"product_tag":[],"class_list":{"0":"post-110737","1":"product","2":"type-product","3":"status-publish","4":"has-post-thumbnail","6":"product_cat-akilli-kamera-akilli-kamera","8":"first","9":"instock","10":"purchasable","11":"product-type-simple","12":"entry","13":"content-bg","14":"loop-entry"},"_links":{"self":[{"href":"https:\/\/www.hediyepazar.com\/index.php?rest_route=\/wp\/v2\/product\/110737","targetHints":{"allow":["GET"]}}],"collection":[{"href":"https:\/\/www.hediyepazar.com\/index.php?rest_route=\/wp\/v2\/product"}],"about":[{"href":"https:\/\/www.hediyepazar.com\/index.php?rest_route=\/wp\/v2\/types\/product"}],"replies":[{"embeddable":true,"href":"https:\/\/www.hediyepazar.com\/index.php?rest_route=%2Fwp%2Fv2%2Fcomments&post=110737"}],"wp:featuredmedia":[{"embeddable":true,"href":"https:\/\/www.hediyepazar.com\/index.php?rest_route=\/wp\/v2\/media\/110736"}],"wp:attachment":[{"href":"https:\/\/www.hediyepazar.com\/index.php?rest_route=%2Fwp%2Fv2%2Fmedia&parent=110737"}],"wp:term":[{"taxonomy":"product_brand","embeddable":true,"href":"https:\/\/www.hediyepazar.com\/index.php?rest_route=%2Fwp%2Fv2%2Fproduct_brand&post=110737"},{"taxonomy":"product_cat","embeddable":true,"href":"https:\/\/www.hediyepazar.com\/index.php?rest_route=%2Fwp%2Fv2%2Fproduct_cat&post=110737"},{"taxonomy":"product_tag","embeddable":true,"href":"https:\/\/www.hediyepazar.com\/index.php?rest_route=%2Fwp%2Fv2%2Fproduct_tag&post=110737"}],"curies":[{"name":"wp","href":"https:\/\/api.w.org\/{rel}","templated":true}]}}