{"id":110739,"date":"2026-05-05T05:20:15","date_gmt":"2026-05-05T08:20:15","guid":{"rendered":"https:\/\/www.hediyepazar.com\/?product=5-kanatli-solar-lamba"},"modified":"2026-05-05T05:20:15","modified_gmt":"2026-05-05T08:20:15","slug":"5-kanatli-solar-lamba","status":"publish","type":"product","link":"https:\/\/www.hediyepazar.com\/?product=5-kanatli-solar-lamba","title":{"rendered":"5 KANATLI SOLAR LAMBA"},"content":{"rendered":"<p>G\u00fcne\u015f enerjisiyle \u00e7al\u0131\u015fan katlanabilir tasar\u0131m\u0131 sayesinde, ta\u015f\u0131nabilir ve kolayca kullan\u0131labilir 5 kanatl\u0131 yap\u0131s\u0131 ile geni\u015f bir ayd\u0131nlatma alan\u0131 sa\u011flar ve birden fazla ki\u015fiye ayn\u0131 anda hizmet verebilir Su ge\u00e7irmez \u00f6zelli\u011fi ile ya\u011fmur, kar gibi d\u0131\u015f etkenlere kar\u015f\u0131 dayan\u0131kl\u0131l\u0131k sunar, her t\u00fcrl\u00fc hava ko\u015fulunda g\u00fcvenle kullan\u0131labilir \u015earj g\u00f6stergesi sayesinde pil durumunu kolayca takip edebilir ve enerji tasarrufu sa\u011flayabilirsiniz Kamp, do\u011fa y\u00fcr\u00fcy\u00fc\u015f\u00fc veya acil durumlar i\u00e7in ideal bir ayd\u0131nlatma \u00e7\u00f6z\u00fcm\u00fcd\u00fcr pratikli\u011fi ve dayan\u0131kl\u0131l\u0131\u011f\u0131 ile \u00f6ne \u00e7\u0131kar<\/p>\n","protected":false},"excerpt":{"rendered":"<p>G\u00fcne\u015f enerjisiyle \u00e7al\u0131\u015fan katlanabilir tasar\u0131m\u0131 sayesinde, ta\u015f\u0131nabilir ve kolayca kullan\u0131labilir 5 kanatl\u0131 yap\u0131s\u0131 ile geni\u015f bir ayd\u0131nlatma alan\u0131 sa\u011flar ve birden fazla ki\u015fiye ayn\u0131 anda hizmet verebilir Su ge\u00e7irmez \u00f6zelli\u011fi ile ya\u011fmur, kar gibi d\u0131\u015f etkenlere kar\u015f\u0131 dayan\u0131kl\u0131l\u0131k sunar, her t\u00fcrl\u00fc hava ko\u015fulunda g\u00fcvenle kullan\u0131labilir \u015earj g\u00f6stergesi sayesinde pil durumunu kolayca takip edebilir ve enerji&#8230;<\/p>\n","protected":false},"featured_media":110738,"comment_status":"open","ping_status":"closed","template":"","meta":{"_kad_post_transparent":"","_kad_post_title":"","_kad_post_layout":"","_kad_post_sidebar_id":"","_kad_post_content_style":"","_kad_post_vertical_padding":"","_kad_post_feature":"","_kad_post_feature_position":"","_kad_post_header":false,"_kad_post_footer":false,"_kad_post_classname":""},"product_brand":[],"product_cat":[14977],"product_tag":[],"class_list":{"0":"post-110739","1":"product","2":"type-product","3":"status-publish","4":"has-post-thumbnail","6":"product_cat-kamp-lambasi-kamp-lambasi","8":"first","9":"instock","10":"purchasable","11":"product-type-simple","12":"entry","13":"content-bg","14":"loop-entry"},"_links":{"self":[{"href":"https:\/\/www.hediyepazar.com\/index.php?rest_route=\/wp\/v2\/product\/110739","targetHints":{"allow":["GET"]}}],"collection":[{"href":"https:\/\/www.hediyepazar.com\/index.php?rest_route=\/wp\/v2\/product"}],"about":[{"href":"https:\/\/www.hediyepazar.com\/index.php?rest_route=\/wp\/v2\/types\/product"}],"replies":[{"embeddable":true,"href":"https:\/\/www.hediyepazar.com\/index.php?rest_route=%2Fwp%2Fv2%2Fcomments&post=110739"}],"wp:featuredmedia":[{"embeddable":true,"href":"https:\/\/www.hediyepazar.com\/index.php?rest_route=\/wp\/v2\/media\/110738"}],"wp:attachment":[{"href":"https:\/\/www.hediyepazar.com\/index.php?rest_route=%2Fwp%2Fv2%2Fmedia&parent=110739"}],"wp:term":[{"taxonomy":"product_brand","embeddable":true,"href":"https:\/\/www.hediyepazar.com\/index.php?rest_route=%2Fwp%2Fv2%2Fproduct_brand&post=110739"},{"taxonomy":"product_cat","embeddable":true,"href":"https:\/\/www.hediyepazar.com\/index.php?rest_route=%2Fwp%2Fv2%2Fproduct_cat&post=110739"},{"taxonomy":"product_tag","embeddable":true,"href":"https:\/\/www.hediyepazar.com\/index.php?rest_route=%2Fwp%2Fv2%2Fproduct_tag&post=110739"}],"curies":[{"name":"wp","href":"https:\/\/api.w.org\/{rel}","templated":true}]}}