{"id":110741,"date":"2026-05-05T05:20:21","date_gmt":"2026-05-05T08:20:21","guid":{"rendered":"https:\/\/www.hediyepazar.com\/?product=g7-atari"},"modified":"2026-05-05T05:20:21","modified_gmt":"2026-05-05T08:20:21","slug":"g7-atari","status":"publish","type":"product","link":"https:\/\/www.hediyepazar.com\/?product=g7-atari","title":{"rendered":"G7 ATAR\u0130"},"content":{"rendered":"<p>Ekran Boyutu 3.5 in\u00e7 Lcd Ekran Ultra ince tasar\u0131m\u0131 ile kolayl\u0131kla yan\u0131n\u0131zda ta\u015f\u0131yabilirsiniz. 666 adet Retro oyun mevcuttur. S\u00fcper Mario Mortal Kombat Contra gibi nostalji oyunlar\u0131n hepsi mevcuttur. Kutu i\u00e7erisinde \u00e7\u0131kan ikinci konsol ile dilerseniz \u00fcr\u00fcn\u00fc televizyona ba\u011flay\u0131p 2 ki\u015fi oynayabilirsiniz. H\u0131zl\u0131 bir i\u015flemciye sahip olup donma kasma asla yapmaz. \u015earj edilebilir g\u00fc\u00e7lendirilmi\u015f batarya ile uzun s\u00fcren bir kullan\u0131m sunar \u015earj giri\u015fi Mikro Usb ; Kutu i\u00e7erisinde \u015farj kablosu mevcuttur. Televizyon ba\u011flant\u0131 aparat\u0131 da kutu i\u00e7erisinde \u00e7\u0131kmaktad\u0131r.<\/p>\n","protected":false},"excerpt":{"rendered":"<p>Ekran Boyutu 3.5 in\u00e7 Lcd Ekran Ultra ince tasar\u0131m\u0131 ile kolayl\u0131kla yan\u0131n\u0131zda ta\u015f\u0131yabilirsiniz. 666 adet Retro oyun mevcuttur. S\u00fcper Mario Mortal Kombat Contra gibi nostalji oyunlar\u0131n hepsi mevcuttur. Kutu i\u00e7erisinde \u00e7\u0131kan ikinci konsol ile dilerseniz \u00fcr\u00fcn\u00fc televizyona ba\u011flay\u0131p 2 ki\u015fi oynayabilirsiniz. H\u0131zl\u0131 bir i\u015flemciye sahip olup donma kasma asla yapmaz. \u015earj edilebilir g\u00fc\u00e7lendirilmi\u015f batarya ile&#8230;<\/p>\n","protected":false},"featured_media":110740,"comment_status":"open","ping_status":"closed","template":"","meta":{"_kad_post_transparent":"","_kad_post_title":"","_kad_post_layout":"","_kad_post_sidebar_id":"","_kad_post_content_style":"","_kad_post_vertical_padding":"","_kad_post_feature":"","_kad_post_feature_position":"","_kad_post_header":false,"_kad_post_footer":false,"_kad_post_classname":""},"product_brand":[],"product_cat":[14961],"product_tag":[],"class_list":{"0":"post-110741","1":"product","2":"type-product","3":"status-publish","4":"has-post-thumbnail","6":"product_cat-oyun-konsolu-oyun-konsolu","8":"first","9":"instock","10":"purchasable","11":"product-type-simple","12":"entry","13":"content-bg","14":"loop-entry"},"_links":{"self":[{"href":"https:\/\/www.hediyepazar.com\/index.php?rest_route=\/wp\/v2\/product\/110741","targetHints":{"allow":["GET"]}}],"collection":[{"href":"https:\/\/www.hediyepazar.com\/index.php?rest_route=\/wp\/v2\/product"}],"about":[{"href":"https:\/\/www.hediyepazar.com\/index.php?rest_route=\/wp\/v2\/types\/product"}],"replies":[{"embeddable":true,"href":"https:\/\/www.hediyepazar.com\/index.php?rest_route=%2Fwp%2Fv2%2Fcomments&post=110741"}],"wp:featuredmedia":[{"embeddable":true,"href":"https:\/\/www.hediyepazar.com\/index.php?rest_route=\/wp\/v2\/media\/110740"}],"wp:attachment":[{"href":"https:\/\/www.hediyepazar.com\/index.php?rest_route=%2Fwp%2Fv2%2Fmedia&parent=110741"}],"wp:term":[{"taxonomy":"product_brand","embeddable":true,"href":"https:\/\/www.hediyepazar.com\/index.php?rest_route=%2Fwp%2Fv2%2Fproduct_brand&post=110741"},{"taxonomy":"product_cat","embeddable":true,"href":"https:\/\/www.hediyepazar.com\/index.php?rest_route=%2Fwp%2Fv2%2Fproduct_cat&post=110741"},{"taxonomy":"product_tag","embeddable":true,"href":"https:\/\/www.hediyepazar.com\/index.php?rest_route=%2Fwp%2Fv2%2Fproduct_tag&post=110741"}],"curies":[{"name":"wp","href":"https:\/\/api.w.org\/{rel}","templated":true}]}}