{"id":110759,"date":"2026-05-05T05:23:15","date_gmt":"2026-05-05T08:23:15","guid":{"rendered":"https:\/\/www.hediyepazar.com\/?product=sicak-hava-fircasi-sac-kurutma-duzlestirme-ve-sekillendirme"},"modified":"2026-05-05T05:23:15","modified_gmt":"2026-05-05T08:23:15","slug":"sicak-hava-fircasi-sac-kurutma-duzlestirme-ve-sekillendirme","status":"publish","type":"product","link":"https:\/\/www.hediyepazar.com\/?product=sicak-hava-fircasi-sac-kurutma-duzlestirme-ve-sekillendirme","title":{"rendered":"S\u0131cak Hava F\u0131r\u00e7as\u0131 \u2013 Sa\u00e7 Kurutma D\u00fczle\u015ftirme ve \u015eekillendirme"},"content":{"rendered":"<p>S\u0131cak hava f\u0131r\u00e7as\u0131, sa\u00e7 kurutma, d\u00fczle\u015ftirme ve \u015fekillendirme fonksiyonlar\u0131n\u0131 bir arada sunarak g\u00fcnl\u00fck bak\u0131m\u0131n\u0131z\u0131 kolayla\u015ft\u0131r\u0131r. 1000W g\u00fc\u00e7l\u00fc motoru sayesinde h\u0131zl\u0131 kurutma yapar, sa\u00e7lara parlakl\u0131k ve p\u00fcr\u00fczs\u00fczl\u00fck kazand\u0131r\u0131r. Negatif iyon teknolojisi sa\u00e7taki elektriklenmeyi azalt\u0131r. 3 farkl\u0131 \u0131s\u0131 ayar\u0131, sa\u00e7 tipinize uygun kullan\u0131m sa\u011flar. Oval f\u0131r\u00e7a yap\u0131s\u0131 sa\u00e7\u0131n\u0131za hacim verirken ergonomik tasar\u0131m\u0131 konforlu bir kullan\u0131m sunar.<\/p>\n","protected":false},"excerpt":{"rendered":"<p>S\u0131cak hava f\u0131r\u00e7as\u0131, sa\u00e7 kurutma, d\u00fczle\u015ftirme ve \u015fekillendirme fonksiyonlar\u0131n\u0131 bir arada sunarak g\u00fcnl\u00fck bak\u0131m\u0131n\u0131z\u0131 kolayla\u015ft\u0131r\u0131r. 1000W g\u00fc\u00e7l\u00fc motoru sayesinde h\u0131zl\u0131 kurutma yapar, sa\u00e7lara parlakl\u0131k ve p\u00fcr\u00fczs\u00fczl\u00fck kazand\u0131r\u0131r. Negatif iyon teknolojisi sa\u00e7taki elektriklenmeyi azalt\u0131r. 3 farkl\u0131 \u0131s\u0131 ayar\u0131, sa\u00e7 tipinize uygun kullan\u0131m sa\u011flar. Oval f\u0131r\u00e7a yap\u0131s\u0131 sa\u00e7\u0131n\u0131za hacim verirken ergonomik tasar\u0131m\u0131 konforlu bir kullan\u0131m sunar.<\/p>\n","protected":false},"featured_media":110758,"comment_status":"open","ping_status":"closed","template":"","meta":{"_kad_post_transparent":"","_kad_post_title":"","_kad_post_layout":"","_kad_post_sidebar_id":"","_kad_post_content_style":"","_kad_post_vertical_padding":"","_kad_post_feature":"","_kad_post_feature_position":"","_kad_post_header":false,"_kad_post_footer":false,"_kad_post_classname":""},"product_brand":[],"product_cat":[14907],"product_tag":[],"class_list":{"0":"post-110759","1":"product","2":"type-product","3":"status-publish","4":"has-post-thumbnail","6":"product_cat-sac-masasi-sac-masasi","8":"first","9":"instock","10":"purchasable","11":"product-type-simple","12":"entry","13":"content-bg","14":"loop-entry"},"_links":{"self":[{"href":"https:\/\/www.hediyepazar.com\/index.php?rest_route=\/wp\/v2\/product\/110759","targetHints":{"allow":["GET"]}}],"collection":[{"href":"https:\/\/www.hediyepazar.com\/index.php?rest_route=\/wp\/v2\/product"}],"about":[{"href":"https:\/\/www.hediyepazar.com\/index.php?rest_route=\/wp\/v2\/types\/product"}],"replies":[{"embeddable":true,"href":"https:\/\/www.hediyepazar.com\/index.php?rest_route=%2Fwp%2Fv2%2Fcomments&post=110759"}],"wp:featuredmedia":[{"embeddable":true,"href":"https:\/\/www.hediyepazar.com\/index.php?rest_route=\/wp\/v2\/media\/110758"}],"wp:attachment":[{"href":"https:\/\/www.hediyepazar.com\/index.php?rest_route=%2Fwp%2Fv2%2Fmedia&parent=110759"}],"wp:term":[{"taxonomy":"product_brand","embeddable":true,"href":"https:\/\/www.hediyepazar.com\/index.php?rest_route=%2Fwp%2Fv2%2Fproduct_brand&post=110759"},{"taxonomy":"product_cat","embeddable":true,"href":"https:\/\/www.hediyepazar.com\/index.php?rest_route=%2Fwp%2Fv2%2Fproduct_cat&post=110759"},{"taxonomy":"product_tag","embeddable":true,"href":"https:\/\/www.hediyepazar.com\/index.php?rest_route=%2Fwp%2Fv2%2Fproduct_tag&post=110759"}],"curies":[{"name":"wp","href":"https:\/\/api.w.org\/{rel}","templated":true}]}}