{"id":110763,"date":"2026-05-05T05:23:58","date_gmt":"2026-05-05T08:23:58","guid":{"rendered":"https:\/\/www.hediyepazar.com\/?product=yx-100-led-isik"},"modified":"2026-05-05T05:23:58","modified_gmt":"2026-05-05T08:23:58","slug":"yx-100-led-isik","status":"publish","type":"product","link":"https:\/\/www.hediyepazar.com\/?product=yx-100-led-isik","title":{"rendered":"YX-100 LED I\u015eIK"},"content":{"rendered":"<p>Bah\u00e7e balkon teras gibi d\u0131\u015f mekanlar\u0131n\u0131z ayd\u0131nl\u0131k ve dekoratif olmas\u0131 i\u00e7in g\u00fcne\u015f enerjili solar bah\u00e7e ayd\u0131nlatma \u2013 solar lamba. Solar g\u00fcne\u015f enerjili bah\u00e7e ayd\u0131nlatman\u0131z sabahleyin g\u00fcne\u015f enerjisi ile kendini \u015farj eder , gece olunca sens\u00f6r\u00fc sayesinde otomatik yanar. Balkonda , bah\u00e7ede , pencerede , terasta kabloya gereksinim duymadan kolayca kullanabilirsiniz. \u00dcr\u00fcn \u00f6zellikleri Kurulumu kolayd\u0131r kablo gerektirmez. Do\u011frudan g\u00fcne\u015f alan bir yere yerle\u015ftiriniz. G\u00fcc\u00fc a\u00e7mak &#038; mod de\u011fi\u015ftirmek \u0131\u00e7in on\/off tu\u015fu vard\u0131r. Led say\u0131s\u0131 100 dir. P\u0131r sens\u00f6r\u00fc ve 3 farkl\u0131 modu ile harekete ve \u0131\u015f\u0131\u011fa kar\u015f\u0131 duyarl\u0131d\u0131r. Hareket sens\u00f6r\u00fc hareket alg\u0131lamad\u0131\u011f\u0131 zaman 10 saniye i\u00e7inde otomatik kapan\u0131r. \u00dcr\u00fcn \u00f6l\u00e7\u00fcler 14 cm * 6 cm Paket i\u00e7eri\u011fi Bir adet hareket sens\u00f6rl\u00fc g\u00fcne\u015f enerjili led ayd\u0131nlatma d\u0131\u015f mekan bah\u00e7e 100 led li<\/p>\n","protected":false},"excerpt":{"rendered":"<p>Bah\u00e7e balkon teras gibi d\u0131\u015f mekanlar\u0131n\u0131z ayd\u0131nl\u0131k ve dekoratif olmas\u0131 i\u00e7in g\u00fcne\u015f enerjili solar bah\u00e7e ayd\u0131nlatma \u2013 solar lamba. Solar g\u00fcne\u015f enerjili bah\u00e7e ayd\u0131nlatman\u0131z sabahleyin g\u00fcne\u015f enerjisi ile kendini \u015farj eder , gece olunca sens\u00f6r\u00fc sayesinde otomatik yanar. Balkonda , bah\u00e7ede , pencerede , terasta kabloya gereksinim duymadan kolayca kullanabilirsiniz. \u00dcr\u00fcn \u00f6zellikleri Kurulumu kolayd\u0131r kablo&#8230;<\/p>\n","protected":false},"featured_media":110762,"comment_status":"open","ping_status":"closed","template":"","meta":{"_kad_post_transparent":"","_kad_post_title":"","_kad_post_layout":"","_kad_post_sidebar_id":"","_kad_post_content_style":"","_kad_post_vertical_padding":"","_kad_post_feature":"","_kad_post_feature_position":"","_kad_post_header":false,"_kad_post_footer":false,"_kad_post_classname":""},"product_brand":[],"product_cat":[14946],"product_tag":[],"class_list":{"0":"post-110763","1":"product","2":"type-product","3":"status-publish","4":"has-post-thumbnail","6":"product_cat-bahce-aydinlatmasi-bahce-aydinlatmasi","8":"first","9":"instock","10":"purchasable","11":"product-type-simple","12":"entry","13":"content-bg","14":"loop-entry"},"_links":{"self":[{"href":"https:\/\/www.hediyepazar.com\/index.php?rest_route=\/wp\/v2\/product\/110763","targetHints":{"allow":["GET"]}}],"collection":[{"href":"https:\/\/www.hediyepazar.com\/index.php?rest_route=\/wp\/v2\/product"}],"about":[{"href":"https:\/\/www.hediyepazar.com\/index.php?rest_route=\/wp\/v2\/types\/product"}],"replies":[{"embeddable":true,"href":"https:\/\/www.hediyepazar.com\/index.php?rest_route=%2Fwp%2Fv2%2Fcomments&post=110763"}],"wp:featuredmedia":[{"embeddable":true,"href":"https:\/\/www.hediyepazar.com\/index.php?rest_route=\/wp\/v2\/media\/110762"}],"wp:attachment":[{"href":"https:\/\/www.hediyepazar.com\/index.php?rest_route=%2Fwp%2Fv2%2Fmedia&parent=110763"}],"wp:term":[{"taxonomy":"product_brand","embeddable":true,"href":"https:\/\/www.hediyepazar.com\/index.php?rest_route=%2Fwp%2Fv2%2Fproduct_brand&post=110763"},{"taxonomy":"product_cat","embeddable":true,"href":"https:\/\/www.hediyepazar.com\/index.php?rest_route=%2Fwp%2Fv2%2Fproduct_cat&post=110763"},{"taxonomy":"product_tag","embeddable":true,"href":"https:\/\/www.hediyepazar.com\/index.php?rest_route=%2Fwp%2Fv2%2Fproduct_tag&post=110763"}],"curies":[{"name":"wp","href":"https:\/\/api.w.org\/{rel}","templated":true}]}}