{"id":110769,"date":"2026-05-05T05:24:12","date_gmt":"2026-05-05T08:24:12","guid":{"rendered":"https:\/\/www.hediyepazar.com\/?product=lf-100-magsafe-5-000-mah"},"modified":"2026-05-05T05:24:12","modified_gmt":"2026-05-05T08:24:12","slug":"lf-100-magsafe-5-000-mah","status":"publish","type":"product","link":"https:\/\/www.hediyepazar.com\/?product=lf-100-magsafe-5-000-mah","title":{"rendered":"LF-100 MAGSAFE 5.000 MAH"},"content":{"rendered":"<p>MagSafe Battery Pack\u2019i takmak \u00e7ok basit. Kullan\u0131c\u0131 dostu kompakt tasar\u0131m\u0131, hareket halindeyken \u015farj\u00a0etmeyi kolayla\u015ft\u0131r\u0131yor. M\u00fckemmel\u00a0bir\u00a0\u015fekilde hizalanan m\u0131knat\u0131slar iPhone\u00a012, iPhone\u00a012\u00a0Pro, iPhone\u00a013\u00a0veya iPhone\u00a013\u00a0Pro\u2019nuza yap\u0131\u015farak g\u00fcvenli kablosuz \u015farj\u00a0olana\u011f\u0131 sa\u011fl\u0131yor. \u00dcstelik yap\u0131\u015ft\u0131\u011f\u0131\u00a0anda otomatik\u00a0olarak \u015farj\u00a0etmeye ba\u015flad\u0131\u011f\u0131ndan a\u00e7\u0131p\u00a0kapatman\u0131z gerekmiyor. Kredi kartlar\u0131n\u0131z\u0131n\u00a0veya uzaktan kumandal\u0131 anahtarlar\u0131n\u0131z\u0131n \u00e7al\u0131\u015fmas\u0131n\u0131\u00a0da engellemiyor.MagSafe Battery Pack, MacBook ile sunulanlar gibi 27\u00a0W\u00a0veya daha g\u00fc\u00e7l\u00fc bir \u015farj ayg\u0131t\u0131yla kullan\u0131ld\u0131\u011f\u0131nda daha\u00a0da h\u0131zl\u0131 \u015farj ediyor. Ve bir kablosuz \u015farj ayg\u0131t\u0131na ihtiya\u00e7 duydu\u011funuzda 15\u00a0W\u2019a\u00a0kadar kablosuz \u015farj\u00a0i\u00e7in Lightning kablosunu takman\u0131z yeterli.<\/p>\n","protected":false},"excerpt":{"rendered":"<p>MagSafe Battery Pack\u2019i takmak \u00e7ok basit. Kullan\u0131c\u0131 dostu kompakt tasar\u0131m\u0131, hareket halindeyken \u015farj\u00a0etmeyi kolayla\u015ft\u0131r\u0131yor. M\u00fckemmel\u00a0bir\u00a0\u015fekilde hizalanan m\u0131knat\u0131slar iPhone\u00a012, iPhone\u00a012\u00a0Pro, iPhone\u00a013\u00a0veya iPhone\u00a013\u00a0Pro\u2019nuza yap\u0131\u015farak g\u00fcvenli kablosuz \u015farj\u00a0olana\u011f\u0131 sa\u011fl\u0131yor. \u00dcstelik yap\u0131\u015ft\u0131\u011f\u0131\u00a0anda otomatik\u00a0olarak \u015farj\u00a0etmeye ba\u015flad\u0131\u011f\u0131ndan a\u00e7\u0131p\u00a0kapatman\u0131z gerekmiyor. Kredi kartlar\u0131n\u0131z\u0131n\u00a0veya uzaktan kumandal\u0131 anahtarlar\u0131n\u0131z\u0131n \u00e7al\u0131\u015fmas\u0131n\u0131\u00a0da engellemiyor.MagSafe Battery Pack, MacBook ile sunulanlar gibi 27\u00a0W\u00a0veya daha g\u00fc\u00e7l\u00fc bir \u015farj ayg\u0131t\u0131yla kullan\u0131ld\u0131\u011f\u0131nda daha\u00a0da h\u0131zl\u0131&#8230;<\/p>\n","protected":false},"featured_media":110768,"comment_status":"open","ping_status":"closed","template":"","meta":{"_kad_post_transparent":"","_kad_post_title":"","_kad_post_layout":"","_kad_post_sidebar_id":"","_kad_post_content_style":"","_kad_post_vertical_padding":"","_kad_post_feature":"","_kad_post_feature_position":"","_kad_post_header":false,"_kad_post_footer":false,"_kad_post_classname":""},"product_brand":[],"product_cat":[14937],"product_tag":[],"class_list":{"0":"post-110769","1":"product","2":"type-product","3":"status-publish","4":"has-post-thumbnail","6":"product_cat-powerbank-powerbank-2","8":"first","9":"instock","10":"purchasable","11":"product-type-simple","12":"entry","13":"content-bg","14":"loop-entry"},"_links":{"self":[{"href":"https:\/\/www.hediyepazar.com\/index.php?rest_route=\/wp\/v2\/product\/110769","targetHints":{"allow":["GET"]}}],"collection":[{"href":"https:\/\/www.hediyepazar.com\/index.php?rest_route=\/wp\/v2\/product"}],"about":[{"href":"https:\/\/www.hediyepazar.com\/index.php?rest_route=\/wp\/v2\/types\/product"}],"replies":[{"embeddable":true,"href":"https:\/\/www.hediyepazar.com\/index.php?rest_route=%2Fwp%2Fv2%2Fcomments&post=110769"}],"wp:featuredmedia":[{"embeddable":true,"href":"https:\/\/www.hediyepazar.com\/index.php?rest_route=\/wp\/v2\/media\/110768"}],"wp:attachment":[{"href":"https:\/\/www.hediyepazar.com\/index.php?rest_route=%2Fwp%2Fv2%2Fmedia&parent=110769"}],"wp:term":[{"taxonomy":"product_brand","embeddable":true,"href":"https:\/\/www.hediyepazar.com\/index.php?rest_route=%2Fwp%2Fv2%2Fproduct_brand&post=110769"},{"taxonomy":"product_cat","embeddable":true,"href":"https:\/\/www.hediyepazar.com\/index.php?rest_route=%2Fwp%2Fv2%2Fproduct_cat&post=110769"},{"taxonomy":"product_tag","embeddable":true,"href":"https:\/\/www.hediyepazar.com\/index.php?rest_route=%2Fwp%2Fv2%2Fproduct_tag&post=110769"}],"curies":[{"name":"wp","href":"https:\/\/api.w.org\/{rel}","templated":true}]}}