{"id":110773,"date":"2026-05-05T05:24:19","date_gmt":"2026-05-05T08:24:19","guid":{"rendered":"https:\/\/www.hediyepazar.com\/?product=pg-9010-mouse-fare"},"modified":"2026-05-05T05:24:19","modified_gmt":"2026-05-05T08:24:19","slug":"pg-9010-mouse-fare","status":"publish","type":"product","link":"https:\/\/www.hediyepazar.com\/?product=pg-9010-mouse-fare","title":{"rendered":"PG-9010 MOUSE FARE"},"content":{"rendered":"<p>\u00c7ift modlu 2.4Ghz ve Bluetooth 5.0Bu kablosuz fare, 4.0 kullanan kablosuz farelerin aksine y\u00fckseltilmi\u015f Bluetooth 5.0 \u00e7ipi ile birlikte gelir, Bluetooth 5.0 daha kararl\u0131 ve d\u00fc\u015f\u00fck gecikmeli bir ba\u011flant\u0131 sa\u011flar. Ayr\u0131ca, s\u00fcr\u00fcc\u00fc gerektirmeyen ve 3 cihaza kadar ba\u011flanabilen daha kararl\u0131 ve parazitlere dayan\u0131kl\u0131 2.4Ghz kablosuz ba\u011flant\u0131, Tak ve \u00c7al\u0131\u015ft\u0131r \u00f6zelli\u011fini de kullanabilirsiniz. Arkadaki d\u00fc\u011fmeye bir dokunu\u015fla 2,4 GHz kablosuz ve Bluetooth aras\u0131nda ge\u00e7i\u015f yapabilirsiniz. \u00a0\u00a0\u00a0\u015eeffaf Kabuk ve Al\u0131c\u0131 Manyetik Depolama Yuvas\u0131S\u0131radan ince bilgisayar farelerinin aksine, bu ofis faresi d\u0131\u015f kabu\u011fu i\u00e7in \u015feffaf bir PC malzemesine sahiptir, b\u00f6ylece i\u00e7 k\u0131sm\u0131n\u0131n ayr\u0131nt\u0131lar\u0131n\u0131 do\u011frudan g\u00f6rebilirsiniz. Hem \u00fcst kapak hem de al\u0131c\u0131 saklama yuvas\u0131 manyetik olarak tutturulmu\u015ftur, b\u00f6ylece \u00fcst kapa\u011f\u0131 a\u00e7abilir ve al\u0131c\u0131y\u0131 saklama yuvas\u0131na takabilir ve bir daha asla al\u0131c\u0131y\u0131 kaybetme konusunda endi\u015felenmezsiniz. \u00a0\u00a0\u00a0\u015earj Edilebilir ve Pil Seviyesi G\u00f6r\u00fcn\u00fcr Dahili y\u00fcksek performansl\u0131 \u015farj edilebilir pil ile faremiz tam \u015farjla 30 g\u00fcne kadar dayanabilir ve tam \u015farj olmas\u0131 yaln\u0131zca 40 dakika s\u00fcren uzun bir bekleme s\u00fcresine sahiptir; kalan pil g\u00fcc\u00fcn\u00fcn g\u00f6rselle\u015ftirilmesi, ger\u00e7ek zamanl\u0131 g\u00fc\u00e7 durumunu kontrol etmeyi kolayla\u015ft\u0131r\u0131r; otomatik uyku modu gereksiz g\u00fc\u00e7 t\u00fcketimini etkili bir \u015fekilde azalt\u0131r ve herhangi bir d\u00fc\u011fmeye t\u0131kland\u0131\u011f\u0131nda tekrar uyan\u0131r. \u00a0\u00a0\u00a0Sessiz T\u0131klama ve Metal Kayd\u0131rma Tekerle\u011fi A\u00e7\u0131k bir ofiste, k\u00fct\u00fcphanede, hatta kalabal\u0131k bir trende etraf\u0131n\u0131zdakileri rahats\u0131z etmeden \u00e7al\u0131\u015f\u0131n. Sevdi\u011finiz ayn\u0131 t\u0131klama ve kayd\u0131rma tekerle\u011fi hissini alacaks\u0131n\u0131z, ancak yakla\u015f\u0131k% 90 daha az g\u00fcr\u00fclt\u00fc yapacaks\u0131n\u0131z. Sa\u011flam kaymaz metal kayd\u0131rma tekerle\u011fi dokuyu geli\u015ftirirken, yuvarlan\u0131rken ellerinizin kaymamas\u0131n\u0131 sa\u011flar.<\/p>\n","protected":false},"excerpt":{"rendered":"<p>\u00c7ift modlu 2.4Ghz ve Bluetooth 5.0Bu kablosuz fare, 4.0 kullanan kablosuz farelerin aksine y\u00fckseltilmi\u015f Bluetooth 5.0 \u00e7ipi ile birlikte gelir, Bluetooth 5.0 daha kararl\u0131 ve d\u00fc\u015f\u00fck gecikmeli bir ba\u011flant\u0131 sa\u011flar. Ayr\u0131ca, s\u00fcr\u00fcc\u00fc gerektirmeyen ve 3 cihaza kadar ba\u011flanabilen daha kararl\u0131 ve parazitlere dayan\u0131kl\u0131 2.4Ghz kablosuz ba\u011flant\u0131, Tak ve \u00c7al\u0131\u015ft\u0131r \u00f6zelli\u011fini de kullanabilirsiniz. Arkadaki d\u00fc\u011fmeye bir&#8230;<\/p>\n","protected":false},"featured_media":110772,"comment_status":"open","ping_status":"closed","template":"","meta":{"_kad_post_transparent":"","_kad_post_title":"","_kad_post_layout":"","_kad_post_sidebar_id":"","_kad_post_content_style":"","_kad_post_vertical_padding":"","_kad_post_feature":"","_kad_post_feature_position":"","_kad_post_header":false,"_kad_post_footer":false,"_kad_post_classname":""},"product_brand":[],"product_cat":[14973],"product_tag":[],"class_list":{"0":"post-110773","1":"product","2":"type-product","3":"status-publish","4":"has-post-thumbnail","6":"product_cat-mouse-mouse","8":"first","9":"instock","10":"purchasable","11":"product-type-simple","12":"entry","13":"content-bg","14":"loop-entry"},"_links":{"self":[{"href":"https:\/\/www.hediyepazar.com\/index.php?rest_route=\/wp\/v2\/product\/110773","targetHints":{"allow":["GET"]}}],"collection":[{"href":"https:\/\/www.hediyepazar.com\/index.php?rest_route=\/wp\/v2\/product"}],"about":[{"href":"https:\/\/www.hediyepazar.com\/index.php?rest_route=\/wp\/v2\/types\/product"}],"replies":[{"embeddable":true,"href":"https:\/\/www.hediyepazar.com\/index.php?rest_route=%2Fwp%2Fv2%2Fcomments&post=110773"}],"wp:featuredmedia":[{"embeddable":true,"href":"https:\/\/www.hediyepazar.com\/index.php?rest_route=\/wp\/v2\/media\/110772"}],"wp:attachment":[{"href":"https:\/\/www.hediyepazar.com\/index.php?rest_route=%2Fwp%2Fv2%2Fmedia&parent=110773"}],"wp:term":[{"taxonomy":"product_brand","embeddable":true,"href":"https:\/\/www.hediyepazar.com\/index.php?rest_route=%2Fwp%2Fv2%2Fproduct_brand&post=110773"},{"taxonomy":"product_cat","embeddable":true,"href":"https:\/\/www.hediyepazar.com\/index.php?rest_route=%2Fwp%2Fv2%2Fproduct_cat&post=110773"},{"taxonomy":"product_tag","embeddable":true,"href":"https:\/\/www.hediyepazar.com\/index.php?rest_route=%2Fwp%2Fv2%2Fproduct_tag&post=110773"}],"curies":[{"name":"wp","href":"https:\/\/api.w.org\/{rel}","templated":true}]}}