{"id":110775,"date":"2026-05-05T05:26:07","date_gmt":"2026-05-05T08:26:07","guid":{"rendered":"https:\/\/www.hediyepazar.com\/?product=wifi-5-adaptor"},"modified":"2026-05-05T05:26:07","modified_gmt":"2026-05-05T08:26:07","slug":"wifi-5-adaptor","status":"publish","type":"product","link":"https:\/\/www.hediyepazar.com\/?product=wifi-5-adaptor","title":{"rendered":"W\u0130F\u0130 5 ADAPT\u00d6R"},"content":{"rendered":"<p>Dual Band USB Adapt\u00f6r Wifi Al\u0131c\u0131 Wifi Adapt\u00f6r USB 3.0 Wireless Adapt\u00f6r 8gHz Wifi Adapt\u00f6r Kablosuz Wifi Al\u0131c\u0131 G\u00fc\u00e7l\u00fc Anten Wifi Al\u0131c\u0131 Adapt\u00f6r Ultratekno Dual Band USB Adapt\u00f6r Wifi Al\u0131c\u0131, g\u00fc\u00e7l\u00fc performans\u0131 ve geni\u015f uyumlulu\u011fuyla dikkat \u00e7eken bir kablosuz a\u011f \u00e7\u00f6z\u00fcm\u00fcd\u00fcr Windows 10\/8\/7\/Vista\/XP\/2000 ve Mac OS X 10 15 i\u015fletim sistemleri ile uyumlu olan bu adapt\u00f6r, kullan\u0131c\u0131lar\u0131na h\u0131zl\u0131 ve g\u00fcvenilir bir internet deneyimi sunar. Y\u00fcksek H\u0131zl\u0131 Kablosuz Ba\u011flant\u0131: 1200 Mbps&#8217;ye kadar h\u0131za \u00e7\u0131kabilen Ultratekno Dual Band Wireless Adapt\u00f6r, oyun, HD video izleme ve dosya indirme gibi yo\u011fun internet kullan\u0131m\u0131 gerektiren aktivitelerde m\u00fckemmel performans sa\u011flar. \u00c7ift Bant Teknolojisi: Ultratekno Wifi Adapt\u00f6r 2.4 GHz ve 5.8 GHz frekanslar\u0131nda \u00e7al\u0131\u015fabilme \u00f6zelli\u011fi sayesinde, adapt\u00f6r her iki bantta da g\u00fc\u00e7l\u00fc bir ba\u011flant\u0131 sunar Bu, daha geni\u015f bir kablosuz kapsama alan\u0131 ve daha az giri\u015fim anlam\u0131na gelir Geni\u015f Uyumlu: Windows ve Mac i\u015fletim sistemleriyle tam uyumlu olan Ultratekno W\u0130F\u0130 al\u0131c\u0131, farkl\u0131 cihazlarda sorunsuz bir \u015fekilde kullan\u0131labilir, eski ve yeni bilgisayarlar\u0131n\u0131z\u0131 g\u00fcncelleyebilirsiniz Y\u00fcksek Menzil ve Stabil Ba\u011flant\u0131: \u00c7ift anten tasar\u0131m\u0131 sayesinde Ultratekno, g\u00fc\u00e7l\u00fc bir sinyal g\u00fcc\u00fc ve geni\u015f menzil sunar, b\u00f6ylece zay\u0131f sinyal alan b\u00f6lgelerde bile kesintisiz ba\u011flant\u0131 sa\u011flar USB 3.0 Deste\u011fi: USB 3.0 teknolojisi ile uyumlu olan adapt\u00f6r, veri transferini h\u0131zland\u0131rarak dosya payla\u015f\u0131m\u0131 ve y\u00fckleme s\u00fcrelerini optimize eder<\/p>\n","protected":false},"excerpt":{"rendered":"<p>Dual Band USB Adapt\u00f6r Wifi Al\u0131c\u0131 Wifi Adapt\u00f6r USB 3.0 Wireless Adapt\u00f6r 8gHz Wifi Adapt\u00f6r Kablosuz Wifi Al\u0131c\u0131 G\u00fc\u00e7l\u00fc Anten Wifi Al\u0131c\u0131 Adapt\u00f6r Ultratekno Dual Band USB Adapt\u00f6r Wifi Al\u0131c\u0131, g\u00fc\u00e7l\u00fc performans\u0131 ve geni\u015f uyumlulu\u011fuyla dikkat \u00e7eken bir kablosuz a\u011f \u00e7\u00f6z\u00fcm\u00fcd\u00fcr Windows 10\/8\/7\/Vista\/XP\/2000 ve Mac OS X 10 15 i\u015fletim sistemleri ile uyumlu olan bu&#8230;<\/p>\n","protected":false},"featured_media":110774,"comment_status":"open","ping_status":"closed","template":"","meta":{"_kad_post_transparent":"","_kad_post_title":"","_kad_post_layout":"","_kad_post_sidebar_id":"","_kad_post_content_style":"","_kad_post_vertical_padding":"","_kad_post_feature":"","_kad_post_feature_position":"","_kad_post_header":false,"_kad_post_footer":false,"_kad_post_classname":""},"product_brand":[],"product_cat":[14989],"product_tag":[],"class_list":{"0":"post-110775","1":"product","2":"type-product","3":"status-publish","4":"has-post-thumbnail","6":"product_cat-wireless-adaptor-wireless-adaptor","8":"first","9":"instock","10":"purchasable","11":"product-type-simple","12":"entry","13":"content-bg","14":"loop-entry"},"_links":{"self":[{"href":"https:\/\/www.hediyepazar.com\/index.php?rest_route=\/wp\/v2\/product\/110775","targetHints":{"allow":["GET"]}}],"collection":[{"href":"https:\/\/www.hediyepazar.com\/index.php?rest_route=\/wp\/v2\/product"}],"about":[{"href":"https:\/\/www.hediyepazar.com\/index.php?rest_route=\/wp\/v2\/types\/product"}],"replies":[{"embeddable":true,"href":"https:\/\/www.hediyepazar.com\/index.php?rest_route=%2Fwp%2Fv2%2Fcomments&post=110775"}],"wp:featuredmedia":[{"embeddable":true,"href":"https:\/\/www.hediyepazar.com\/index.php?rest_route=\/wp\/v2\/media\/110774"}],"wp:attachment":[{"href":"https:\/\/www.hediyepazar.com\/index.php?rest_route=%2Fwp%2Fv2%2Fmedia&parent=110775"}],"wp:term":[{"taxonomy":"product_brand","embeddable":true,"href":"https:\/\/www.hediyepazar.com\/index.php?rest_route=%2Fwp%2Fv2%2Fproduct_brand&post=110775"},{"taxonomy":"product_cat","embeddable":true,"href":"https:\/\/www.hediyepazar.com\/index.php?rest_route=%2Fwp%2Fv2%2Fproduct_cat&post=110775"},{"taxonomy":"product_tag","embeddable":true,"href":"https:\/\/www.hediyepazar.com\/index.php?rest_route=%2Fwp%2Fv2%2Fproduct_tag&post=110775"}],"curies":[{"name":"wp","href":"https:\/\/api.w.org\/{rel}","templated":true}]}}