{"id":110793,"date":"2026-05-05T05:30:00","date_gmt":"2026-05-05T08:30:00","guid":{"rendered":"https:\/\/www.hediyepazar.com\/?product=m10-kulaklik"},"modified":"2026-05-05T05:30:00","modified_gmt":"2026-05-05T08:30:00","slug":"m10-kulaklik","status":"publish","type":"product","link":"https:\/\/www.hediyepazar.com\/?product=m10-kulaklik","title":{"rendered":"M10 KULAKLIK"},"content":{"rendered":"<p>M10 Kablosuz Bluetooth Kulakl\u0131k, y\u00fcksek ses kalitesi ve uzun pil \u00f6mr\u00fc ile g\u00fcnl\u00fck kullan\u0131m i\u00e7in ideal bir se\u00e7enektir. Bluetooth 5.1 teknolojisi sayesinde stabil ve h\u0131zl\u0131 ba\u011flant\u0131 sa\u011flarken, ergonomik tasar\u0131m\u0131yla rahat bir kullan\u0131m sunar. M\u00fczik dinlerken veya telefon g\u00f6r\u00fc\u015fmeleri yaparken \u00fcst\u00fcn ses deneyimi ya\u015faman\u0131z i\u00e7in tasarlanm\u0131\u015ft\u0131r.\u00d6ne \u00c7\u0131kan \u00d6zellikler: G\u00fc\u00e7l\u00fc Ses Kalitesi: Derin bas ve net tizler ile m\u00fczi\u011fin tad\u0131n\u0131 \u00e7\u0131kar\u0131n. Bluetooth 5.1: H\u0131zl\u0131 ve stabil ba\u011flant\u0131 sayesinde kesintisiz bir deneyim ya\u015fay\u0131n. Uzun Pil \u00d6mr\u00fc: Tek \u015farjla 5 saate kadar m\u00fczik dinleme, \u015farj kutusu ile toplamda 20 saate kadar kullan\u0131m s\u00fcresi. G\u00fcr\u00fclt\u00fc Engelleme \u00d6zelli\u011fi: Ortam g\u00fcr\u00fclt\u00fcs\u00fcn\u00fc azaltarak daha net bir ses deneyimi sunar. Ergonomik ve Hafif Tasar\u0131m: Kulak yap\u0131s\u0131na uyumlu tasar\u0131m\u0131 sayesinde uzun s\u00fcreli kullan\u0131mlarda bile konfor sa\u011flar.Teknik \u00d6zellikler: Bluetooth Versiyonu: 5.1 \u00c7al\u0131\u015fma S\u00fcresi: 5 saat (\u015farj kutusu ile 20 saate kadar) \u015earj S\u00fcresi: 1.5 saat Kapsama Alan\u0131: 10 metreye kadarM10 Kablosuz Bluetooth Kulakl\u0131k ile hem \u015f\u0131kl\u0131\u011f\u0131 hem de y\u00fcksek ses performans\u0131n\u0131 deneyimleyin!<\/p>\n","protected":false},"excerpt":{"rendered":"<p>M10 Kablosuz Bluetooth Kulakl\u0131k, y\u00fcksek ses kalitesi ve uzun pil \u00f6mr\u00fc ile g\u00fcnl\u00fck kullan\u0131m i\u00e7in ideal bir se\u00e7enektir. Bluetooth 5.1 teknolojisi sayesinde stabil ve h\u0131zl\u0131 ba\u011flant\u0131 sa\u011flarken, ergonomik tasar\u0131m\u0131yla rahat bir kullan\u0131m sunar. M\u00fczik dinlerken veya telefon g\u00f6r\u00fc\u015fmeleri yaparken \u00fcst\u00fcn ses deneyimi ya\u015faman\u0131z i\u00e7in tasarlanm\u0131\u015ft\u0131r.\u00d6ne \u00c7\u0131kan \u00d6zellikler: G\u00fc\u00e7l\u00fc Ses Kalitesi: Derin bas ve net tizler&#8230;<\/p>\n","protected":false},"featured_media":110792,"comment_status":"open","ping_status":"closed","template":"","meta":{"_kad_post_transparent":"","_kad_post_title":"","_kad_post_layout":"","_kad_post_sidebar_id":"","_kad_post_content_style":"","_kad_post_vertical_padding":"","_kad_post_feature":"","_kad_post_feature_position":"","_kad_post_header":false,"_kad_post_footer":false,"_kad_post_classname":""},"product_brand":[],"product_cat":[14957],"product_tag":[],"class_list":{"0":"post-110793","1":"product","2":"type-product","3":"status-publish","4":"has-post-thumbnail","6":"product_cat-kablosuz-kulaklik-kablosuz-kulaklik","8":"first","9":"instock","10":"purchasable","11":"product-type-simple","12":"entry","13":"content-bg","14":"loop-entry"},"_links":{"self":[{"href":"https:\/\/www.hediyepazar.com\/index.php?rest_route=\/wp\/v2\/product\/110793","targetHints":{"allow":["GET"]}}],"collection":[{"href":"https:\/\/www.hediyepazar.com\/index.php?rest_route=\/wp\/v2\/product"}],"about":[{"href":"https:\/\/www.hediyepazar.com\/index.php?rest_route=\/wp\/v2\/types\/product"}],"replies":[{"embeddable":true,"href":"https:\/\/www.hediyepazar.com\/index.php?rest_route=%2Fwp%2Fv2%2Fcomments&post=110793"}],"wp:featuredmedia":[{"embeddable":true,"href":"https:\/\/www.hediyepazar.com\/index.php?rest_route=\/wp\/v2\/media\/110792"}],"wp:attachment":[{"href":"https:\/\/www.hediyepazar.com\/index.php?rest_route=%2Fwp%2Fv2%2Fmedia&parent=110793"}],"wp:term":[{"taxonomy":"product_brand","embeddable":true,"href":"https:\/\/www.hediyepazar.com\/index.php?rest_route=%2Fwp%2Fv2%2Fproduct_brand&post=110793"},{"taxonomy":"product_cat","embeddable":true,"href":"https:\/\/www.hediyepazar.com\/index.php?rest_route=%2Fwp%2Fv2%2Fproduct_cat&post=110793"},{"taxonomy":"product_tag","embeddable":true,"href":"https:\/\/www.hediyepazar.com\/index.php?rest_route=%2Fwp%2Fv2%2Fproduct_tag&post=110793"}],"curies":[{"name":"wp","href":"https:\/\/api.w.org\/{rel}","templated":true}]}}