{"id":110795,"date":"2026-05-05T05:30:06","date_gmt":"2026-05-05T08:30:06","guid":{"rendered":"https:\/\/www.hediyepazar.com\/?product=lamba-hoparlor"},"modified":"2026-05-05T05:30:06","modified_gmt":"2026-05-05T08:30:06","slug":"lamba-hoparlor","status":"publish","type":"product","link":"https:\/\/www.hediyepazar.com\/?product=lamba-hoparlor","title":{"rendered":"LAMBA HOPARL\u00d6R"},"content":{"rendered":"<p>BLUETOOTH\u00a0BA\u011eLANTILI LAMBA HOPARL\u00d6R Bluetooth Hoparl\u00f6r Ve Led Lamba Uzaktan Kumandal\u0131 \u00dcr\u00fcn\u00fcn Boyutu: 13.6cm x 9.3 Voltaj: 100-240v\/50-60hz G\u00fc\u00e7: 12w rms Led g\u00fc\u00e7: 7w Hoparl\u00f6r G\u00fc\u00e7: 3W RMS Frekans Tepkisi: 135hz 15 khz Bluetooth G\u00f6r\u00fc\u015f: 3.0 Yap\u0131land\u0131rma Destek: A2DP Radyo Aral\u0131\u011f\u0131: 10m( 33ft) Led I\u015f\u0131k Rengi: Kar\u0131\u015f\u0131k renk Lamba Taban\u0131: E27 Ak\u0131ll\u0131 LED Ampul m\u00fczik ile \u0131\u015f\u0131k birle\u015ftirmek ve uyumlu mobil cihaz\u0131n\u0131zdan kontrol etmenizi sa\u011flar. Android 2.3.3 destekler. iPhone destekler bunun i\u00e7in IOS 7.0 ve sonraki s\u00fcr\u00fcmleri ile sadece QR kodunu taray\u0131n ve uygulamay\u0131 indirin.<\/p>\n","protected":false},"excerpt":{"rendered":"<p>BLUETOOTH\u00a0BA\u011eLANTILI LAMBA HOPARL\u00d6R Bluetooth Hoparl\u00f6r Ve Led Lamba Uzaktan Kumandal\u0131 \u00dcr\u00fcn\u00fcn Boyutu: 13.6cm x 9.3 Voltaj: 100-240v\/50-60hz G\u00fc\u00e7: 12w rms Led g\u00fc\u00e7: 7w Hoparl\u00f6r G\u00fc\u00e7: 3W RMS Frekans Tepkisi: 135hz 15 khz Bluetooth G\u00f6r\u00fc\u015f: 3.0 Yap\u0131land\u0131rma Destek: A2DP Radyo Aral\u0131\u011f\u0131: 10m( 33ft) Led I\u015f\u0131k Rengi: Kar\u0131\u015f\u0131k renk Lamba Taban\u0131: E27 Ak\u0131ll\u0131 LED Ampul m\u00fczik ile&#8230;<\/p>\n","protected":false},"featured_media":110794,"comment_status":"open","ping_status":"closed","template":"","meta":{"_kad_post_transparent":"","_kad_post_title":"","_kad_post_layout":"","_kad_post_sidebar_id":"","_kad_post_content_style":"","_kad_post_vertical_padding":"","_kad_post_feature":"","_kad_post_feature_position":"","_kad_post_header":false,"_kad_post_footer":false,"_kad_post_classname":""},"product_brand":[],"product_cat":[14911],"product_tag":[],"class_list":{"0":"post-110795","1":"product","2":"type-product","3":"status-publish","4":"has-post-thumbnail","6":"product_cat-kablosuz-hoparlor-kablosuz-hoparlor","8":"first","9":"instock","10":"purchasable","11":"product-type-simple","12":"entry","13":"content-bg","14":"loop-entry"},"_links":{"self":[{"href":"https:\/\/www.hediyepazar.com\/index.php?rest_route=\/wp\/v2\/product\/110795","targetHints":{"allow":["GET"]}}],"collection":[{"href":"https:\/\/www.hediyepazar.com\/index.php?rest_route=\/wp\/v2\/product"}],"about":[{"href":"https:\/\/www.hediyepazar.com\/index.php?rest_route=\/wp\/v2\/types\/product"}],"replies":[{"embeddable":true,"href":"https:\/\/www.hediyepazar.com\/index.php?rest_route=%2Fwp%2Fv2%2Fcomments&post=110795"}],"wp:featuredmedia":[{"embeddable":true,"href":"https:\/\/www.hediyepazar.com\/index.php?rest_route=\/wp\/v2\/media\/110794"}],"wp:attachment":[{"href":"https:\/\/www.hediyepazar.com\/index.php?rest_route=%2Fwp%2Fv2%2Fmedia&parent=110795"}],"wp:term":[{"taxonomy":"product_brand","embeddable":true,"href":"https:\/\/www.hediyepazar.com\/index.php?rest_route=%2Fwp%2Fv2%2Fproduct_brand&post=110795"},{"taxonomy":"product_cat","embeddable":true,"href":"https:\/\/www.hediyepazar.com\/index.php?rest_route=%2Fwp%2Fv2%2Fproduct_cat&post=110795"},{"taxonomy":"product_tag","embeddable":true,"href":"https:\/\/www.hediyepazar.com\/index.php?rest_route=%2Fwp%2Fv2%2Fproduct_tag&post=110795"}],"curies":[{"name":"wp","href":"https:\/\/api.w.org\/{rel}","templated":true}]}}