{"id":110797,"date":"2026-05-05T05:30:11","date_gmt":"2026-05-05T08:30:11","guid":{"rendered":"https:\/\/www.hediyepazar.com\/?product=pro-5-kulaklik"},"modified":"2026-05-05T05:30:11","modified_gmt":"2026-05-05T08:30:11","slug":"pro-5-kulaklik","status":"publish","type":"product","link":"https:\/\/www.hediyepazar.com\/?product=pro-5-kulaklik","title":{"rendered":"PRO 5 KULAKLIK"},"content":{"rendered":"<p>Mikrofonu sesli g\u00f6r\u00fc\u015fmelerde sesi net bir \u015fekilde iletme \u00f6zelli\u011fine sahip olan kulak i\u00e7i Bluetooth kulakl\u0131k ile her an her yerde sesi kay\u0131t alt\u0131na almak m\u00fcmk\u00fcn hale gelir. Kablosuz bir \u015fekilde ba\u011flant\u0131 kuran ve ba\u011flant\u0131 kurmas\u0131 h\u0131zl\u0131 bir \u015fekilde ger\u00e7ekle\u015fen mikrofonlu Bluetooth kulakl\u0131k bir defa telefona veya tablete ba\u011fland\u0131ktan sonraki otomatik bir \u015fekilde cihazla e\u015fle\u015fir. Stereo ses \u00e7\u0131k\u0131\u015f\u0131na sahip olan ve kullan\u0131m saatleri boyunca sesi ayn\u0131 seviyede veren beyaz Bluetooth kulakl\u0131k \u00e7evre g\u00fcr\u00fclt\u00fcs\u00fcn\u00fc bast\u0131rarak oyun oynamay\u0131, m\u00fczik dinlemeyi ve video izlemeyi m\u00fcmk\u00fcn k\u0131lar. Bas\u0131n\u00e7l\u0131 ve bas\u0131n\u00e7s\u0131z sesleri alg\u0131lama \u00f6zelli\u011fine sahip olan suya dayan\u0131kl\u0131 Bluetooth kulakl\u0131k ile a\u011f\u0131rl\u0131k kald\u0131rma ve y\u00fcr\u00fcy\u00fc\u015f gibi hareketli sporlar yap\u0131labilir. Bluetooth ba\u011flant\u0131s\u0131 h\u0131zl\u0131 ve kararl\u0131 olan Pro 5 Mini ya\u011fmurlu havalarda kullan\u0131labilece\u011fi gibi terleten s\u0131cak havalarda da kullan\u0131ma uygunluk g\u00f6sterir. Kulaklara tam olarak oturan 5.0 Bluetooth kulakl\u0131k ergonomik tasar\u0131m\u0131 ile \u00f6n plana \u00e7\u0131kar. Ses kalitesi y\u00fcksek olan ve boyutu ile ceket ve pantolon cebine s\u0131\u011fabilen Pro 5 Mini kulakl\u0131k sistemindeki tiz sesler ve baslar dengeli bir \u015fekilde verilir. \u015earj\u0131 uzun s\u00fcre dayanan kablosuz kulakl\u0131k ile sesli asistan kullan\u0131labilir. Kulakl\u0131k kablosuz bir \u015fekilde \u015farj istasyonu ile \u015farj\u0131 doldurulabilir.<\/p>\n","protected":false},"excerpt":{"rendered":"<p>Mikrofonu sesli g\u00f6r\u00fc\u015fmelerde sesi net bir \u015fekilde iletme \u00f6zelli\u011fine sahip olan kulak i\u00e7i Bluetooth kulakl\u0131k ile her an her yerde sesi kay\u0131t alt\u0131na almak m\u00fcmk\u00fcn hale gelir. Kablosuz bir \u015fekilde ba\u011flant\u0131 kuran ve ba\u011flant\u0131 kurmas\u0131 h\u0131zl\u0131 bir \u015fekilde ger\u00e7ekle\u015fen mikrofonlu Bluetooth kulakl\u0131k bir defa telefona veya tablete ba\u011fland\u0131ktan sonraki otomatik bir \u015fekilde cihazla e\u015fle\u015fir. Stereo&#8230;<\/p>\n","protected":false},"featured_media":110796,"comment_status":"open","ping_status":"closed","template":"","meta":{"_kad_post_transparent":"","_kad_post_title":"","_kad_post_layout":"","_kad_post_sidebar_id":"","_kad_post_content_style":"","_kad_post_vertical_padding":"","_kad_post_feature":"","_kad_post_feature_position":"","_kad_post_header":false,"_kad_post_footer":false,"_kad_post_classname":""},"product_brand":[],"product_cat":[14957],"product_tag":[],"class_list":{"0":"post-110797","1":"product","2":"type-product","3":"status-publish","4":"has-post-thumbnail","6":"product_cat-kablosuz-kulaklik-kablosuz-kulaklik","8":"first","9":"instock","10":"purchasable","11":"product-type-simple","12":"entry","13":"content-bg","14":"loop-entry"},"_links":{"self":[{"href":"https:\/\/www.hediyepazar.com\/index.php?rest_route=\/wp\/v2\/product\/110797","targetHints":{"allow":["GET"]}}],"collection":[{"href":"https:\/\/www.hediyepazar.com\/index.php?rest_route=\/wp\/v2\/product"}],"about":[{"href":"https:\/\/www.hediyepazar.com\/index.php?rest_route=\/wp\/v2\/types\/product"}],"replies":[{"embeddable":true,"href":"https:\/\/www.hediyepazar.com\/index.php?rest_route=%2Fwp%2Fv2%2Fcomments&post=110797"}],"wp:featuredmedia":[{"embeddable":true,"href":"https:\/\/www.hediyepazar.com\/index.php?rest_route=\/wp\/v2\/media\/110796"}],"wp:attachment":[{"href":"https:\/\/www.hediyepazar.com\/index.php?rest_route=%2Fwp%2Fv2%2Fmedia&parent=110797"}],"wp:term":[{"taxonomy":"product_brand","embeddable":true,"href":"https:\/\/www.hediyepazar.com\/index.php?rest_route=%2Fwp%2Fv2%2Fproduct_brand&post=110797"},{"taxonomy":"product_cat","embeddable":true,"href":"https:\/\/www.hediyepazar.com\/index.php?rest_route=%2Fwp%2Fv2%2Fproduct_cat&post=110797"},{"taxonomy":"product_tag","embeddable":true,"href":"https:\/\/www.hediyepazar.com\/index.php?rest_route=%2Fwp%2Fv2%2Fproduct_tag&post=110797"}],"curies":[{"name":"wp","href":"https:\/\/api.w.org\/{rel}","templated":true}]}}