{"id":110801,"date":"2026-05-05T05:30:20","date_gmt":"2026-05-05T08:30:20","guid":{"rendered":"https:\/\/www.hediyepazar.com\/?product=mikser-bardak"},"modified":"2026-05-05T05:30:20","modified_gmt":"2026-05-05T08:30:20","slug":"mikser-bardak","status":"publish","type":"product","link":"https:\/\/www.hediyepazar.com\/?product=mikser-bardak","title":{"rendered":"M\u0130KSER BARDAK"},"content":{"rendered":"<p>Paslanmaz \u00e7elik malzemesi sayesinde uzun \u00f6m\u00fcrl\u00fc kullan\u0131m ve dayan\u0131kl\u0131l\u0131k sunar Kendi kendini kar\u0131\u015ft\u0131ran tasar\u0131m\u0131 ile i\u00e7eceklerinizi h\u0131zl\u0131 ve kolay bir \u015fekilde kar\u0131\u015ft\u0131rman\u0131z\u0131 sa\u011flar Is\u0131 yal\u0131t\u0131m \u00f6zelli\u011fi ile i\u00e7eceklerinizi s\u0131cak veya so\u011fuk tutarak ideal s\u0131cakl\u0131kta t\u00fcketmenize olanak tan\u0131r \u015e\u0131k ve modern g\u00f6r\u00fcn\u00fcm\u00fcyle dikkat \u00e7eken sar\u0131 renk se\u00e7ene\u011fi, g\u00fcnl\u00fck kullan\u0131m i\u00e7in estetik bir alternatif sunar<\/p>\n","protected":false},"excerpt":{"rendered":"<p>Paslanmaz \u00e7elik malzemesi sayesinde uzun \u00f6m\u00fcrl\u00fc kullan\u0131m ve dayan\u0131kl\u0131l\u0131k sunar Kendi kendini kar\u0131\u015ft\u0131ran tasar\u0131m\u0131 ile i\u00e7eceklerinizi h\u0131zl\u0131 ve kolay bir \u015fekilde kar\u0131\u015ft\u0131rman\u0131z\u0131 sa\u011flar Is\u0131 yal\u0131t\u0131m \u00f6zelli\u011fi ile i\u00e7eceklerinizi s\u0131cak veya so\u011fuk tutarak ideal s\u0131cakl\u0131kta t\u00fcketmenize olanak tan\u0131r \u015e\u0131k ve modern g\u00f6r\u00fcn\u00fcm\u00fcyle dikkat \u00e7eken sar\u0131 renk se\u00e7ene\u011fi, g\u00fcnl\u00fck kullan\u0131m i\u00e7in estetik bir alternatif sunar<\/p>\n","protected":false},"featured_media":110800,"comment_status":"open","ping_status":"closed","template":"","meta":{"_kad_post_transparent":"","_kad_post_title":"","_kad_post_layout":"","_kad_post_sidebar_id":"","_kad_post_content_style":"","_kad_post_vertical_padding":"","_kad_post_feature":"","_kad_post_feature_position":"","_kad_post_header":false,"_kad_post_footer":false,"_kad_post_classname":""},"product_brand":[],"product_cat":[15014],"product_tag":[],"class_list":{"0":"post-110801","1":"product","2":"type-product","3":"status-publish","4":"has-post-thumbnail","6":"product_cat-mug-mug","8":"first","9":"instock","10":"purchasable","11":"product-type-simple","12":"entry","13":"content-bg","14":"loop-entry"},"_links":{"self":[{"href":"https:\/\/www.hediyepazar.com\/index.php?rest_route=\/wp\/v2\/product\/110801","targetHints":{"allow":["GET"]}}],"collection":[{"href":"https:\/\/www.hediyepazar.com\/index.php?rest_route=\/wp\/v2\/product"}],"about":[{"href":"https:\/\/www.hediyepazar.com\/index.php?rest_route=\/wp\/v2\/types\/product"}],"replies":[{"embeddable":true,"href":"https:\/\/www.hediyepazar.com\/index.php?rest_route=%2Fwp%2Fv2%2Fcomments&post=110801"}],"wp:featuredmedia":[{"embeddable":true,"href":"https:\/\/www.hediyepazar.com\/index.php?rest_route=\/wp\/v2\/media\/110800"}],"wp:attachment":[{"href":"https:\/\/www.hediyepazar.com\/index.php?rest_route=%2Fwp%2Fv2%2Fmedia&parent=110801"}],"wp:term":[{"taxonomy":"product_brand","embeddable":true,"href":"https:\/\/www.hediyepazar.com\/index.php?rest_route=%2Fwp%2Fv2%2Fproduct_brand&post=110801"},{"taxonomy":"product_cat","embeddable":true,"href":"https:\/\/www.hediyepazar.com\/index.php?rest_route=%2Fwp%2Fv2%2Fproduct_cat&post=110801"},{"taxonomy":"product_tag","embeddable":true,"href":"https:\/\/www.hediyepazar.com\/index.php?rest_route=%2Fwp%2Fv2%2Fproduct_tag&post=110801"}],"curies":[{"name":"wp","href":"https:\/\/api.w.org\/{rel}","templated":true}]}}