{"id":110815,"date":"2026-05-05T05:33:05","date_gmt":"2026-05-05T08:33:05","guid":{"rendered":"https:\/\/www.hediyepazar.com\/?product=hk-9-pro-saat"},"modified":"2026-05-05T05:33:05","modified_gmt":"2026-05-05T08:33:05","slug":"hk-9-pro-saat","status":"publish","type":"product","link":"https:\/\/www.hediyepazar.com\/?product=hk-9-pro-saat","title":{"rendered":"HK 9 PRO SAAT"},"content":{"rendered":"<p>G\u00fcnl\u00fck aktivitelerinizi takip etmek i\u00e7in m\u00fckemmel bir yard\u0131mc\u0131: Ad\u0131msayar \u00f6zelli\u011fi ile ad\u0131mlar\u0131n\u0131z\u0131 sayar ve hareket halindeyken bile formunuzu koruman\u0131z\u0131 sa\u011flar &#8211; Sa\u011fl\u0131\u011f\u0131n\u0131z\u0131 ve fitness hedeflerinizi izleyin: Nab\u0131z sens\u00f6r\u00fc sayesinde kalp at\u0131\u015f h\u0131z\u0131n\u0131z\u0131 s\u00fcrekli olarak \u00f6l\u00e7er ve uyku kalitenizi de\u011ferlendirir &#8211; Ba\u011flant\u0131da kal\u0131n: Sesli g\u00f6r\u00fc\u015fme \u00f6zelli\u011fi ile telefonunuza dokunmadan \u00e7a\u011fr\u0131lara cevap verebilir, mesajlar\u0131n\u0131z\u0131 kontrol edebilirsiniz &#8211; G\u00fcvenilir navigasyon: GPS deste\u011fi ile konumunuzu hassas bir \u015fekilde belirler ve rotan\u0131z\u0131 kolayca takip edebilirsiniz &#8211; Uzun s\u00fcreli kullan\u0131m i\u00e7in ideal: 100-200 mAh aral\u0131\u011f\u0131ndaki batarya kapasitesi, g\u00fcn boyu \u015farj etmeden kullanman\u0131z\u0131 sa\u011flar &#8211; Dayan\u0131kl\u0131l\u0131k ve \u015f\u0131kl\u0131\u011f\u0131 bir arada: Suya ve toza kar\u015f\u0131 dayan\u0131kl\u0131l\u0131k \u00f6zelli\u011fi ile her t\u00fcrl\u00fc hava ko\u015fulunda g\u00fcvenle kullanabilirsiniz &#8211; Kolayca ki\u015fiselle\u015ftirilebilir tasar\u0131m: Siyah kordon ve kasa renk se\u00e7enekleriyle tarz\u0131n\u0131za uygun bir aksesuar se\u00e7ene\u011fi sunar<\/p>\n","protected":false},"excerpt":{"rendered":"<p>G\u00fcnl\u00fck aktivitelerinizi takip etmek i\u00e7in m\u00fckemmel bir yard\u0131mc\u0131: Ad\u0131msayar \u00f6zelli\u011fi ile ad\u0131mlar\u0131n\u0131z\u0131 sayar ve hareket halindeyken bile formunuzu koruman\u0131z\u0131 sa\u011flar &#8211; Sa\u011fl\u0131\u011f\u0131n\u0131z\u0131 ve fitness hedeflerinizi izleyin: Nab\u0131z sens\u00f6r\u00fc sayesinde kalp at\u0131\u015f h\u0131z\u0131n\u0131z\u0131 s\u00fcrekli olarak \u00f6l\u00e7er ve uyku kalitenizi de\u011ferlendirir &#8211; Ba\u011flant\u0131da kal\u0131n: Sesli g\u00f6r\u00fc\u015fme \u00f6zelli\u011fi ile telefonunuza dokunmadan \u00e7a\u011fr\u0131lara cevap verebilir, mesajlar\u0131n\u0131z\u0131 kontrol edebilirsiniz &#8211;&#8230;<\/p>\n","protected":false},"featured_media":110814,"comment_status":"open","ping_status":"closed","template":"","meta":{"_kad_post_transparent":"","_kad_post_title":"","_kad_post_layout":"","_kad_post_sidebar_id":"","_kad_post_content_style":"","_kad_post_vertical_padding":"","_kad_post_feature":"","_kad_post_feature_position":"","_kad_post_header":false,"_kad_post_footer":false,"_kad_post_classname":""},"product_brand":[],"product_cat":[14935],"product_tag":[],"class_list":{"0":"post-110815","1":"product","2":"type-product","3":"status-publish","4":"has-post-thumbnail","6":"product_cat-akilli-saatler-akilli-saatler","8":"first","9":"instock","10":"purchasable","11":"product-type-simple","12":"entry","13":"content-bg","14":"loop-entry"},"_links":{"self":[{"href":"https:\/\/www.hediyepazar.com\/index.php?rest_route=\/wp\/v2\/product\/110815","targetHints":{"allow":["GET"]}}],"collection":[{"href":"https:\/\/www.hediyepazar.com\/index.php?rest_route=\/wp\/v2\/product"}],"about":[{"href":"https:\/\/www.hediyepazar.com\/index.php?rest_route=\/wp\/v2\/types\/product"}],"replies":[{"embeddable":true,"href":"https:\/\/www.hediyepazar.com\/index.php?rest_route=%2Fwp%2Fv2%2Fcomments&post=110815"}],"wp:featuredmedia":[{"embeddable":true,"href":"https:\/\/www.hediyepazar.com\/index.php?rest_route=\/wp\/v2\/media\/110814"}],"wp:attachment":[{"href":"https:\/\/www.hediyepazar.com\/index.php?rest_route=%2Fwp%2Fv2%2Fmedia&parent=110815"}],"wp:term":[{"taxonomy":"product_brand","embeddable":true,"href":"https:\/\/www.hediyepazar.com\/index.php?rest_route=%2Fwp%2Fv2%2Fproduct_brand&post=110815"},{"taxonomy":"product_cat","embeddable":true,"href":"https:\/\/www.hediyepazar.com\/index.php?rest_route=%2Fwp%2Fv2%2Fproduct_cat&post=110815"},{"taxonomy":"product_tag","embeddable":true,"href":"https:\/\/www.hediyepazar.com\/index.php?rest_route=%2Fwp%2Fv2%2Fproduct_tag&post=110815"}],"curies":[{"name":"wp","href":"https:\/\/api.w.org\/{rel}","templated":true}]}}