{"id":110817,"date":"2026-05-05T05:33:11","date_gmt":"2026-05-05T08:33:11","guid":{"rendered":"https:\/\/www.hediyepazar.com\/?product=hava-nemlendirici"},"modified":"2026-05-05T05:33:11","modified_gmt":"2026-05-05T08:33:11","slug":"hava-nemlendirici","status":"publish","type":"product","link":"https:\/\/www.hediyepazar.com\/?product=hava-nemlendirici","title":{"rendered":"Hava nemlendirici"},"content":{"rendered":"<p>Hava Nemlendirici Aromatik Oda Kokusu Dif\u00fcz\u00f6r\u00fc Buhar Ultrasonik 7 Renk Led I\u015f\u0131kl\u0131 250ml 1. Y\u00fcksek kaliteli sis \u00e7\u0131k\u0131\u015f\u0131, su damlac\u0131klar\u0131n\u0131n \u00fcretimini azaltmak i\u00e7in sisi h\u0131zla toplar. Bu \u00fcr\u00fcn, ta\u015f\u0131mak i\u00e7in \u00e7ok uygun olan boyut ve hafiftir. \u00a0bu \u00fcr\u00fcn fonksiyonel zarif i\u015f\u00e7ilik ile yap\u0131l\u0131r ve g\u00f6r\u00fcn\u00fcm \u00e7ok \u015f\u0131k ve g\u00fczel. Bu nemlendirici hem nemlendirme hem de ayd\u0131nlatma etkilerine sahiptir ve \u00e7ok pratik bir i\u00e7 dekorasyondur. \u00dcr\u00fcn su deposu kapasitesi: 250ml Normal kullan\u0131m s\u00fcresi: s\u00fcrekli p\u00fcsk\u00fcrtme yakla\u015f\u0131k 4Saat: aral\u0131kl\u0131 p\u00fcsk\u00fcrtme yakla\u015f\u0131k 8Saat Sprey hacmi: 30-50ml\/saat \u00c7al\u0131\u015fma ak\u0131m\u0131: 300-450mA Kullan\u0131m g\u00fcc\u00fc: 8W Voltaj (V): 5V Malzeme: plastik Boyut: 140x140x106mm<\/p>\n","protected":false},"excerpt":{"rendered":"<p>Hava Nemlendirici Aromatik Oda Kokusu Dif\u00fcz\u00f6r\u00fc Buhar Ultrasonik 7 Renk Led I\u015f\u0131kl\u0131 250ml 1. Y\u00fcksek kaliteli sis \u00e7\u0131k\u0131\u015f\u0131, su damlac\u0131klar\u0131n\u0131n \u00fcretimini azaltmak i\u00e7in sisi h\u0131zla toplar. Bu \u00fcr\u00fcn, ta\u015f\u0131mak i\u00e7in \u00e7ok uygun olan boyut ve hafiftir. \u00a0bu \u00fcr\u00fcn fonksiyonel zarif i\u015f\u00e7ilik ile yap\u0131l\u0131r ve g\u00f6r\u00fcn\u00fcm \u00e7ok \u015f\u0131k ve g\u00fczel. Bu nemlendirici hem nemlendirme hem de&#8230;<\/p>\n","protected":false},"featured_media":110816,"comment_status":"open","ping_status":"closed","template":"","meta":{"_kad_post_transparent":"","_kad_post_title":"","_kad_post_layout":"","_kad_post_sidebar_id":"","_kad_post_content_style":"","_kad_post_vertical_padding":"","_kad_post_feature":"","_kad_post_feature_position":"","_kad_post_header":false,"_kad_post_footer":false,"_kad_post_classname":""},"product_brand":[],"product_cat":[14965],"product_tag":[],"class_list":{"0":"post-110817","1":"product","2":"type-product","3":"status-publish","4":"has-post-thumbnail","6":"product_cat-hava-nemlendirici-hava-nemlendirici","8":"first","9":"instock","10":"purchasable","11":"product-type-simple","12":"entry","13":"content-bg","14":"loop-entry"},"_links":{"self":[{"href":"https:\/\/www.hediyepazar.com\/index.php?rest_route=\/wp\/v2\/product\/110817","targetHints":{"allow":["GET"]}}],"collection":[{"href":"https:\/\/www.hediyepazar.com\/index.php?rest_route=\/wp\/v2\/product"}],"about":[{"href":"https:\/\/www.hediyepazar.com\/index.php?rest_route=\/wp\/v2\/types\/product"}],"replies":[{"embeddable":true,"href":"https:\/\/www.hediyepazar.com\/index.php?rest_route=%2Fwp%2Fv2%2Fcomments&post=110817"}],"wp:featuredmedia":[{"embeddable":true,"href":"https:\/\/www.hediyepazar.com\/index.php?rest_route=\/wp\/v2\/media\/110816"}],"wp:attachment":[{"href":"https:\/\/www.hediyepazar.com\/index.php?rest_route=%2Fwp%2Fv2%2Fmedia&parent=110817"}],"wp:term":[{"taxonomy":"product_brand","embeddable":true,"href":"https:\/\/www.hediyepazar.com\/index.php?rest_route=%2Fwp%2Fv2%2Fproduct_brand&post=110817"},{"taxonomy":"product_cat","embeddable":true,"href":"https:\/\/www.hediyepazar.com\/index.php?rest_route=%2Fwp%2Fv2%2Fproduct_cat&post=110817"},{"taxonomy":"product_tag","embeddable":true,"href":"https:\/\/www.hediyepazar.com\/index.php?rest_route=%2Fwp%2Fv2%2Fproduct_tag&post=110817"}],"curies":[{"name":"wp","href":"https:\/\/api.w.org\/{rel}","templated":true}]}}