{"id":110821,"date":"2026-05-05T05:33:19","date_gmt":"2026-05-05T08:33:19","guid":{"rendered":"https:\/\/www.hediyepazar.com\/?product=tavsan-nemlendirici"},"modified":"2026-05-05T05:33:19","modified_gmt":"2026-05-05T08:33:19","slug":"tavsan-nemlendirici","status":"publish","type":"product","link":"https:\/\/www.hediyepazar.com\/?product=tavsan-nemlendirici","title":{"rendered":"TAV\u015eAN NEMLEND\u0130R\u0130C\u0130"},"content":{"rendered":"<p>Ta\u015f\u0131nabilir ve kompakt tasar\u0131m, ta\u015f\u0131mas\u0131 \u00e7ok uygundur, seyahat, yatak odas\u0131, ofis i\u00e7in \u00e7ok uygundur, kuru cildi etkili bir \u015fekilde nemlendirir ve cilt soyulmas\u0131n\u0131 azaltman\u0131za yard\u0131mc\u0131 olur. [Tek tu\u015fla kontrol] Ta\u015f\u0131nabilir USB nemlendiricinin kullan\u0131m\u0131 \u00e7ok kolayd\u0131r. T\u00fcm fonksiyonlar\u0131 kontrol etmek i\u00e7in tek tu\u015f, sisi ayarlamak i\u00e7in yaln\u0131zca bir tu\u015fa basman\u0131z yeterlidir. Hayat\u0131n\u0131z\u0131 kolayla\u015ft\u0131r\u0131n! % 100 Yepyeni ve Kaliteli 1. Sessiz ve S\u00fcrekli \u00c7al\u0131\u015fma Sizi Rahats\u0131z Etmez.2. Sisi Ya\u015fam Alan\u0131n\u0131za Da\u011f\u0131t\u0131n ve Cildin Nemini Art\u0131r\u0131n.3. Zarif Sevimli Tav\u015fan tasar\u0131m\u0131, b\u00fcy\u00fck kapasite 8-10 saate kadar \u00e7al\u0131\u015fabilir.4.0,8M Usb veri kablosu ve 1 pamuklu \u00e7ubukla birlikte gelir [Hat\u0131rlatma] 1. U\u00e7ucu ya\u011flar, parf\u00fcm veya dam\u0131t\u0131lm\u0131\u015f su kullanmay\u0131n, aksi takdirde pamuklu \u00e7ubuk kullanmay\u0131n t\u0131kanacak ve nemlendirici kullan\u0131lamayacakt\u0131r. 2. Ba\u015flamadan \u00f6nce pamuk \u00e7ekirde\u011finin birka\u00e7 dakika \u0131slat\u0131ld\u0131\u011f\u0131ndan emin olun. renk: pembe Malzeme: ABS Boyut: 8x8x13,9cm Paket \u0130\u00e7eri\u011fi: 1 x nemlendirici Yaln\u0131zca yukar\u0131daki paket i\u00e7eri\u011fi, di\u011fer \u00fcr\u00fcnler dahil de\u011fildir. Not: Hafif \u00e7ekim ve farkl\u0131 ekranlar, resimdeki \u00f6\u011fenin renginin ger\u00e7ekte biraz farkl\u0131 olmas\u0131na neden olabilir. \u0130zin verilen \u00f6l\u00e7\u00fcm hatas\u0131 +\/- 1-3 cm&#8217;dir.<\/p>\n","protected":false},"excerpt":{"rendered":"<p>Ta\u015f\u0131nabilir ve kompakt tasar\u0131m, ta\u015f\u0131mas\u0131 \u00e7ok uygundur, seyahat, yatak odas\u0131, ofis i\u00e7in \u00e7ok uygundur, kuru cildi etkili bir \u015fekilde nemlendirir ve cilt soyulmas\u0131n\u0131 azaltman\u0131za yard\u0131mc\u0131 olur. [Tek tu\u015fla kontrol] Ta\u015f\u0131nabilir USB nemlendiricinin kullan\u0131m\u0131 \u00e7ok kolayd\u0131r. T\u00fcm fonksiyonlar\u0131 kontrol etmek i\u00e7in tek tu\u015f, sisi ayarlamak i\u00e7in yaln\u0131zca bir tu\u015fa basman\u0131z yeterlidir. Hayat\u0131n\u0131z\u0131 kolayla\u015ft\u0131r\u0131n! % 100 Yepyeni&#8230;<\/p>\n","protected":false},"featured_media":110820,"comment_status":"open","ping_status":"closed","template":"","meta":{"_kad_post_transparent":"","_kad_post_title":"","_kad_post_layout":"","_kad_post_sidebar_id":"","_kad_post_content_style":"","_kad_post_vertical_padding":"","_kad_post_feature":"","_kad_post_feature_position":"","_kad_post_header":false,"_kad_post_footer":false,"_kad_post_classname":""},"product_brand":[],"product_cat":[14965],"product_tag":[],"class_list":{"0":"post-110821","1":"product","2":"type-product","3":"status-publish","4":"has-post-thumbnail","6":"product_cat-hava-nemlendirici-hava-nemlendirici","8":"first","9":"instock","10":"purchasable","11":"product-type-simple","12":"entry","13":"content-bg","14":"loop-entry"},"_links":{"self":[{"href":"https:\/\/www.hediyepazar.com\/index.php?rest_route=\/wp\/v2\/product\/110821","targetHints":{"allow":["GET"]}}],"collection":[{"href":"https:\/\/www.hediyepazar.com\/index.php?rest_route=\/wp\/v2\/product"}],"about":[{"href":"https:\/\/www.hediyepazar.com\/index.php?rest_route=\/wp\/v2\/types\/product"}],"replies":[{"embeddable":true,"href":"https:\/\/www.hediyepazar.com\/index.php?rest_route=%2Fwp%2Fv2%2Fcomments&post=110821"}],"wp:featuredmedia":[{"embeddable":true,"href":"https:\/\/www.hediyepazar.com\/index.php?rest_route=\/wp\/v2\/media\/110820"}],"wp:attachment":[{"href":"https:\/\/www.hediyepazar.com\/index.php?rest_route=%2Fwp%2Fv2%2Fmedia&parent=110821"}],"wp:term":[{"taxonomy":"product_brand","embeddable":true,"href":"https:\/\/www.hediyepazar.com\/index.php?rest_route=%2Fwp%2Fv2%2Fproduct_brand&post=110821"},{"taxonomy":"product_cat","embeddable":true,"href":"https:\/\/www.hediyepazar.com\/index.php?rest_route=%2Fwp%2Fv2%2Fproduct_cat&post=110821"},{"taxonomy":"product_tag","embeddable":true,"href":"https:\/\/www.hediyepazar.com\/index.php?rest_route=%2Fwp%2Fv2%2Fproduct_tag&post=110821"}],"curies":[{"name":"wp","href":"https:\/\/api.w.org\/{rel}","templated":true}]}}