{"id":110823,"date":"2026-05-05T05:33:24","date_gmt":"2026-05-05T08:33:24","guid":{"rendered":"https:\/\/www.hediyepazar.com\/?product=h2o-nemlendirici"},"modified":"2026-05-05T05:33:24","modified_gmt":"2026-05-05T08:33:24","slug":"h2o-nemlendirici","status":"publish","type":"product","link":"https:\/\/www.hediyepazar.com\/?product=h2o-nemlendirici","title":{"rendered":"H2O NEMLEND\u0130R\u0130C\u0130"},"content":{"rendered":"<p>Kullanmak i\u00e7in \u00f6nce su tank\u0131n\u0131 \u00e7\u0131kar\u0131p temiz suyla doldurun ve yerine yerle\u015ftirin. Cihaz\u0131 prize takarak veya USB kablosunu uygun bir g\u00fc\u00e7 kayna\u011f\u0131na ba\u011flayarak a\u00e7\u0131n. G\u00fc\u00e7 d\u00fc\u011fmesine basarak cihaz\u0131 \u00e7al\u0131\u015ft\u0131r\u0131n ve istedi\u011finiz nemlendirme seviyesini se\u00e7in. D\u00fczenli olarak su tank\u0131n\u0131 ve i\u00e7 k\u0131s\u0131mlar\u0131n\u0131 temiz suyla y\u0131kay\u0131n. Cihaz\u0131 d\u00fcz ve sabit bir y\u00fczeyde kullan\u0131n, direkt g\u00fcne\u015f \u0131\u015f\u0131\u011f\u0131ndan ve \u0131s\u0131 kaynaklar\u0131ndan uzak tutun.<\/p>\n","protected":false},"excerpt":{"rendered":"<p>Kullanmak i\u00e7in \u00f6nce su tank\u0131n\u0131 \u00e7\u0131kar\u0131p temiz suyla doldurun ve yerine yerle\u015ftirin. Cihaz\u0131 prize takarak veya USB kablosunu uygun bir g\u00fc\u00e7 kayna\u011f\u0131na ba\u011flayarak a\u00e7\u0131n. G\u00fc\u00e7 d\u00fc\u011fmesine basarak cihaz\u0131 \u00e7al\u0131\u015ft\u0131r\u0131n ve istedi\u011finiz nemlendirme seviyesini se\u00e7in. D\u00fczenli olarak su tank\u0131n\u0131 ve i\u00e7 k\u0131s\u0131mlar\u0131n\u0131 temiz suyla y\u0131kay\u0131n. Cihaz\u0131 d\u00fcz ve sabit bir y\u00fczeyde kullan\u0131n, direkt g\u00fcne\u015f \u0131\u015f\u0131\u011f\u0131ndan ve&#8230;<\/p>\n","protected":false},"featured_media":110822,"comment_status":"open","ping_status":"closed","template":"","meta":{"_kad_post_transparent":"","_kad_post_title":"","_kad_post_layout":"","_kad_post_sidebar_id":"","_kad_post_content_style":"","_kad_post_vertical_padding":"","_kad_post_feature":"","_kad_post_feature_position":"","_kad_post_header":false,"_kad_post_footer":false,"_kad_post_classname":""},"product_brand":[],"product_cat":[14965],"product_tag":[],"class_list":{"0":"post-110823","1":"product","2":"type-product","3":"status-publish","4":"has-post-thumbnail","6":"product_cat-hava-nemlendirici-hava-nemlendirici","8":"first","9":"instock","10":"purchasable","11":"product-type-simple","12":"entry","13":"content-bg","14":"loop-entry"},"_links":{"self":[{"href":"https:\/\/www.hediyepazar.com\/index.php?rest_route=\/wp\/v2\/product\/110823","targetHints":{"allow":["GET"]}}],"collection":[{"href":"https:\/\/www.hediyepazar.com\/index.php?rest_route=\/wp\/v2\/product"}],"about":[{"href":"https:\/\/www.hediyepazar.com\/index.php?rest_route=\/wp\/v2\/types\/product"}],"replies":[{"embeddable":true,"href":"https:\/\/www.hediyepazar.com\/index.php?rest_route=%2Fwp%2Fv2%2Fcomments&post=110823"}],"wp:featuredmedia":[{"embeddable":true,"href":"https:\/\/www.hediyepazar.com\/index.php?rest_route=\/wp\/v2\/media\/110822"}],"wp:attachment":[{"href":"https:\/\/www.hediyepazar.com\/index.php?rest_route=%2Fwp%2Fv2%2Fmedia&parent=110823"}],"wp:term":[{"taxonomy":"product_brand","embeddable":true,"href":"https:\/\/www.hediyepazar.com\/index.php?rest_route=%2Fwp%2Fv2%2Fproduct_brand&post=110823"},{"taxonomy":"product_cat","embeddable":true,"href":"https:\/\/www.hediyepazar.com\/index.php?rest_route=%2Fwp%2Fv2%2Fproduct_cat&post=110823"},{"taxonomy":"product_tag","embeddable":true,"href":"https:\/\/www.hediyepazar.com\/index.php?rest_route=%2Fwp%2Fv2%2Fproduct_tag&post=110823"}],"curies":[{"name":"wp","href":"https:\/\/api.w.org\/{rel}","templated":true}]}}