{"id":110825,"date":"2026-05-05T05:35:05","date_gmt":"2026-05-05T08:35:05","guid":{"rendered":"https:\/\/www.hediyepazar.com\/?product=s10-sup"},"modified":"2026-05-05T05:35:05","modified_gmt":"2026-05-05T08:35:05","slug":"s10-sup","status":"publish","type":"product","link":"https:\/\/www.hediyepazar.com\/?product=s10-sup","title":{"rendered":"S10 SUP"},"content":{"rendered":"<p>S10 Gamepad 520 Klasik Retro Oyunlu Tv&#8217;ye Ba\u011flanabilir Atari&#8217;yi sat\u0131n alarak sizlerde nostaljik oyun keyfini evinize getirebilirsiniz. Atarinin i\u00e7inde bulunan 520 klasik retro oyun se\u00e7ene\u011fi ve kolay ba\u011flant\u0131 \u00f6zelli\u011fi ile oyun d\u00fcnyas\u0131nda zaman yolculu\u011funa \u00e7\u0131kabilirsiniz. TV&#8217;nize \u00e7ok kolay bir \u015fekilde ba\u011flayarak h\u0131zl\u0131ca oyun oynamaya ba\u015flayabilirsiniz.\u00dcr\u00fcn\u00fcn ba\u015fl\u0131ca \u00f6zellikleri:\u00a01-\u0130\u00e7erisinde y\u00fckl\u00fc olarak\u00a0520 nostaljik retro oyunile e\u011flenceniz hi\u00e7 bitmeyecektir. Eski okul favorilerinizi ve klasik oyunlar\u0131 tekrardan ke\u015ffetmenizi sa\u011flamaktad\u0131r.2- TV&#8217;nize h\u0131zl\u0131 ve basit bir \u015fekilde ba\u011flayabilir,b\u00fcy\u00fck ekran\u0131n\u0131zda oyun oynama keyfinizi ya\u015fayabilirsiniz.\u00a0\u00a03- S10 Gamepad&#8217;in ergonomik tasar\u0131m\u0131 ve hassas kontrol d\u00fc\u011fmeleriile kullan\u0131c\u0131lar\u0131na son derece keyifli ve konforlu bir oyun deneyimi sunmaktad\u0131r.4-Atarinin i\u00e7inde bulunan\u00a0kapsaml\u0131 oyun koleksiyonusayesinde \u00e7ocukluk an\u0131lar\u0131n\u0131z\u0131 tazeleyebilir veya yeni retro oyunlar\u0131 ke\u015ffedebilirsiniz.\u00a0Sizlerde\u00a0S10 Gamepad 520 Klasik Retro Oyunlu Tv&#8217;ye Ba\u011flanabilir Atari&#8217;yi sat\u0131n alarak kendi alan\u0131n\u0131zda klasik oyunlar\u0131n tad\u0131n\u0131 \u00e7\u0131karabilirsiniz<\/p>\n","protected":false},"excerpt":{"rendered":"<p>S10 Gamepad 520 Klasik Retro Oyunlu Tv&#8217;ye Ba\u011flanabilir Atari&#8217;yi sat\u0131n alarak sizlerde nostaljik oyun keyfini evinize getirebilirsiniz. Atarinin i\u00e7inde bulunan 520 klasik retro oyun se\u00e7ene\u011fi ve kolay ba\u011flant\u0131 \u00f6zelli\u011fi ile oyun d\u00fcnyas\u0131nda zaman yolculu\u011funa \u00e7\u0131kabilirsiniz. TV&#8217;nize \u00e7ok kolay bir \u015fekilde ba\u011flayarak h\u0131zl\u0131ca oyun oynamaya ba\u015flayabilirsiniz.\u00dcr\u00fcn\u00fcn ba\u015fl\u0131ca \u00f6zellikleri:\u00a01-\u0130\u00e7erisinde y\u00fckl\u00fc olarak\u00a0520 nostaljik retro oyunile e\u011flenceniz hi\u00e7 bitmeyecektir&#8230;.<\/p>\n","protected":false},"featured_media":110824,"comment_status":"open","ping_status":"closed","template":"","meta":{"_kad_post_transparent":"","_kad_post_title":"","_kad_post_layout":"","_kad_post_sidebar_id":"","_kad_post_content_style":"","_kad_post_vertical_padding":"","_kad_post_feature":"","_kad_post_feature_position":"","_kad_post_header":false,"_kad_post_footer":false,"_kad_post_classname":""},"product_brand":[],"product_cat":[14961],"product_tag":[],"class_list":{"0":"post-110825","1":"product","2":"type-product","3":"status-publish","4":"has-post-thumbnail","6":"product_cat-oyun-konsolu-oyun-konsolu","8":"first","9":"instock","10":"purchasable","11":"product-type-simple","12":"entry","13":"content-bg","14":"loop-entry"},"_links":{"self":[{"href":"https:\/\/www.hediyepazar.com\/index.php?rest_route=\/wp\/v2\/product\/110825","targetHints":{"allow":["GET"]}}],"collection":[{"href":"https:\/\/www.hediyepazar.com\/index.php?rest_route=\/wp\/v2\/product"}],"about":[{"href":"https:\/\/www.hediyepazar.com\/index.php?rest_route=\/wp\/v2\/types\/product"}],"replies":[{"embeddable":true,"href":"https:\/\/www.hediyepazar.com\/index.php?rest_route=%2Fwp%2Fv2%2Fcomments&post=110825"}],"wp:featuredmedia":[{"embeddable":true,"href":"https:\/\/www.hediyepazar.com\/index.php?rest_route=\/wp\/v2\/media\/110824"}],"wp:attachment":[{"href":"https:\/\/www.hediyepazar.com\/index.php?rest_route=%2Fwp%2Fv2%2Fmedia&parent=110825"}],"wp:term":[{"taxonomy":"product_brand","embeddable":true,"href":"https:\/\/www.hediyepazar.com\/index.php?rest_route=%2Fwp%2Fv2%2Fproduct_brand&post=110825"},{"taxonomy":"product_cat","embeddable":true,"href":"https:\/\/www.hediyepazar.com\/index.php?rest_route=%2Fwp%2Fv2%2Fproduct_cat&post=110825"},{"taxonomy":"product_tag","embeddable":true,"href":"https:\/\/www.hediyepazar.com\/index.php?rest_route=%2Fwp%2Fv2%2Fproduct_tag&post=110825"}],"curies":[{"name":"wp","href":"https:\/\/api.w.org\/{rel}","templated":true}]}}