{"id":110827,"date":"2026-05-05T05:35:09","date_gmt":"2026-05-05T08:35:09","guid":{"rendered":"https:\/\/www.hediyepazar.com\/?product=selfie-cubugu"},"modified":"2026-05-05T05:35:09","modified_gmt":"2026-05-05T08:35:09","slug":"selfie-cubugu","status":"publish","type":"product","link":"https:\/\/www.hediyepazar.com\/?product=selfie-cubugu","title":{"rendered":"SELF\u0130E \u00c7UBU\u011eU"},"content":{"rendered":"<p>360 Derece D\u00f6nebilen Telefon Sabitleme B\u00f6l\u00fcm\u00fcne ve Ayr\u0131ca Tripod \u0130\u015flevi G\u00f6ren 3 Ayakl\u0131 B\u00f6lmeye Sahiptir. \u0130os ve Android Destekli Selfie \u00c7ubu\u011fu, Bluetooth Destekli Uzaktan Kumandaya Sahiptir. Uzaktan Kumanda Sayesinde Oldu\u011funuz Yerden Foto\u011fraf ve Video \u00c7ekebilirsiniz. Kumanda Kurulumu: Kumandan\u0131n \u00dczerindeki D\u00fc\u011fmeye Bas\u0131n ve Cihaz\u0131ndan Bluetooth ile E\u015fle\u015ftirin. Maksimum Uzaktan Kumanda Mesafesi: 10m Bluetooth 3.0 Maksimum Uzunluk: 680mm &#8211; \u00d6z \u00e7ekim \u00c7ubuk Uzunlu\u011fu: 186mm &#8211; Telefon Klips Uzunlu\u011fu: 87mm Br\u00fct A\u011f\u0131rl\u0131\u011f\u0131: 140gr RENK: D\u00dcZ S\u0130YAH ve KARI\u015eIK S\u0130YAH-BEYAZ (Not: D\u00fcz Siyah \u00fcr\u00fcn i\u00e7in sipari\u015f sonras\u0131nda sipari\u015f numaras\u0131 ile birlikte mesaj yazabilirsiniz) Di\u011fer Renk Se\u00e7enekleri Ma\u011fazam\u0131zda Stoktad\u0131r. Ma\u011fazam\u0131z\u0131 Ziyaret Edebilirsiniz. Paket \u0130\u00e7eri\u011fi: 1 Adet Selfie \u00c7ubu\u011fu + 1 Adet Uzaktan Kumanda \u00dcr\u00fcnlerin P\u0130L de\u011fi\u015fimlerinde BLUETOOTH D\u00dc\u011eMES\u0130NE 10 saniye bas\u0131l\u0131 tutuldu\u011funda a\u00e7\u0131lmaktad\u0131r.<\/p>\n","protected":false},"excerpt":{"rendered":"<p>360 Derece D\u00f6nebilen Telefon Sabitleme B\u00f6l\u00fcm\u00fcne ve Ayr\u0131ca Tripod \u0130\u015flevi G\u00f6ren 3 Ayakl\u0131 B\u00f6lmeye Sahiptir. \u0130os ve Android Destekli Selfie \u00c7ubu\u011fu, Bluetooth Destekli Uzaktan Kumandaya Sahiptir. Uzaktan Kumanda Sayesinde Oldu\u011funuz Yerden Foto\u011fraf ve Video \u00c7ekebilirsiniz. Kumanda Kurulumu: Kumandan\u0131n \u00dczerindeki D\u00fc\u011fmeye Bas\u0131n ve Cihaz\u0131ndan Bluetooth ile E\u015fle\u015ftirin. Maksimum Uzaktan Kumanda Mesafesi: 10m Bluetooth 3.0 Maksimum Uzunluk:&#8230;<\/p>\n","protected":false},"featured_media":110826,"comment_status":"open","ping_status":"closed","template":"","meta":{"_kad_post_transparent":"","_kad_post_title":"","_kad_post_layout":"","_kad_post_sidebar_id":"","_kad_post_content_style":"","_kad_post_vertical_padding":"","_kad_post_feature":"","_kad_post_feature_position":"","_kad_post_header":false,"_kad_post_footer":false,"_kad_post_classname":""},"product_brand":[],"product_cat":[15025],"product_tag":[],"class_list":{"0":"post-110827","1":"product","2":"type-product","3":"status-publish","4":"has-post-thumbnail","6":"product_cat-foto-ve-kamera-aksesuari-foto-ve-kamera-aksesuari","8":"first","9":"instock","10":"purchasable","11":"product-type-simple","12":"entry","13":"content-bg","14":"loop-entry"},"_links":{"self":[{"href":"https:\/\/www.hediyepazar.com\/index.php?rest_route=\/wp\/v2\/product\/110827","targetHints":{"allow":["GET"]}}],"collection":[{"href":"https:\/\/www.hediyepazar.com\/index.php?rest_route=\/wp\/v2\/product"}],"about":[{"href":"https:\/\/www.hediyepazar.com\/index.php?rest_route=\/wp\/v2\/types\/product"}],"replies":[{"embeddable":true,"href":"https:\/\/www.hediyepazar.com\/index.php?rest_route=%2Fwp%2Fv2%2Fcomments&post=110827"}],"wp:featuredmedia":[{"embeddable":true,"href":"https:\/\/www.hediyepazar.com\/index.php?rest_route=\/wp\/v2\/media\/110826"}],"wp:attachment":[{"href":"https:\/\/www.hediyepazar.com\/index.php?rest_route=%2Fwp%2Fv2%2Fmedia&parent=110827"}],"wp:term":[{"taxonomy":"product_brand","embeddable":true,"href":"https:\/\/www.hediyepazar.com\/index.php?rest_route=%2Fwp%2Fv2%2Fproduct_brand&post=110827"},{"taxonomy":"product_cat","embeddable":true,"href":"https:\/\/www.hediyepazar.com\/index.php?rest_route=%2Fwp%2Fv2%2Fproduct_cat&post=110827"},{"taxonomy":"product_tag","embeddable":true,"href":"https:\/\/www.hediyepazar.com\/index.php?rest_route=%2Fwp%2Fv2%2Fproduct_tag&post=110827"}],"curies":[{"name":"wp","href":"https:\/\/api.w.org\/{rel}","templated":true}]}}