{"id":110829,"date":"2026-05-05T05:35:12","date_gmt":"2026-05-05T08:35:12","guid":{"rendered":"https:\/\/www.hediyepazar.com\/?product=hasuba-tiftik"},"modified":"2026-05-05T05:35:12","modified_gmt":"2026-05-05T08:35:12","slug":"hasuba-tiftik","status":"publish","type":"product","link":"https:\/\/www.hediyepazar.com\/?product=hasuba-tiftik","title":{"rendered":"HASUBA T\u0130FT\u0130K"},"content":{"rendered":"<p>Tiftik Temizleyici, tiftikleri kolayca temizlemek i\u00e7in tasarlanm\u0131\u015f bir \u00fcr\u00fcnd\u00fcr. Kullan\u0131m\u0131 olduk\u00e7a basittir, sadece tiftikleri Tiftik Temizleyici ile kaplaman\u0131z yeterlidir ve k\u0131sa bir s\u00fcre sonra tiftikler temizlenmi\u015f olur. Bu \u00fcr\u00fcn, tiftiklerinizin uzun s\u00fcre daha g\u00fczel ve kullan\u0131labilir durumda kalmas\u0131n\u0131 sa\u011flar. \u00c7\u0131kar\u0131labilir at\u0131k haznesi. \u00c7\u0131kar\u0131labilir b\u0131\u00e7ak b\u00f6lmesi. \u00dcr\u00fcn\u00fcn arka y\u00fczeyinde bulunan anti statik manuel tiftik f\u0131r\u00e7a b\u00f6lmesi. \u015earjl\u0131. (kutu i\u00e7eri\u011finde dahil olan 1x micro usb kablo ile.<\/p>\n","protected":false},"excerpt":{"rendered":"<p>Tiftik Temizleyici, tiftikleri kolayca temizlemek i\u00e7in tasarlanm\u0131\u015f bir \u00fcr\u00fcnd\u00fcr. Kullan\u0131m\u0131 olduk\u00e7a basittir, sadece tiftikleri Tiftik Temizleyici ile kaplaman\u0131z yeterlidir ve k\u0131sa bir s\u00fcre sonra tiftikler temizlenmi\u015f olur. Bu \u00fcr\u00fcn, tiftiklerinizin uzun s\u00fcre daha g\u00fczel ve kullan\u0131labilir durumda kalmas\u0131n\u0131 sa\u011flar. \u00c7\u0131kar\u0131labilir at\u0131k haznesi. \u00c7\u0131kar\u0131labilir b\u0131\u00e7ak b\u00f6lmesi. \u00dcr\u00fcn\u00fcn arka y\u00fczeyinde bulunan anti statik manuel tiftik f\u0131r\u00e7a b\u00f6lmesi&#8230;.<\/p>\n","protected":false},"featured_media":110828,"comment_status":"open","ping_status":"closed","template":"","meta":{"_kad_post_transparent":"","_kad_post_title":"","_kad_post_layout":"","_kad_post_sidebar_id":"","_kad_post_content_style":"","_kad_post_vertical_padding":"","_kad_post_feature":"","_kad_post_feature_position":"","_kad_post_header":false,"_kad_post_footer":false,"_kad_post_classname":""},"product_brand":[],"product_cat":[15006],"product_tag":[],"class_list":{"0":"post-110829","1":"product","2":"type-product","3":"status-publish","4":"has-post-thumbnail","6":"product_cat-tuy-toplayici-tuy-toplayici","8":"first","9":"instock","10":"purchasable","11":"product-type-simple","12":"entry","13":"content-bg","14":"loop-entry"},"_links":{"self":[{"href":"https:\/\/www.hediyepazar.com\/index.php?rest_route=\/wp\/v2\/product\/110829","targetHints":{"allow":["GET"]}}],"collection":[{"href":"https:\/\/www.hediyepazar.com\/index.php?rest_route=\/wp\/v2\/product"}],"about":[{"href":"https:\/\/www.hediyepazar.com\/index.php?rest_route=\/wp\/v2\/types\/product"}],"replies":[{"embeddable":true,"href":"https:\/\/www.hediyepazar.com\/index.php?rest_route=%2Fwp%2Fv2%2Fcomments&post=110829"}],"wp:featuredmedia":[{"embeddable":true,"href":"https:\/\/www.hediyepazar.com\/index.php?rest_route=\/wp\/v2\/media\/110828"}],"wp:attachment":[{"href":"https:\/\/www.hediyepazar.com\/index.php?rest_route=%2Fwp%2Fv2%2Fmedia&parent=110829"}],"wp:term":[{"taxonomy":"product_brand","embeddable":true,"href":"https:\/\/www.hediyepazar.com\/index.php?rest_route=%2Fwp%2Fv2%2Fproduct_brand&post=110829"},{"taxonomy":"product_cat","embeddable":true,"href":"https:\/\/www.hediyepazar.com\/index.php?rest_route=%2Fwp%2Fv2%2Fproduct_cat&post=110829"},{"taxonomy":"product_tag","embeddable":true,"href":"https:\/\/www.hediyepazar.com\/index.php?rest_route=%2Fwp%2Fv2%2Fproduct_tag&post=110829"}],"curies":[{"name":"wp","href":"https:\/\/api.w.org\/{rel}","templated":true}]}}