{"id":110837,"date":"2026-05-05T05:36:02","date_gmt":"2026-05-05T08:36:02","guid":{"rendered":"https:\/\/www.hediyepazar.com\/?product=cocuk-kamerasi"},"modified":"2026-05-05T05:36:02","modified_gmt":"2026-05-05T08:36:02","slug":"cocuk-kamerasi","status":"publish","type":"product","link":"https:\/\/www.hediyepazar.com\/?product=cocuk-kamerasi","title":{"rendered":"\u00c7OCUK KAMERASI"},"content":{"rendered":"<p>Pembe Renk Mini 1080p Hd \u00c7ocuk Kamera Dijital Foto\u011fraf Makinesi 2.0 In\u00e7 Ekran \u00dcr\u00fcn A\u00e7\u0131klamas\u0131: Pembe Renk Mini 1080p Hd \u00c7ocuk Kamera Dijital Foto\u011fraf Makinesi 2.0 In\u00e7 Ekran G\u00fcvenlik standartlar\u0131na sahip \u00e7evre dostu malzemeler anne garantili, cilde yak\u0131n ipeksi dokunu\u015f, \u00e7ocuklar i\u00e7in g\u00fcvenli, hafif ve dayan\u0131kl\u0131. Bu Karikat\u00fcr selfie kameras\u0131, \u00e7ocuklar\u0131n zihinlerini a\u00e7mak i\u00e7in daha fazla i\u015flev, foto\u011fraf \u00e7ekimi, video kayd\u0131, zamanlay\u0131c\u0131, kay\u0131t, bir\u00e7ok komik foto\u011fraf \u00e7er\u00e7evesi \/ kafa \u00e7\u0131kartmas\u0131 ile birlikte gelir. \u00c7ocuklar i\u00e7in olan bu kameralar son derece kullan\u0131c\u0131 dostudur.Cep telefonlar\u0131 ve oyun konsollar\u0131 ile kar\u015f\u0131la\u015ft\u0131r\u0131ld\u0131\u011f\u0131nda, \u00e7ocuk g\u00fcn\u00fcnde veya do\u011fum g\u00fcn\u00fcnde \u00e7ocuklar i\u00e7in m\u00fckemmel bir makale, 3-12 ya\u015f aras\u0131 \u00e7ocuklar\u0131n ke\u015ffetmesi i\u00e7in daha uygundur. \u00dcr\u00fcn \u00d6zellikleri: LCD: TFT2.0 in\u00e7 Sens\u00f6r: 8 mega piksel Lens: lens 1G 3 P Odaklama aral\u0131\u011f\u0131: 0.5 m-sonsuz: Yak\u0131nla\u015ft\u0131rma: 4x dijital Zoom Sahneler: otomatik, gece portresi, gece manzaras\u0131, manzara, spor, parti, plaj: Foto\u011fraf \u00e7er\u00e7evesi: destek G\u00f6r\u00fcnt\u00fc boyutu: bi\u00e7im: JGP tan\u0131m\u0131: VGA ? 1M ? 2M ? 3M ? Video: Format: AVI boyutu: QVGA, VGA ?, 720P ? 1080P kare h\u0131z\u0131: 30fps \u00c7ekim devam: a\u00e7\u0131k\/kapal\u0131: Yakalama modu: kapal\u0131, 2 saniye, 5 saniye, 10 secon Beyaz Blacnce: otomatik, g\u00fcn \u0131\u015f\u0131\u011f\u0131, bulutlu, akkor, floresan: Fla\u015f: otomatik, fla\u015f a\u00e7\u0131k, anti-k\u0131rm\u0131z\u0131 g\u00f6z, fla\u015f kapal\u0131 Keskinlik: standart G\u00f6r\u00fcnt\u00fc kalitesi: s\u00fcper ince\/ince\/standart Otomatik kapanma: otomatik kapanma: Dil: \u00e7oklu dil (\u00e7ince, \u0130ngilizce, japonca, korece, rus\u00e7a ve benzeri): Pil: 600 mAh Maximum 32GB TF karta kadar desteklemektedir. Paket \u0130\u00e7eri\u011fi: 1 adet mini \u00e7ocuk kameras\u0131 , 1 adet USB \u015farj kablosu, 1 adet ta\u015f\u0131ma boyunluk, 1 adet kullan\u0131m k\u0131lavuzu. \u00dcr\u00fcn \u00d6zellikleri: \u00b7 1080 Hd \u00e7ocuk kamera \u00b7 2.0 in\u00e7 ekran \u00b7 USB \u015farj kablosu<\/p>\n","protected":false},"excerpt":{"rendered":"<p>Pembe Renk Mini 1080p Hd \u00c7ocuk Kamera Dijital Foto\u011fraf Makinesi 2.0 In\u00e7 Ekran \u00dcr\u00fcn A\u00e7\u0131klamas\u0131: Pembe Renk Mini 1080p Hd \u00c7ocuk Kamera Dijital Foto\u011fraf Makinesi 2.0 In\u00e7 Ekran G\u00fcvenlik standartlar\u0131na sahip \u00e7evre dostu malzemeler anne garantili, cilde yak\u0131n ipeksi dokunu\u015f, \u00e7ocuklar i\u00e7in g\u00fcvenli, hafif ve dayan\u0131kl\u0131. Bu Karikat\u00fcr selfie kameras\u0131, \u00e7ocuklar\u0131n zihinlerini a\u00e7mak i\u00e7in daha&#8230;<\/p>\n","protected":false},"featured_media":110836,"comment_status":"open","ping_status":"closed","template":"","meta":{"_kad_post_transparent":"","_kad_post_title":"","_kad_post_layout":"","_kad_post_sidebar_id":"","_kad_post_content_style":"","_kad_post_vertical_padding":"","_kad_post_feature":"","_kad_post_feature_position":"","_kad_post_header":false,"_kad_post_footer":false,"_kad_post_classname":""},"product_brand":[],"product_cat":[14987],"product_tag":[],"class_list":{"0":"post-110837","1":"product","2":"type-product","3":"status-publish","4":"has-post-thumbnail","6":"product_cat-cocuk-kamera-cocuk-kamera","8":"first","9":"instock","10":"purchasable","11":"product-type-simple","12":"entry","13":"content-bg","14":"loop-entry"},"_links":{"self":[{"href":"https:\/\/www.hediyepazar.com\/index.php?rest_route=\/wp\/v2\/product\/110837","targetHints":{"allow":["GET"]}}],"collection":[{"href":"https:\/\/www.hediyepazar.com\/index.php?rest_route=\/wp\/v2\/product"}],"about":[{"href":"https:\/\/www.hediyepazar.com\/index.php?rest_route=\/wp\/v2\/types\/product"}],"replies":[{"embeddable":true,"href":"https:\/\/www.hediyepazar.com\/index.php?rest_route=%2Fwp%2Fv2%2Fcomments&post=110837"}],"wp:featuredmedia":[{"embeddable":true,"href":"https:\/\/www.hediyepazar.com\/index.php?rest_route=\/wp\/v2\/media\/110836"}],"wp:attachment":[{"href":"https:\/\/www.hediyepazar.com\/index.php?rest_route=%2Fwp%2Fv2%2Fmedia&parent=110837"}],"wp:term":[{"taxonomy":"product_brand","embeddable":true,"href":"https:\/\/www.hediyepazar.com\/index.php?rest_route=%2Fwp%2Fv2%2Fproduct_brand&post=110837"},{"taxonomy":"product_cat","embeddable":true,"href":"https:\/\/www.hediyepazar.com\/index.php?rest_route=%2Fwp%2Fv2%2Fproduct_cat&post=110837"},{"taxonomy":"product_tag","embeddable":true,"href":"https:\/\/www.hediyepazar.com\/index.php?rest_route=%2Fwp%2Fv2%2Fproduct_tag&post=110837"}],"curies":[{"name":"wp","href":"https:\/\/api.w.org\/{rel}","templated":true}]}}