{"id":110839,"date":"2026-05-05T05:36:07","date_gmt":"2026-05-05T08:36:07","guid":{"rendered":"https:\/\/www.hediyepazar.com\/?product=x6-el-atarisi"},"modified":"2026-05-05T05:36:07","modified_gmt":"2026-05-05T08:36:07","slug":"x6-el-atarisi","status":"publish","type":"product","link":"https:\/\/www.hediyepazar.com\/?product=x6-el-atarisi","title":{"rendered":"X6 EL ATAR\u0130S\u0130"},"content":{"rendered":"<p>1. \u00dcr\u00fcn modeli: X6 2. Y\u00fcksek \u00e7\u00f6z\u00fcn\u00fcrl\u00fckl\u00fc ekran: y\u00fcksek \u00e7\u00f6z\u00fcn\u00fcrl\u00fckl\u00fc 3.5 in\u00e7 IPS y\u00fcksek \u00e7\u00f6z\u00fcn\u00fcrl\u00fckl\u00fc tam uyumlu renkli ekrana sahip olan bu elde kullan\u0131l\u0131r oyun konsolu, g\u00f6z yorgunlu\u011funu etkili bir \u015fekilde azaltan hassas ve yumu\u015fak renkler sa\u011flar. 3. \u00c7ok oyunculu oyun destekler: konsol, \u00e7ok oyunculu oyun oturumlar\u0131 i\u00e7in bir oyun kumandas\u0131na ba\u011flanmay\u0131 ve b\u00fcy\u00fck ekran senkronizasyon \u00e7\u0131k\u0131\u015f\u0131n\u0131 destekler. 4. Uzun pil \u00f6mr\u00fc: ger\u00e7ek bir 2000mAh polimer lityum-iyon pil ile, bu konsol tek bir \u015farjla 6 saatten fazla \u00e7alma s\u00fcresi sunuyor. Pil h\u0131zl\u0131 bir \u015fekilde \u015farj edilir, tamamen \u015farj etmek i\u00e7in sadece 1 saat s\u00fcrer, 4 saate kadar oyununuzun tad\u0131n\u0131 \u00e7\u0131karman\u0131z\u0131 sa\u011flar. 5. \u00c7ok fonksiyonlu kullan\u0131m: oyunlara ek olarak, bu el konsolu film oynatma, m\u00fczik \u00e7alma, takvim \u00f6zellikleri ve foto\u011fraf galerilerinin yan\u0131 s\u0131ra bir kronometre destekler. 6. \u00c7ift d\u00fc\u011fme tasar\u0131m\u0131: konsolun arka k\u0131sm\u0131, oyun s\u0131ras\u0131nda daha iyi parmak serbest b\u0131rakma sa\u011flayan ger\u00e7ek yayl\u0131 \u00e7ift tahta makinesi LR d\u00fc\u011fmeleri i\u00e7erir ve bu da ciddi oyun tutkunlar\u0131 i\u00e7in idealdir. 7. Sim\u00fclat\u00f6r: SFC, GBC, GBA, GB, FC, NES, MD, MAME, SMC, CPS, SMD, toplam 11 \u00e7e\u015fit sim\u00fclat\u00f6r \u00dcr\u00fcn paketleme detaylar\u0131 hakk\u0131nda: Paket: 1 * oyun konsolu 1 * \u015farj kablosu 1 * kullan\u0131m k\u0131lavuzu 1 * perakende renk kutusu<\/p>\n","protected":false},"excerpt":{"rendered":"<p>1. \u00dcr\u00fcn modeli: X6 2. Y\u00fcksek \u00e7\u00f6z\u00fcn\u00fcrl\u00fckl\u00fc ekran: y\u00fcksek \u00e7\u00f6z\u00fcn\u00fcrl\u00fckl\u00fc 3.5 in\u00e7 IPS y\u00fcksek \u00e7\u00f6z\u00fcn\u00fcrl\u00fckl\u00fc tam uyumlu renkli ekrana sahip olan bu elde kullan\u0131l\u0131r oyun konsolu, g\u00f6z yorgunlu\u011funu etkili bir \u015fekilde azaltan hassas ve yumu\u015fak renkler sa\u011flar. 3. \u00c7ok oyunculu oyun destekler: konsol, \u00e7ok oyunculu oyun oturumlar\u0131 i\u00e7in bir oyun kumandas\u0131na ba\u011flanmay\u0131 ve b\u00fcy\u00fck ekran&#8230;<\/p>\n","protected":false},"featured_media":110838,"comment_status":"open","ping_status":"closed","template":"","meta":{"_kad_post_transparent":"","_kad_post_title":"","_kad_post_layout":"","_kad_post_sidebar_id":"","_kad_post_content_style":"","_kad_post_vertical_padding":"","_kad_post_feature":"","_kad_post_feature_position":"","_kad_post_header":false,"_kad_post_footer":false,"_kad_post_classname":""},"product_brand":[],"product_cat":[14961],"product_tag":[],"class_list":{"0":"post-110839","1":"product","2":"type-product","3":"status-publish","4":"has-post-thumbnail","6":"product_cat-oyun-konsolu-oyun-konsolu","8":"first","9":"instock","10":"purchasable","11":"product-type-simple","12":"entry","13":"content-bg","14":"loop-entry"},"_links":{"self":[{"href":"https:\/\/www.hediyepazar.com\/index.php?rest_route=\/wp\/v2\/product\/110839","targetHints":{"allow":["GET"]}}],"collection":[{"href":"https:\/\/www.hediyepazar.com\/index.php?rest_route=\/wp\/v2\/product"}],"about":[{"href":"https:\/\/www.hediyepazar.com\/index.php?rest_route=\/wp\/v2\/types\/product"}],"replies":[{"embeddable":true,"href":"https:\/\/www.hediyepazar.com\/index.php?rest_route=%2Fwp%2Fv2%2Fcomments&post=110839"}],"wp:featuredmedia":[{"embeddable":true,"href":"https:\/\/www.hediyepazar.com\/index.php?rest_route=\/wp\/v2\/media\/110838"}],"wp:attachment":[{"href":"https:\/\/www.hediyepazar.com\/index.php?rest_route=%2Fwp%2Fv2%2Fmedia&parent=110839"}],"wp:term":[{"taxonomy":"product_brand","embeddable":true,"href":"https:\/\/www.hediyepazar.com\/index.php?rest_route=%2Fwp%2Fv2%2Fproduct_brand&post=110839"},{"taxonomy":"product_cat","embeddable":true,"href":"https:\/\/www.hediyepazar.com\/index.php?rest_route=%2Fwp%2Fv2%2Fproduct_cat&post=110839"},{"taxonomy":"product_tag","embeddable":true,"href":"https:\/\/www.hediyepazar.com\/index.php?rest_route=%2Fwp%2Fv2%2Fproduct_tag&post=110839"}],"curies":[{"name":"wp","href":"https:\/\/api.w.org\/{rel}","templated":true}]}}