{"id":110843,"date":"2026-05-05T05:36:15","date_gmt":"2026-05-05T08:36:15","guid":{"rendered":"https:\/\/www.hediyepazar.com\/?product=hn01-kulaklik"},"modified":"2026-05-05T05:36:15","modified_gmt":"2026-05-05T08:36:15","slug":"hn01-kulaklik","status":"publish","type":"product","link":"https:\/\/www.hediyepazar.com\/?product=hn01-kulaklik","title":{"rendered":"HN01 KULAKLIK"},"content":{"rendered":"<p>Bluetooth 5.2 teknolojisi sayesinde y\u00fcksek kaliteli ses aktar\u0131m\u0131 ve kesintisiz ba\u011flant\u0131 sa\u011flar, m\u00fczik ve \u00e7a\u011fr\u0131lar\u0131n\u0131z\u0131 net bir \u015fekilde dinleyebilirsiniz &#8211; Type-C giri\u015fi ile uyumlu olan bu kulakl\u0131k, modern cihazlarla kolayca e\u015fle\u015fir ve h\u0131zl\u0131 veri aktar\u0131m\u0131na olanak tan\u0131r &#8211; Gen\u00e7 kullan\u0131c\u0131lar i\u00e7in ideal bir se\u00e7enek olan Hn-01, \u015f\u0131k tasar\u0131m\u0131 ve rahat yap\u0131s\u0131yla dikkat \u00e7ekerken, gen\u00e7lerin tarz\u0131n\u0131 yans\u0131t\u0131r<\/p>\n","protected":false},"excerpt":{"rendered":"<p>Bluetooth 5.2 teknolojisi sayesinde y\u00fcksek kaliteli ses aktar\u0131m\u0131 ve kesintisiz ba\u011flant\u0131 sa\u011flar, m\u00fczik ve \u00e7a\u011fr\u0131lar\u0131n\u0131z\u0131 net bir \u015fekilde dinleyebilirsiniz &#8211; Type-C giri\u015fi ile uyumlu olan bu kulakl\u0131k, modern cihazlarla kolayca e\u015fle\u015fir ve h\u0131zl\u0131 veri aktar\u0131m\u0131na olanak tan\u0131r &#8211; Gen\u00e7 kullan\u0131c\u0131lar i\u00e7in ideal bir se\u00e7enek olan Hn-01, \u015f\u0131k tasar\u0131m\u0131 ve rahat yap\u0131s\u0131yla dikkat \u00e7ekerken, gen\u00e7lerin tarz\u0131n\u0131&#8230;<\/p>\n","protected":false},"featured_media":110842,"comment_status":"open","ping_status":"closed","template":"","meta":{"_kad_post_transparent":"","_kad_post_title":"","_kad_post_layout":"","_kad_post_sidebar_id":"","_kad_post_content_style":"","_kad_post_vertical_padding":"","_kad_post_feature":"","_kad_post_feature_position":"","_kad_post_header":false,"_kad_post_footer":false,"_kad_post_classname":""},"product_brand":[],"product_cat":[14957],"product_tag":[],"class_list":{"0":"post-110843","1":"product","2":"type-product","3":"status-publish","4":"has-post-thumbnail","6":"product_cat-kablosuz-kulaklik-kablosuz-kulaklik","8":"first","9":"instock","10":"purchasable","11":"product-type-simple","12":"entry","13":"content-bg","14":"loop-entry"},"_links":{"self":[{"href":"https:\/\/www.hediyepazar.com\/index.php?rest_route=\/wp\/v2\/product\/110843","targetHints":{"allow":["GET"]}}],"collection":[{"href":"https:\/\/www.hediyepazar.com\/index.php?rest_route=\/wp\/v2\/product"}],"about":[{"href":"https:\/\/www.hediyepazar.com\/index.php?rest_route=\/wp\/v2\/types\/product"}],"replies":[{"embeddable":true,"href":"https:\/\/www.hediyepazar.com\/index.php?rest_route=%2Fwp%2Fv2%2Fcomments&post=110843"}],"wp:featuredmedia":[{"embeddable":true,"href":"https:\/\/www.hediyepazar.com\/index.php?rest_route=\/wp\/v2\/media\/110842"}],"wp:attachment":[{"href":"https:\/\/www.hediyepazar.com\/index.php?rest_route=%2Fwp%2Fv2%2Fmedia&parent=110843"}],"wp:term":[{"taxonomy":"product_brand","embeddable":true,"href":"https:\/\/www.hediyepazar.com\/index.php?rest_route=%2Fwp%2Fv2%2Fproduct_brand&post=110843"},{"taxonomy":"product_cat","embeddable":true,"href":"https:\/\/www.hediyepazar.com\/index.php?rest_route=%2Fwp%2Fv2%2Fproduct_cat&post=110843"},{"taxonomy":"product_tag","embeddable":true,"href":"https:\/\/www.hediyepazar.com\/index.php?rest_route=%2Fwp%2Fv2%2Fproduct_tag&post=110843"}],"curies":[{"name":"wp","href":"https:\/\/api.w.org\/{rel}","templated":true}]}}