{"id":110847,"date":"2026-05-05T05:38:00","date_gmt":"2026-05-05T08:38:00","guid":{"rendered":"https:\/\/www.hediyepazar.com\/?product=flip-6-max-bluetooth-hoparlor"},"modified":"2026-05-05T05:38:00","modified_gmt":"2026-05-05T08:38:00","slug":"flip-6-max-bluetooth-hoparlor","status":"publish","type":"product","link":"https:\/\/www.hediyepazar.com\/?product=flip-6-max-bluetooth-hoparlor","title":{"rendered":"FL\u0130P 6 MAX BLUETOOTH HOPARL\u00d6R"},"content":{"rendered":"<p>Kablosuz Ba\u011flant\u0131:Bluetooth 5.1 teknolojisi ile h\u0131zl\u0131 ve kararl\u0131 bir ba\u011flant\u0131 sa\u011flar. M\u00fcziklerinizi kablosuz olarak istedi\u011finiz cihazdan sorunsuz \u015fekilde dinleyebilirsiniz.Dayan\u0131kl\u0131 ve Su Ge\u00e7irmez:IP67 sertifikal\u0131 su ve toz ge\u00e7irmez tasar\u0131m\u0131 ile d\u0131\u015f mekan aktivitelerine uygundur. Ya\u011fmurlu havalarda veya plajda g\u00fcvenle kullanabilirsiniz.Uzun Pil \u00d6mr\u00fc:G\u00fc\u00e7l\u00fc bataryas\u0131 sayesinde uzun s\u00fcre kesintisiz m\u00fczik keyfi sunar. \u015earj edilebilir \u00f6zelli\u011fiyle d\u0131\u015f mekanlarda enerji sorunu ya\u015famazs\u0131n\u0131z.\u015e\u0131k ve Ta\u015f\u0131nabilir:Kompakt ve hafif yap\u0131s\u0131 sayesinde her yere kolayca ta\u015f\u0131nabilir. K\u0131rm\u0131z\u0131 renkli modern tasar\u0131m\u0131yla dikkat \u00e7eker ve stilinizi tamamlar.Flip6 Max Bluetooth hoparl\u00f6r, ta\u015f\u0131nabilirli\u011fi, dayan\u0131kl\u0131l\u0131\u011f\u0131 ve y\u00fcksek ses kalitesi ile her ortamda m\u00fczik keyfinizi doru\u011fa \u00e7\u0131kar\u0131r.<\/p>\n","protected":false},"excerpt":{"rendered":"<p>Kablosuz Ba\u011flant\u0131:Bluetooth 5.1 teknolojisi ile h\u0131zl\u0131 ve kararl\u0131 bir ba\u011flant\u0131 sa\u011flar. M\u00fcziklerinizi kablosuz olarak istedi\u011finiz cihazdan sorunsuz \u015fekilde dinleyebilirsiniz.Dayan\u0131kl\u0131 ve Su Ge\u00e7irmez:IP67 sertifikal\u0131 su ve toz ge\u00e7irmez tasar\u0131m\u0131 ile d\u0131\u015f mekan aktivitelerine uygundur. Ya\u011fmurlu havalarda veya plajda g\u00fcvenle kullanabilirsiniz.Uzun Pil \u00d6mr\u00fc:G\u00fc\u00e7l\u00fc bataryas\u0131 sayesinde uzun s\u00fcre kesintisiz m\u00fczik keyfi sunar. \u015earj edilebilir \u00f6zelli\u011fiyle d\u0131\u015f mekanlarda enerji&#8230;<\/p>\n","protected":false},"featured_media":110846,"comment_status":"open","ping_status":"closed","template":"","meta":{"_kad_post_transparent":"","_kad_post_title":"","_kad_post_layout":"","_kad_post_sidebar_id":"","_kad_post_content_style":"","_kad_post_vertical_padding":"","_kad_post_feature":"","_kad_post_feature_position":"","_kad_post_header":false,"_kad_post_footer":false,"_kad_post_classname":""},"product_brand":[],"product_cat":[14911],"product_tag":[],"class_list":{"0":"post-110847","1":"product","2":"type-product","3":"status-publish","4":"has-post-thumbnail","6":"product_cat-kablosuz-hoparlor-kablosuz-hoparlor","8":"first","9":"instock","10":"purchasable","11":"product-type-simple","12":"entry","13":"content-bg","14":"loop-entry"},"_links":{"self":[{"href":"https:\/\/www.hediyepazar.com\/index.php?rest_route=\/wp\/v2\/product\/110847","targetHints":{"allow":["GET"]}}],"collection":[{"href":"https:\/\/www.hediyepazar.com\/index.php?rest_route=\/wp\/v2\/product"}],"about":[{"href":"https:\/\/www.hediyepazar.com\/index.php?rest_route=\/wp\/v2\/types\/product"}],"replies":[{"embeddable":true,"href":"https:\/\/www.hediyepazar.com\/index.php?rest_route=%2Fwp%2Fv2%2Fcomments&post=110847"}],"wp:featuredmedia":[{"embeddable":true,"href":"https:\/\/www.hediyepazar.com\/index.php?rest_route=\/wp\/v2\/media\/110846"}],"wp:attachment":[{"href":"https:\/\/www.hediyepazar.com\/index.php?rest_route=%2Fwp%2Fv2%2Fmedia&parent=110847"}],"wp:term":[{"taxonomy":"product_brand","embeddable":true,"href":"https:\/\/www.hediyepazar.com\/index.php?rest_route=%2Fwp%2Fv2%2Fproduct_brand&post=110847"},{"taxonomy":"product_cat","embeddable":true,"href":"https:\/\/www.hediyepazar.com\/index.php?rest_route=%2Fwp%2Fv2%2Fproduct_cat&post=110847"},{"taxonomy":"product_tag","embeddable":true,"href":"https:\/\/www.hediyepazar.com\/index.php?rest_route=%2Fwp%2Fv2%2Fproduct_tag&post=110847"}],"curies":[{"name":"wp","href":"https:\/\/api.w.org\/{rel}","templated":true}]}}