{"id":110851,"date":"2026-05-05T05:38:11","date_gmt":"2026-05-05T08:38:11","guid":{"rendered":"https:\/\/www.hediyepazar.com\/?product=projeksiyon-gamebox"},"modified":"2026-05-05T05:38:11","modified_gmt":"2026-05-05T08:38:11","slug":"projeksiyon-gamebox","status":"publish","type":"product","link":"https:\/\/www.hediyepazar.com\/?product=projeksiyon-gamebox","title":{"rendered":"PROJEKS\u0130YON GAMEBOX"},"content":{"rendered":"<p>\u00d6zel \u00fcretim projeksiyon cihaz\u0131, y\u00fcksek \u00e7\u00f6z\u00fcn\u00fcrl\u00fck ve geni\u015f \u00f6zellik yelpazesiyle sinema ve oyun keyfini bir araya getiriyor.Y\u00fcksek \u00e7\u00f6z\u00fcn\u00fcrl\u00fck: 1280*720p \u00e7\u00f6z\u00fcn\u00fcrl\u00fck ile net ve keskin g\u00f6r\u00fcnt\u00fcler sa\u011flar, bu da ev sinemas\u0131 keyfinizi art\u0131r\u0131r.Android i\u015fletim sistemi: Dahili Android i\u015fletim sistemi ile uygulama y\u00fckleme ve kullanma imkan\u0131 sunar. Netflix, YouTube ve di\u011fer pop\u00fcler uygulamalar\u0131 do\u011frudan projekt\u00f6rden izleyebilirsiniz.Bluetooth ba\u011flant\u0131s\u0131: Bluetooth \u00f6zelli\u011fi sayesinde kablosuz hoparl\u00f6r veya kulakl\u0131k gibi cihazlara kolayca ba\u011flanabilir.Oyun \u00f6zelli\u011fi: Y\u00fcksek performansl\u0131 i\u015flemcisi ile oyun oynama imkan\u0131 sunar, b\u00f6ylece b\u00fcy\u00fck ekranda oyun keyfi ya\u015fayabilirsiniz.Ta\u015f\u0131nabilirlik: Kompakt ve hafif tasar\u0131m\u0131 ile kolayca ta\u015f\u0131nabilir, bu da istedi\u011finiz her yerde sinema ve oyun deneyimi ya\u015faman\u0131z\u0131 sa\u011flar.Ba\u011flant\u0131 se\u00e7enekleri: HDMI, USB ve di\u011fer ba\u011flant\u0131 noktalar\u0131 sayesinde \u00e7e\u015fitli cihazlara ba\u011flanabilir.Uzun \u00f6m\u00fcrl\u00fc lamba: Enerji tasarruflu lamba teknolojisi ile uzun s\u00fcreli kullan\u0131m sa\u011flar.Android projeksiyon cihaz\u0131, hem sinema tutkunlar\u0131 hem de oyun merakl\u0131lar\u0131 i\u00e7in m\u00fckemmel bir se\u00e7imdir. Evde veya d\u0131\u015f mekanlarda kullanabilece\u011finiz bu cihaz, aile ve arkada\u015flar\u0131n\u0131zla keyifli anlar ge\u00e7irmenizi sa\u011flar.<\/p>\n","protected":false},"excerpt":{"rendered":"<p>\u00d6zel \u00fcretim projeksiyon cihaz\u0131, y\u00fcksek \u00e7\u00f6z\u00fcn\u00fcrl\u00fck ve geni\u015f \u00f6zellik yelpazesiyle sinema ve oyun keyfini bir araya getiriyor.Y\u00fcksek \u00e7\u00f6z\u00fcn\u00fcrl\u00fck: 1280*720p \u00e7\u00f6z\u00fcn\u00fcrl\u00fck ile net ve keskin g\u00f6r\u00fcnt\u00fcler sa\u011flar, bu da ev sinemas\u0131 keyfinizi art\u0131r\u0131r.Android i\u015fletim sistemi: Dahili Android i\u015fletim sistemi ile uygulama y\u00fckleme ve kullanma imkan\u0131 sunar. Netflix, YouTube ve di\u011fer pop\u00fcler uygulamalar\u0131 do\u011frudan projekt\u00f6rden izleyebilirsiniz.Bluetooth ba\u011flant\u0131s\u0131:&#8230;<\/p>\n","protected":false},"featured_media":110850,"comment_status":"open","ping_status":"closed","template":"","meta":{"_kad_post_transparent":"","_kad_post_title":"","_kad_post_layout":"","_kad_post_sidebar_id":"","_kad_post_content_style":"","_kad_post_vertical_padding":"","_kad_post_feature":"","_kad_post_feature_position":"","_kad_post_header":false,"_kad_post_footer":false,"_kad_post_classname":""},"product_brand":[],"product_cat":[14905],"product_tag":[],"class_list":{"0":"post-110851","1":"product","2":"type-product","3":"status-publish","4":"has-post-thumbnail","6":"product_cat-projeksiyon-projeksiyon","8":"first","9":"instock","10":"purchasable","11":"product-type-simple","12":"entry","13":"content-bg","14":"loop-entry"},"_links":{"self":[{"href":"https:\/\/www.hediyepazar.com\/index.php?rest_route=\/wp\/v2\/product\/110851","targetHints":{"allow":["GET"]}}],"collection":[{"href":"https:\/\/www.hediyepazar.com\/index.php?rest_route=\/wp\/v2\/product"}],"about":[{"href":"https:\/\/www.hediyepazar.com\/index.php?rest_route=\/wp\/v2\/types\/product"}],"replies":[{"embeddable":true,"href":"https:\/\/www.hediyepazar.com\/index.php?rest_route=%2Fwp%2Fv2%2Fcomments&post=110851"}],"wp:featuredmedia":[{"embeddable":true,"href":"https:\/\/www.hediyepazar.com\/index.php?rest_route=\/wp\/v2\/media\/110850"}],"wp:attachment":[{"href":"https:\/\/www.hediyepazar.com\/index.php?rest_route=%2Fwp%2Fv2%2Fmedia&parent=110851"}],"wp:term":[{"taxonomy":"product_brand","embeddable":true,"href":"https:\/\/www.hediyepazar.com\/index.php?rest_route=%2Fwp%2Fv2%2Fproduct_brand&post=110851"},{"taxonomy":"product_cat","embeddable":true,"href":"https:\/\/www.hediyepazar.com\/index.php?rest_route=%2Fwp%2Fv2%2Fproduct_cat&post=110851"},{"taxonomy":"product_tag","embeddable":true,"href":"https:\/\/www.hediyepazar.com\/index.php?rest_route=%2Fwp%2Fv2%2Fproduct_tag&post=110851"}],"curies":[{"name":"wp","href":"https:\/\/api.w.org\/{rel}","templated":true}]}}