{"id":110853,"date":"2026-05-05T05:38:16","date_gmt":"2026-05-05T08:38:16","guid":{"rendered":"https:\/\/www.hediyepazar.com\/?product=tasinabilir-isik"},"modified":"2026-05-05T05:38:16","modified_gmt":"2026-05-05T08:38:16","slug":"tasinabilir-isik","status":"publish","type":"product","link":"https:\/\/www.hediyepazar.com\/?product=tasinabilir-isik","title":{"rendered":"TA\u015eINAB\u0130L\u0130R I\u015eIK"},"content":{"rendered":"<p>S\u00fcper Parlak 800 L\u00fcmen LED I\u015f\u0131k: G\u00fc\u00e7l\u00fc ayd\u0131nlatma kapasitesi ile en karanl\u0131k ortamlarda bile rahat\u00e7a yolunuzu bulabilirsiniz. 3 I\u015f\u0131k Modu: \u0130htiyac\u0131n\u0131za g\u00f6re ayarlanabilir d\u00fc\u015f\u00fck, orta ve y\u00fcksek parlakl\u0131k modlar\u0131 sunar. USB \u015earj Edilebilir: Dahili USB ba\u011flant\u0131s\u0131 sayesinde kolayca \u015farj edebilir ve uzun s\u00fcreli kullan\u0131m sa\u011flayabilirsiniz. \u015ei\u015fe A\u00e7aca\u011f\u0131: Entegre \u015fi\u015fe a\u00e7aca\u011f\u0131, acil durumlarda veya e\u011flenceli anlar\u0131n\u0131zda kullanabilece\u011finiz ekstra bir fonksiyon sunar. Ta\u015f\u0131nabilir ve Hafif Tasar\u0131m: Anahtarl\u0131k boyutundaki bu fener, her zaman yan\u0131n\u0131zda ta\u015f\u0131yabilece\u011finiz kadar k\u00fc\u00e7\u00fck ve hafiftir.Bu mini LED fener, yaln\u0131zca bir fenerden fazlas\u0131n\u0131 arayanlar i\u00e7in m\u00fckemmel bir \u00e7\u00f6z\u00fcmd\u00fcr. \u0130ster kamp yap\u0131n, ister g\u00fcnl\u00fck kullan\u0131m i\u00e7in yan\u0131n\u0131zda bulundurun, her zaman haz\u0131r olman\u0131z\u0131 sa\u011flar!<\/p>\n","protected":false},"excerpt":{"rendered":"<p>S\u00fcper Parlak 800 L\u00fcmen LED I\u015f\u0131k: G\u00fc\u00e7l\u00fc ayd\u0131nlatma kapasitesi ile en karanl\u0131k ortamlarda bile rahat\u00e7a yolunuzu bulabilirsiniz. 3 I\u015f\u0131k Modu: \u0130htiyac\u0131n\u0131za g\u00f6re ayarlanabilir d\u00fc\u015f\u00fck, orta ve y\u00fcksek parlakl\u0131k modlar\u0131 sunar. USB \u015earj Edilebilir: Dahili USB ba\u011flant\u0131s\u0131 sayesinde kolayca \u015farj edebilir ve uzun s\u00fcreli kullan\u0131m sa\u011flayabilirsiniz. \u015ei\u015fe A\u00e7aca\u011f\u0131: Entegre \u015fi\u015fe a\u00e7aca\u011f\u0131, acil durumlarda veya e\u011flenceli anlar\u0131n\u0131zda&#8230;<\/p>\n","protected":false},"featured_media":110852,"comment_status":"open","ping_status":"closed","template":"","meta":{"_kad_post_transparent":"","_kad_post_title":"","_kad_post_layout":"","_kad_post_sidebar_id":"","_kad_post_content_style":"","_kad_post_vertical_padding":"","_kad_post_feature":"","_kad_post_feature_position":"","_kad_post_header":false,"_kad_post_footer":false,"_kad_post_classname":""},"product_brand":[],"product_cat":[14977],"product_tag":[],"class_list":{"0":"post-110853","1":"product","2":"type-product","3":"status-publish","4":"has-post-thumbnail","6":"product_cat-kamp-lambasi-kamp-lambasi","8":"first","9":"instock","10":"purchasable","11":"product-type-simple","12":"entry","13":"content-bg","14":"loop-entry"},"_links":{"self":[{"href":"https:\/\/www.hediyepazar.com\/index.php?rest_route=\/wp\/v2\/product\/110853","targetHints":{"allow":["GET"]}}],"collection":[{"href":"https:\/\/www.hediyepazar.com\/index.php?rest_route=\/wp\/v2\/product"}],"about":[{"href":"https:\/\/www.hediyepazar.com\/index.php?rest_route=\/wp\/v2\/types\/product"}],"replies":[{"embeddable":true,"href":"https:\/\/www.hediyepazar.com\/index.php?rest_route=%2Fwp%2Fv2%2Fcomments&post=110853"}],"wp:featuredmedia":[{"embeddable":true,"href":"https:\/\/www.hediyepazar.com\/index.php?rest_route=\/wp\/v2\/media\/110852"}],"wp:attachment":[{"href":"https:\/\/www.hediyepazar.com\/index.php?rest_route=%2Fwp%2Fv2%2Fmedia&parent=110853"}],"wp:term":[{"taxonomy":"product_brand","embeddable":true,"href":"https:\/\/www.hediyepazar.com\/index.php?rest_route=%2Fwp%2Fv2%2Fproduct_brand&post=110853"},{"taxonomy":"product_cat","embeddable":true,"href":"https:\/\/www.hediyepazar.com\/index.php?rest_route=%2Fwp%2Fv2%2Fproduct_cat&post=110853"},{"taxonomy":"product_tag","embeddable":true,"href":"https:\/\/www.hediyepazar.com\/index.php?rest_route=%2Fwp%2Fv2%2Fproduct_tag&post=110853"}],"curies":[{"name":"wp","href":"https:\/\/api.w.org\/{rel}","templated":true}]}}