{"id":110855,"date":"2026-05-05T05:38:21","date_gmt":"2026-05-05T08:38:21","guid":{"rendered":"https:\/\/www.hediyepazar.com\/?product=10-000-mah-wireless-sarjli-powerbank"},"modified":"2026-05-05T05:38:21","modified_gmt":"2026-05-05T08:38:21","slug":"10-000-mah-wireless-sarjli-powerbank","status":"publish","type":"product","link":"https:\/\/www.hediyepazar.com\/?product=10-000-mah-wireless-sarjli-powerbank","title":{"rendered":"10.000 mAh Wireless \u015earjl\u0131 Powerbank"},"content":{"rendered":"<p>10.000 mAh Wireless \u015earjl\u0131 Powerbank Magsafe 22.5 Watt H\u0131zl\u0131 \u015earj Edilebilir PowerBank Y\u00fcksek performansl\u0131 \u015farj deneyimi ve \u015f\u0131k tasar\u0131m\u0131yla her an yan\u0131n\u0131zda. H\u0131zl\u0131 \u015earj Teknolojisi: 22.5 watt&#8217;l\u0131k h\u0131zl\u0131 \u015farj \u00f6zelli\u011fi sayesinde cihazlar\u0131n\u0131z\u0131 h\u0131zla doldurun. Zaman\u0131n\u0131z\u0131 daha etkin kullan\u0131n ve her an ileti\u015fimde kal\u0131n. Magsafe Uyumlulu\u011fu: Apple cihazlar\u0131n\u0131zla uyumlu olan Magsafe teknolojisi ile m\u00fckemmel bir uyum sa\u011flar. G\u00fcvenli ve g\u00fc\u00e7l\u00fc ba\u011flant\u0131 ile cihazlar\u0131n\u0131z\u0131 kolayca \u015farj edin. Geni\u015f Uyum: iPhone, iPad, AirPods ve di\u011fer Qi uyumlu cihazlarla uyumludur. Herhangi bir Apple cihaz\u0131n\u0131z\u0131 \u015farj etmek i\u00e7in idealdir. Ta\u015f\u0131nabilirlik: Hafif ve ince tasar\u0131m\u0131yla kolayca ta\u015f\u0131nabilir. Seyahatlerde, i\u015f gezilerinde veya g\u00fcnl\u00fck kullan\u0131mda size pratiklik sunar. \u0130ki Renk Se\u00e7ene\u011fi: Siyah ve beyaz olmak \u00fczere \u00fc\u00e7 farkl\u0131 renk se\u00e7ene\u011fiyle tarz\u0131n\u0131za uygun olan\u0131 se\u00e7in. G\u00fcvenlik ve Dayan\u0131kl\u0131l\u0131k: Y\u00fcksek kaliteli malzemelerden \u00fcretilmi\u015f olan powerbank, a\u015f\u0131r\u0131 \u015farj, k\u0131sa devre ve a\u015f\u0131r\u0131 \u0131s\u0131nma gibi durumlarda otomatik olarak koruma sa\u011flar. Kapasite: (10000mAh\/5000mAh) kapasite ile uzun s\u00fcreli kullan\u0131m imkan\u0131 sa\u011flar.<\/p>\n","protected":false},"excerpt":{"rendered":"<p>10.000 mAh Wireless \u015earjl\u0131 Powerbank Magsafe 22.5 Watt H\u0131zl\u0131 \u015earj Edilebilir PowerBank Y\u00fcksek performansl\u0131 \u015farj deneyimi ve \u015f\u0131k tasar\u0131m\u0131yla her an yan\u0131n\u0131zda. H\u0131zl\u0131 \u015earj Teknolojisi: 22.5 watt&#8217;l\u0131k h\u0131zl\u0131 \u015farj \u00f6zelli\u011fi sayesinde cihazlar\u0131n\u0131z\u0131 h\u0131zla doldurun. Zaman\u0131n\u0131z\u0131 daha etkin kullan\u0131n ve her an ileti\u015fimde kal\u0131n. Magsafe Uyumlulu\u011fu: Apple cihazlar\u0131n\u0131zla uyumlu olan Magsafe teknolojisi ile m\u00fckemmel bir uyum&#8230;<\/p>\n","protected":false},"featured_media":110854,"comment_status":"open","ping_status":"closed","template":"","meta":{"_kad_post_transparent":"","_kad_post_title":"","_kad_post_layout":"","_kad_post_sidebar_id":"","_kad_post_content_style":"","_kad_post_vertical_padding":"","_kad_post_feature":"","_kad_post_feature_position":"","_kad_post_header":false,"_kad_post_footer":false,"_kad_post_classname":""},"product_brand":[],"product_cat":[14937],"product_tag":[],"class_list":{"0":"post-110855","1":"product","2":"type-product","3":"status-publish","4":"has-post-thumbnail","6":"product_cat-powerbank-powerbank-2","8":"first","9":"instock","10":"purchasable","11":"product-type-simple","12":"entry","13":"content-bg","14":"loop-entry"},"_links":{"self":[{"href":"https:\/\/www.hediyepazar.com\/index.php?rest_route=\/wp\/v2\/product\/110855","targetHints":{"allow":["GET"]}}],"collection":[{"href":"https:\/\/www.hediyepazar.com\/index.php?rest_route=\/wp\/v2\/product"}],"about":[{"href":"https:\/\/www.hediyepazar.com\/index.php?rest_route=\/wp\/v2\/types\/product"}],"replies":[{"embeddable":true,"href":"https:\/\/www.hediyepazar.com\/index.php?rest_route=%2Fwp%2Fv2%2Fcomments&post=110855"}],"wp:featuredmedia":[{"embeddable":true,"href":"https:\/\/www.hediyepazar.com\/index.php?rest_route=\/wp\/v2\/media\/110854"}],"wp:attachment":[{"href":"https:\/\/www.hediyepazar.com\/index.php?rest_route=%2Fwp%2Fv2%2Fmedia&parent=110855"}],"wp:term":[{"taxonomy":"product_brand","embeddable":true,"href":"https:\/\/www.hediyepazar.com\/index.php?rest_route=%2Fwp%2Fv2%2Fproduct_brand&post=110855"},{"taxonomy":"product_cat","embeddable":true,"href":"https:\/\/www.hediyepazar.com\/index.php?rest_route=%2Fwp%2Fv2%2Fproduct_cat&post=110855"},{"taxonomy":"product_tag","embeddable":true,"href":"https:\/\/www.hediyepazar.com\/index.php?rest_route=%2Fwp%2Fv2%2Fproduct_tag&post=110855"}],"curies":[{"name":"wp","href":"https:\/\/api.w.org\/{rel}","templated":true}]}}