{"id":110857,"date":"2026-05-05T05:40:02","date_gmt":"2026-05-05T08:40:02","guid":{"rendered":"https:\/\/www.hediyepazar.com\/?product=el-kantari-50kg"},"modified":"2026-05-05T05:40:02","modified_gmt":"2026-05-05T08:40:02","slug":"el-kantari-50kg","status":"publish","type":"product","link":"https:\/\/www.hediyepazar.com\/?product=el-kantari-50kg","title":{"rendered":"EL KANTARI 50KG"},"content":{"rendered":"<p>50 Kg Kapasiteli Portatif El Tart\u0131s\u0131 Dijital Lcd Ekranl\u0131 Kantar TeraziT\u00fcr El Tart\u0131s\u0131 Ekran boyutu 6cmMax. A\u011f\u0131rl\u0131k 50kg Min. A\u011f\u0131rl\u0131k 10 grTart\u0131m Birimleri g , ct , oz , dwt , gnG\u00f6sterge 10g ,50kg \u00c7al\u0131\u015fma s\u0131cakl\u0131\u011f\u0131 10-30\u00b0COtomatik kapanma EvetG\u00fc\u00e7 AAA Pil Pil Say\u0131s\u0131 2 Pil DahilBoyut ve A\u011f\u0131rl\u0131k Boyutlar\u0131 5.31 in x 2.99 in x 1.57 in (7 cm x 3 cm x 4 cm)A\u011f\u0131rl\u0131k 4.37 oz (124 g)<\/p>\n","protected":false},"excerpt":{"rendered":"<p>50 Kg Kapasiteli Portatif El Tart\u0131s\u0131 Dijital Lcd Ekranl\u0131 Kantar TeraziT\u00fcr El Tart\u0131s\u0131 Ekran boyutu 6cmMax. A\u011f\u0131rl\u0131k 50kg Min. A\u011f\u0131rl\u0131k 10 grTart\u0131m Birimleri g , ct , oz , dwt , gnG\u00f6sterge 10g ,50kg \u00c7al\u0131\u015fma s\u0131cakl\u0131\u011f\u0131 10-30\u00b0COtomatik kapanma EvetG\u00fc\u00e7 AAA Pil Pil Say\u0131s\u0131 2 Pil DahilBoyut ve A\u011f\u0131rl\u0131k Boyutlar\u0131 5.31 in x 2.99 in x&#8230;<\/p>\n","protected":false},"featured_media":110856,"comment_status":"open","ping_status":"closed","template":"","meta":{"_kad_post_transparent":"","_kad_post_title":"","_kad_post_layout":"","_kad_post_sidebar_id":"","_kad_post_content_style":"","_kad_post_vertical_padding":"","_kad_post_feature":"","_kad_post_feature_position":"","_kad_post_header":false,"_kad_post_footer":false,"_kad_post_classname":""},"product_brand":[],"product_cat":[14996],"product_tag":[],"class_list":{"0":"post-110857","1":"product","2":"type-product","3":"status-publish","4":"has-post-thumbnail","6":"product_cat-tarti-tarti","8":"first","9":"instock","10":"purchasable","11":"product-type-simple","12":"entry","13":"content-bg","14":"loop-entry"},"_links":{"self":[{"href":"https:\/\/www.hediyepazar.com\/index.php?rest_route=\/wp\/v2\/product\/110857","targetHints":{"allow":["GET"]}}],"collection":[{"href":"https:\/\/www.hediyepazar.com\/index.php?rest_route=\/wp\/v2\/product"}],"about":[{"href":"https:\/\/www.hediyepazar.com\/index.php?rest_route=\/wp\/v2\/types\/product"}],"replies":[{"embeddable":true,"href":"https:\/\/www.hediyepazar.com\/index.php?rest_route=%2Fwp%2Fv2%2Fcomments&post=110857"}],"wp:featuredmedia":[{"embeddable":true,"href":"https:\/\/www.hediyepazar.com\/index.php?rest_route=\/wp\/v2\/media\/110856"}],"wp:attachment":[{"href":"https:\/\/www.hediyepazar.com\/index.php?rest_route=%2Fwp%2Fv2%2Fmedia&parent=110857"}],"wp:term":[{"taxonomy":"product_brand","embeddable":true,"href":"https:\/\/www.hediyepazar.com\/index.php?rest_route=%2Fwp%2Fv2%2Fproduct_brand&post=110857"},{"taxonomy":"product_cat","embeddable":true,"href":"https:\/\/www.hediyepazar.com\/index.php?rest_route=%2Fwp%2Fv2%2Fproduct_cat&post=110857"},{"taxonomy":"product_tag","embeddable":true,"href":"https:\/\/www.hediyepazar.com\/index.php?rest_route=%2Fwp%2Fv2%2Fproduct_tag&post=110857"}],"curies":[{"name":"wp","href":"https:\/\/api.w.org\/{rel}","templated":true}]}}