{"id":110859,"date":"2026-05-05T05:40:08","date_gmt":"2026-05-05T08:40:08","guid":{"rendered":"https:\/\/www.hediyepazar.com\/?product=rgb-lamba"},"modified":"2026-05-05T05:40:08","modified_gmt":"2026-05-05T08:40:08","slug":"rgb-lamba","status":"publish","type":"product","link":"https:\/\/www.hediyepazar.com\/?product=rgb-lamba","title":{"rendered":"RGB LAMBA"},"content":{"rendered":"<p>LED ampullerin standart ampullere k\u0131yasla y\u00fczde 60 civar\u0131nda tasarruf sa\u011flad\u0131\u011f\u0131 tahmin ediliyor. \u00c7evre duyarl\u0131l\u0131\u011f\u0131 hem de b\u00fct\u00e7e y\u00f6netimi a\u00e7\u0131s\u0131ndan \u00f6ne \u00e7\u0131kan\u00a0led ampuller, di\u011fer tasarruflu modellere g\u00f6re %10-15 kadar daha az enerji sarfiyat\u0131 sa\u011flamaktad\u0131r. I\u015f\u0131k verimlili\u011fi y\u00fcksek olan LED ampuller, ayd\u0131nlatma konusunda asla sorun yaratmaz.LED \u00fcr\u00fcnlerin g\u00fcc\u00fc, standart ampullerden olduk\u00e7a farkl\u0131d\u0131r. \u00d6rnek olarak 15 Watt de\u011ferindeki LED ampul, 100 watt de\u011ferindeki normal ampule e\u015fit denilebilir. A+ enerji verimlili\u011finde kategorize edilmektedir.<\/p>\n","protected":false},"excerpt":{"rendered":"<p>LED ampullerin standart ampullere k\u0131yasla y\u00fczde 60 civar\u0131nda tasarruf sa\u011flad\u0131\u011f\u0131 tahmin ediliyor. \u00c7evre duyarl\u0131l\u0131\u011f\u0131 hem de b\u00fct\u00e7e y\u00f6netimi a\u00e7\u0131s\u0131ndan \u00f6ne \u00e7\u0131kan\u00a0led ampuller, di\u011fer tasarruflu modellere g\u00f6re %10-15 kadar daha az enerji sarfiyat\u0131 sa\u011flamaktad\u0131r. I\u015f\u0131k verimlili\u011fi y\u00fcksek olan LED ampuller, ayd\u0131nlatma konusunda asla sorun yaratmaz.LED \u00fcr\u00fcnlerin g\u00fcc\u00fc, standart ampullerden olduk\u00e7a farkl\u0131d\u0131r. \u00d6rnek olarak 15 Watt de\u011ferindeki&#8230;<\/p>\n","protected":false},"featured_media":110858,"comment_status":"open","ping_status":"closed","template":"","meta":{"_kad_post_transparent":"","_kad_post_title":"","_kad_post_layout":"","_kad_post_sidebar_id":"","_kad_post_content_style":"","_kad_post_vertical_padding":"","_kad_post_feature":"","_kad_post_feature_position":"","_kad_post_header":false,"_kad_post_footer":false,"_kad_post_classname":""},"product_brand":[],"product_cat":[14967],"product_tag":[],"class_list":{"0":"post-110859","1":"product","2":"type-product","3":"status-publish","4":"has-post-thumbnail","6":"product_cat-gece-lambasi-gece-lambasi","8":"first","9":"instock","10":"purchasable","11":"product-type-simple","12":"entry","13":"content-bg","14":"loop-entry"},"_links":{"self":[{"href":"https:\/\/www.hediyepazar.com\/index.php?rest_route=\/wp\/v2\/product\/110859","targetHints":{"allow":["GET"]}}],"collection":[{"href":"https:\/\/www.hediyepazar.com\/index.php?rest_route=\/wp\/v2\/product"}],"about":[{"href":"https:\/\/www.hediyepazar.com\/index.php?rest_route=\/wp\/v2\/types\/product"}],"replies":[{"embeddable":true,"href":"https:\/\/www.hediyepazar.com\/index.php?rest_route=%2Fwp%2Fv2%2Fcomments&post=110859"}],"wp:featuredmedia":[{"embeddable":true,"href":"https:\/\/www.hediyepazar.com\/index.php?rest_route=\/wp\/v2\/media\/110858"}],"wp:attachment":[{"href":"https:\/\/www.hediyepazar.com\/index.php?rest_route=%2Fwp%2Fv2%2Fmedia&parent=110859"}],"wp:term":[{"taxonomy":"product_brand","embeddable":true,"href":"https:\/\/www.hediyepazar.com\/index.php?rest_route=%2Fwp%2Fv2%2Fproduct_brand&post=110859"},{"taxonomy":"product_cat","embeddable":true,"href":"https:\/\/www.hediyepazar.com\/index.php?rest_route=%2Fwp%2Fv2%2Fproduct_cat&post=110859"},{"taxonomy":"product_tag","embeddable":true,"href":"https:\/\/www.hediyepazar.com\/index.php?rest_route=%2Fwp%2Fv2%2Fproduct_tag&post=110859"}],"curies":[{"name":"wp","href":"https:\/\/api.w.org\/{rel}","templated":true}]}}