{"id":110873,"date":"2026-05-05T05:42:17","date_gmt":"2026-05-05T08:42:17","guid":{"rendered":"https:\/\/www.hediyepazar.com\/?product=120w-sarj-aleti"},"modified":"2026-05-05T05:42:17","modified_gmt":"2026-05-05T08:42:17","slug":"120w-sarj-aleti","status":"publish","type":"product","link":"https:\/\/www.hediyepazar.com\/?product=120w-sarj-aleti","title":{"rendered":"120W \u015eARJ ALET\u0130"},"content":{"rendered":"<p>Ak\u0131ll\u0131 koruma ve Daha fazla UyumlulukDahili ak\u0131ll\u0131 tan\u0131ma \u00e7ipi ve Type-C ba\u011flant\u0131 noktas\u0131 sayesinde piyasada bulunan \u00e7o\u011fu ak\u0131ll\u0131 telefon, diz\u00fcst\u00fc bilgisayar ve di\u011fer elektronik cihazlar ile uyumludur.Y\u00fcksek s\u0131cakla\u011fa dayan\u0131kl\u0131 malzeme120w Mi Turbo Destekli Fast H\u0131zl\u0131 \u015earj Cihaz\u0131\u00a0 5.0 destekli T\u00fcm\u00a0 h\u0131zl\u0131 \u015farj edilebilen telefonlar\u0131 desteklemektedir. H\u0131zl\u0131 \u015farj aleti \u015farj cihaz\u0131 TYPE C giri\u015fli telefonlar i\u00e7in uygundur.\u00a0 Turuncu u\u00e7lu h\u0131zl\u0131 \u015farj kablosu ile birlikte g\u00f6nderilmektedir. Seyahatleriniz i\u00e7in ta\u015f\u0131mas\u0131 kolay kompakt bir \u00fcr\u00fcnd\u00fcr. Ak\u0131m koruma teknolojisi Y\u00fcksek s\u0131cakl\u0131k koruma teknolojisi Kabloyu veri aktar\u0131m\u0131 i\u00e7in de kullanabilirsiniz. Veri aktar\u0131m\u0131na uygundur. H\u0131zl\u0131 \u015farj destekler.<\/p>\n","protected":false},"excerpt":{"rendered":"<p>Ak\u0131ll\u0131 koruma ve Daha fazla UyumlulukDahili ak\u0131ll\u0131 tan\u0131ma \u00e7ipi ve Type-C ba\u011flant\u0131 noktas\u0131 sayesinde piyasada bulunan \u00e7o\u011fu ak\u0131ll\u0131 telefon, diz\u00fcst\u00fc bilgisayar ve di\u011fer elektronik cihazlar ile uyumludur.Y\u00fcksek s\u0131cakla\u011fa dayan\u0131kl\u0131 malzeme120w Mi Turbo Destekli Fast H\u0131zl\u0131 \u015earj Cihaz\u0131\u00a0 5.0 destekli T\u00fcm\u00a0 h\u0131zl\u0131 \u015farj edilebilen telefonlar\u0131 desteklemektedir. H\u0131zl\u0131 \u015farj aleti \u015farj cihaz\u0131 TYPE C giri\u015fli telefonlar i\u00e7in&#8230;<\/p>\n","protected":false},"featured_media":110872,"comment_status":"open","ping_status":"closed","template":"","meta":{"_kad_post_transparent":"","_kad_post_title":"","_kad_post_layout":"","_kad_post_sidebar_id":"","_kad_post_content_style":"","_kad_post_vertical_padding":"","_kad_post_feature":"","_kad_post_feature_position":"","_kad_post_header":false,"_kad_post_footer":false,"_kad_post_classname":""},"product_brand":[],"product_cat":[14975],"product_tag":[],"class_list":{"0":"post-110873","1":"product","2":"type-product","3":"status-publish","4":"has-post-thumbnail","6":"product_cat-sarj-aletleri-sarj-aletleri","8":"first","9":"instock","10":"purchasable","11":"product-type-simple","12":"entry","13":"content-bg","14":"loop-entry"},"_links":{"self":[{"href":"https:\/\/www.hediyepazar.com\/index.php?rest_route=\/wp\/v2\/product\/110873","targetHints":{"allow":["GET"]}}],"collection":[{"href":"https:\/\/www.hediyepazar.com\/index.php?rest_route=\/wp\/v2\/product"}],"about":[{"href":"https:\/\/www.hediyepazar.com\/index.php?rest_route=\/wp\/v2\/types\/product"}],"replies":[{"embeddable":true,"href":"https:\/\/www.hediyepazar.com\/index.php?rest_route=%2Fwp%2Fv2%2Fcomments&post=110873"}],"wp:featuredmedia":[{"embeddable":true,"href":"https:\/\/www.hediyepazar.com\/index.php?rest_route=\/wp\/v2\/media\/110872"}],"wp:attachment":[{"href":"https:\/\/www.hediyepazar.com\/index.php?rest_route=%2Fwp%2Fv2%2Fmedia&parent=110873"}],"wp:term":[{"taxonomy":"product_brand","embeddable":true,"href":"https:\/\/www.hediyepazar.com\/index.php?rest_route=%2Fwp%2Fv2%2Fproduct_brand&post=110873"},{"taxonomy":"product_cat","embeddable":true,"href":"https:\/\/www.hediyepazar.com\/index.php?rest_route=%2Fwp%2Fv2%2Fproduct_cat&post=110873"},{"taxonomy":"product_tag","embeddable":true,"href":"https:\/\/www.hediyepazar.com\/index.php?rest_route=%2Fwp%2Fv2%2Fproduct_tag&post=110873"}],"curies":[{"name":"wp","href":"https:\/\/api.w.org\/{rel}","templated":true}]}}