{"id":110877,"date":"2026-05-05T05:44:01","date_gmt":"2026-05-05T08:44:01","guid":{"rendered":"https:\/\/www.hediyepazar.com\/?product=kristal-lamba"},"modified":"2026-05-05T05:44:01","modified_gmt":"2026-05-05T08:44:01","slug":"kristal-lamba","status":"publish","type":"product","link":"https:\/\/www.hediyepazar.com\/?product=kristal-lamba","title":{"rendered":"KR\u0130STAL LAMBA"},"content":{"rendered":"<p>kristal masa lambas\u0131 rgb renk de\u011fi\u015ftiren gece lambas\u0131 16 renk ve 4 mod dokunmatik kontrol \u00d6zellikler: Ad\u0131: Masa lambas\u0131 Malzeme: Akrilik Varyasyon: Dokunmatik sens\u00f6r Fi\u015f: Usb Pil: \u015earj edilebilir pil G\u00fc\u00e7: 1.5w Giri\u015f voltaj\u0131: 5v 0.3a \u00dcr\u00fcn boyutu: D150 * h260mm Ambalaj listesi 1 * masa lambas\u0131 1 * usb kablosu 1 * Kumanda Kristal Elmas Dekoratif Masa Lambas\u0131: Benzersiz 3D kesme teknolojisi ile \u00fcretilen elmas benzeri e\u015fkenar d\u00f6rtgen \u015fekilli kristal lamba, modern ve l\u00fcks g\u00f6r\u00fcn\u00fcm\u00fcyle parlak ve renkli \u0131\u015f\u0131klar\u0131 yans\u0131t\u0131r. Oda, oturma odas\u0131, yemek odas\u0131, parti, romantik ve s\u0131cak bir atmosfer yarat\u0131r, \u00e7ocuklar, sevgililer veya arkada\u015flar i\u00e7in do\u011fum g\u00fcn\u00fc\/Noel\/Sevgililer G\u00fcn\u00fc i\u00e7in romantik bir s\u00fcrpriz hediye i\u00e7in m\u00fckemmeldir. \u015earj edilebilir \u00e7al\u0131\u015fma masas\u0131 lambas\u0131: RGB \u00e7al\u0131\u015fma masas\u0131 lambas\u0131, 10.000 \u015farj ve de\u015farj i\u015flemi i\u00e7in kullan\u0131labilecek y\u00fcksek kapasiteli dahili 2000 mAh pile sahiptir. Yeni geli\u015ftirilmi\u015f entegre USB \u015farj aray\u00fcz\u00fc tasar\u0131m\u0131 size g\u00fcvenli ve sorunsuz \u015farj sa\u011flar (USB \u015farj kablosu teslimat kapsam\u0131na dahildir), \u015farj edildikten sonra 3 saat kullan\u0131labilir ve t\u00fcm gece boyunca tek bir \u015farjla e\u015flik edebilir 16 RGB renk: Elmas LED lamba, 3 renk RGB k\u0131rm\u0131z\u0131, ye\u015fil ve mavi ve 16 dinamik renge sahiptir (s\u0131cak \u0131\u015f\u0131k + s\u0131cak beyaz \u0131\u015f\u0131k + sar\u0131 \u0131\u015f\u0131k + mavi \u0131\u015f\u0131k + k\u0131rm\u0131z\u0131 \u0131\u015f\u0131k vs.), 4 dinamik mod (fla\u015f\/stroboskop\/a\u00e7ma\/kapama\/p\u00fcr\u00fczs\u00fcz), 6 kademeli parlakl\u0131k ayar\u0131, en sevdi\u011finiz rengi ve tercih etti\u011finiz \u0131\u015f\u0131k modunu zevkinize ve ruh halinize g\u00f6re se\u00e7ebilirsiniz. romantik bir atmosfer i\u00e7in se\u00e7in sa\u011flar. Uzaktan kumandal\u0131 ve dokunmatik kumandal\u0131 masa lambas\u0131: Elmas masa lambas\u0131 dokunmaya kar\u015f\u0131 hassast\u0131r, ele dokunarak hemen k\u0131smay\u0131 de\u011fi\u015ftirebilir, kapatmak i\u00e7in \u00fc\u00e7 saniye boyunca uzun bas\u0131n uzaktan kumanda 24 tu\u015fa sahiptir (kullan\u0131m k\u0131lavuzu ile) ve dokunmatik ekran ve uzaktan kumanda geli\u015fmi\u015f bir \u00e7ip kullan\u0131r, tepki h\u0131z\u0131 hassast\u0131r, ba\u011flant\u0131 sa\u011flamd\u0131r ve her \u015fey elinizdedir. Y\u00fcksek \u0131\u015f\u0131k ge\u00e7irgenli\u011fine sahip akrilik masa lambas\u0131: Bel \u015feklindeki k\u00fc\u00e7\u00fck masa lambas\u0131, g\u00fcvenli ve yal\u0131t\u0131ml\u0131, zarar g\u00f6rmesi kolay olmayan ve \u0131\u015f\u0131k ge\u00e7irgenli\u011fi %95&#8217;ten fazla olan akrilik malzemeden yap\u0131lm\u0131\u015ft\u0131r. RGB \u0131\u015f\u0131k, elmas kristali ile zemine yans\u0131t\u0131l\u0131r ve harika bir LED \u0131\u015f\u0131k kayna\u011f\u0131 g\u00f6sterir. \u015e\u0131k g\u00f6r\u00fcn\u00fcm, sizin i\u00e7in harika bir \u0131\u015f\u0131k ve g\u00f6lge \u015fenli\u011fi yaratmak i\u00e7in parlak \u0131\u015f\u0131klarla kombine edilmi\u015ftir.<\/p>\n","protected":false},"excerpt":{"rendered":"<p>kristal masa lambas\u0131 rgb renk de\u011fi\u015ftiren gece lambas\u0131 16 renk ve 4 mod dokunmatik kontrol \u00d6zellikler: Ad\u0131: Masa lambas\u0131 Malzeme: Akrilik Varyasyon: Dokunmatik sens\u00f6r Fi\u015f: Usb Pil: \u015earj edilebilir pil G\u00fc\u00e7: 1.5w Giri\u015f voltaj\u0131: 5v 0.3a \u00dcr\u00fcn boyutu: D150 * h260mm Ambalaj listesi 1 * masa lambas\u0131 1 * usb kablosu 1 * Kumanda Kristal&#8230;<\/p>\n","protected":false},"featured_media":110876,"comment_status":"open","ping_status":"closed","template":"","meta":{"_kad_post_transparent":"","_kad_post_title":"","_kad_post_layout":"","_kad_post_sidebar_id":"","_kad_post_content_style":"","_kad_post_vertical_padding":"","_kad_post_feature":"","_kad_post_feature_position":"","_kad_post_header":false,"_kad_post_footer":false,"_kad_post_classname":""},"product_brand":[],"product_cat":[14967],"product_tag":[],"class_list":{"0":"post-110877","1":"product","2":"type-product","3":"status-publish","4":"has-post-thumbnail","6":"product_cat-gece-lambasi-gece-lambasi","8":"first","9":"instock","10":"purchasable","11":"product-type-simple","12":"entry","13":"content-bg","14":"loop-entry"},"_links":{"self":[{"href":"https:\/\/www.hediyepazar.com\/index.php?rest_route=\/wp\/v2\/product\/110877","targetHints":{"allow":["GET"]}}],"collection":[{"href":"https:\/\/www.hediyepazar.com\/index.php?rest_route=\/wp\/v2\/product"}],"about":[{"href":"https:\/\/www.hediyepazar.com\/index.php?rest_route=\/wp\/v2\/types\/product"}],"replies":[{"embeddable":true,"href":"https:\/\/www.hediyepazar.com\/index.php?rest_route=%2Fwp%2Fv2%2Fcomments&post=110877"}],"wp:featuredmedia":[{"embeddable":true,"href":"https:\/\/www.hediyepazar.com\/index.php?rest_route=\/wp\/v2\/media\/110876"}],"wp:attachment":[{"href":"https:\/\/www.hediyepazar.com\/index.php?rest_route=%2Fwp%2Fv2%2Fmedia&parent=110877"}],"wp:term":[{"taxonomy":"product_brand","embeddable":true,"href":"https:\/\/www.hediyepazar.com\/index.php?rest_route=%2Fwp%2Fv2%2Fproduct_brand&post=110877"},{"taxonomy":"product_cat","embeddable":true,"href":"https:\/\/www.hediyepazar.com\/index.php?rest_route=%2Fwp%2Fv2%2Fproduct_cat&post=110877"},{"taxonomy":"product_tag","embeddable":true,"href":"https:\/\/www.hediyepazar.com\/index.php?rest_route=%2Fwp%2Fv2%2Fproduct_tag&post=110877"}],"curies":[{"name":"wp","href":"https:\/\/api.w.org\/{rel}","templated":true}]}}