{"id":110879,"date":"2026-05-05T05:44:06","date_gmt":"2026-05-05T08:44:06","guid":{"rendered":"https:\/\/www.hediyepazar.com\/?product=60-000-mah-powerbank"},"modified":"2026-05-05T05:44:06","modified_gmt":"2026-05-05T08:44:06","slug":"60-000-mah-powerbank","status":"publish","type":"product","link":"https:\/\/www.hediyepazar.com\/?product=60-000-mah-powerbank","title":{"rendered":"60.000 MAH POWERBANK"},"content":{"rendered":"<p>B\u00fct\u00fcn Ak\u0131ll\u0131 Telefonlar, tabletler ve saatleriniz i\u00e7in h\u0131zl\u0131 ve g\u00fcvenli \u015farj imkan\u0131 sunar. 4 Farkl\u0131 Kablo paket i\u00e7erisinde \u00e7\u0131kmaktad\u0131r. Micro Usb, Iphone Lightning, Type-C ve Usb Kablo Dijital G\u00f6sterge vard\u0131r. Led Feneri ile en zor zamanlar\u0131n\u0131zda yard\u0131mc\u0131n\u0131z olur Ayn\u0131 anda 4 farkl\u0131 cihaz\u0131n\u0131z\u0131 \u015farj etmeye olanak sunar. Ergonomik bir tasar\u0131m\u0131 vard\u0131r. Portatif yap\u0131s\u0131 ile seyahatte\/kampta\/ tatilde kolay bir kullan\u0131m sunar. K\u0131sa devreye, y\u00fcksek gerilim ve ak\u0131m koruma \u00f6zelli\u011fi ile cihaz\u0131n\u0131z\u0131 her daim korur. \u00dcr\u00fcn Boyutu 18X8X6 cm<\/p>\n","protected":false},"excerpt":{"rendered":"<p>B\u00fct\u00fcn Ak\u0131ll\u0131 Telefonlar, tabletler ve saatleriniz i\u00e7in h\u0131zl\u0131 ve g\u00fcvenli \u015farj imkan\u0131 sunar. 4 Farkl\u0131 Kablo paket i\u00e7erisinde \u00e7\u0131kmaktad\u0131r. Micro Usb, Iphone Lightning, Type-C ve Usb Kablo Dijital G\u00f6sterge vard\u0131r. Led Feneri ile en zor zamanlar\u0131n\u0131zda yard\u0131mc\u0131n\u0131z olur Ayn\u0131 anda 4 farkl\u0131 cihaz\u0131n\u0131z\u0131 \u015farj etmeye olanak sunar. Ergonomik bir tasar\u0131m\u0131 vard\u0131r. Portatif yap\u0131s\u0131 ile seyahatte\/kampta\/&#8230;<\/p>\n","protected":false},"featured_media":110878,"comment_status":"open","ping_status":"closed","template":"","meta":{"_kad_post_transparent":"","_kad_post_title":"","_kad_post_layout":"","_kad_post_sidebar_id":"","_kad_post_content_style":"","_kad_post_vertical_padding":"","_kad_post_feature":"","_kad_post_feature_position":"","_kad_post_header":false,"_kad_post_footer":false,"_kad_post_classname":""},"product_brand":[],"product_cat":[14937],"product_tag":[],"class_list":{"0":"post-110879","1":"product","2":"type-product","3":"status-publish","4":"has-post-thumbnail","6":"product_cat-powerbank-powerbank-2","8":"first","9":"instock","10":"purchasable","11":"product-type-simple","12":"entry","13":"content-bg","14":"loop-entry"},"_links":{"self":[{"href":"https:\/\/www.hediyepazar.com\/index.php?rest_route=\/wp\/v2\/product\/110879","targetHints":{"allow":["GET"]}}],"collection":[{"href":"https:\/\/www.hediyepazar.com\/index.php?rest_route=\/wp\/v2\/product"}],"about":[{"href":"https:\/\/www.hediyepazar.com\/index.php?rest_route=\/wp\/v2\/types\/product"}],"replies":[{"embeddable":true,"href":"https:\/\/www.hediyepazar.com\/index.php?rest_route=%2Fwp%2Fv2%2Fcomments&post=110879"}],"wp:featuredmedia":[{"embeddable":true,"href":"https:\/\/www.hediyepazar.com\/index.php?rest_route=\/wp\/v2\/media\/110878"}],"wp:attachment":[{"href":"https:\/\/www.hediyepazar.com\/index.php?rest_route=%2Fwp%2Fv2%2Fmedia&parent=110879"}],"wp:term":[{"taxonomy":"product_brand","embeddable":true,"href":"https:\/\/www.hediyepazar.com\/index.php?rest_route=%2Fwp%2Fv2%2Fproduct_brand&post=110879"},{"taxonomy":"product_cat","embeddable":true,"href":"https:\/\/www.hediyepazar.com\/index.php?rest_route=%2Fwp%2Fv2%2Fproduct_cat&post=110879"},{"taxonomy":"product_tag","embeddable":true,"href":"https:\/\/www.hediyepazar.com\/index.php?rest_route=%2Fwp%2Fv2%2Fproduct_tag&post=110879"}],"curies":[{"name":"wp","href":"https:\/\/api.w.org\/{rel}","templated":true}]}}