{"id":110883,"date":"2026-05-05T05:44:14","date_gmt":"2026-05-05T08:44:14","guid":{"rendered":"https:\/\/www.hediyepazar.com\/?product=m19-bluetooth-kulaklik"},"modified":"2026-05-05T05:44:14","modified_gmt":"2026-05-05T08:44:14","slug":"m19-bluetooth-kulaklik","status":"publish","type":"product","link":"https:\/\/www.hediyepazar.com\/?product=m19-bluetooth-kulaklik","title":{"rendered":"M19 BLUETOOTH KULAKLIK"},"content":{"rendered":"<p>Bluetooth kulakl\u0131k, kablosuz oyuncu kulakl\u0131\u011f\u0131 olarak, oyuncular\u0131n oyun deneyimini bir \u00fcst seviyeye \u00e7\u0131kar\u0131r. 5.1 Stereo Bluetooth Kulakl\u0131k, \u00fcst\u00fcn ses kalitesi ve surround ses deneyimi sunar. Kulak i\u00e7i kulakl\u0131k tasar\u0131m\u0131, d\u0131\u015far\u0131dan gelen g\u00fcr\u00fclt\u00fcleri engelleyerek oyunlara odaklanman\u0131z\u0131 sa\u011flar. Mikrofonlu kulakl\u0131k yap\u0131s\u0131 sayesinde, tak\u0131m arkada\u015flar\u0131n\u0131zla etkili ve net ileti\u015fim kurman\u0131z\u0131 destekler. Gaming siyah bluetooth kulakl\u0131k powerbank \u00f6zelli\u011fi sayesinde, uzun s\u00fcreler boyunca kesintisiz bir \u015fekilde oyununuzu oynayabilir, m\u00fczi\u011finizi dinleyebilir ve arkada\u015flar\u0131n\u0131zla konu\u015fabilirsiniz. I\u015f\u0131kl\u0131 Bluetooth kulakl\u0131k \u00f6zelli\u011fi, karanl\u0131kta g\u00f6r\u00fc\u015f\u00fcn\u00fcz\u00fc kolayla\u015ft\u0131ran benzersiz ve g\u00f6rsel bir deneyim sunar. Silikonlu bluetooth kulakl\u0131k u\u00e7lar\u0131, uzun oyun seanslar\u0131 i\u00e7in rahat bir kullan\u0131m sa\u011flar. Powerbank bluetooth kulakl\u0131k \u00f6zelli\u011fi, di\u011fer cihazlar\u0131n \u015farj ihtiyac\u0131n\u0131 kar\u015f\u0131lamak i\u00e7in de kullan\u0131labilir. M19 Bluetooth kulakl\u0131k, g\u00fc\u00e7l\u00fc Bluetooth teknolojisiyle h\u0131zl\u0131 ba\u011flant\u0131 vadeder. LED g\u00f6stergesi sayesinde, kulakl\u0131\u011f\u0131n \u015farj seviyesi kolayl\u0131kla g\u00f6z\u00fck\u00fcr.<\/p>\n","protected":false},"excerpt":{"rendered":"<p>Bluetooth kulakl\u0131k, kablosuz oyuncu kulakl\u0131\u011f\u0131 olarak, oyuncular\u0131n oyun deneyimini bir \u00fcst seviyeye \u00e7\u0131kar\u0131r. 5.1 Stereo Bluetooth Kulakl\u0131k, \u00fcst\u00fcn ses kalitesi ve surround ses deneyimi sunar. Kulak i\u00e7i kulakl\u0131k tasar\u0131m\u0131, d\u0131\u015far\u0131dan gelen g\u00fcr\u00fclt\u00fcleri engelleyerek oyunlara odaklanman\u0131z\u0131 sa\u011flar. Mikrofonlu kulakl\u0131k yap\u0131s\u0131 sayesinde, tak\u0131m arkada\u015flar\u0131n\u0131zla etkili ve net ileti\u015fim kurman\u0131z\u0131 destekler. Gaming siyah bluetooth kulakl\u0131k powerbank \u00f6zelli\u011fi sayesinde,&#8230;<\/p>\n","protected":false},"featured_media":110882,"comment_status":"open","ping_status":"closed","template":"","meta":{"_kad_post_transparent":"","_kad_post_title":"","_kad_post_layout":"","_kad_post_sidebar_id":"","_kad_post_content_style":"","_kad_post_vertical_padding":"","_kad_post_feature":"","_kad_post_feature_position":"","_kad_post_header":false,"_kad_post_footer":false,"_kad_post_classname":""},"product_brand":[],"product_cat":[14957],"product_tag":[],"class_list":{"0":"post-110883","1":"product","2":"type-product","3":"status-publish","4":"has-post-thumbnail","6":"product_cat-kablosuz-kulaklik-kablosuz-kulaklik","8":"first","9":"instock","10":"purchasable","11":"product-type-simple","12":"entry","13":"content-bg","14":"loop-entry"},"_links":{"self":[{"href":"https:\/\/www.hediyepazar.com\/index.php?rest_route=\/wp\/v2\/product\/110883","targetHints":{"allow":["GET"]}}],"collection":[{"href":"https:\/\/www.hediyepazar.com\/index.php?rest_route=\/wp\/v2\/product"}],"about":[{"href":"https:\/\/www.hediyepazar.com\/index.php?rest_route=\/wp\/v2\/types\/product"}],"replies":[{"embeddable":true,"href":"https:\/\/www.hediyepazar.com\/index.php?rest_route=%2Fwp%2Fv2%2Fcomments&post=110883"}],"wp:featuredmedia":[{"embeddable":true,"href":"https:\/\/www.hediyepazar.com\/index.php?rest_route=\/wp\/v2\/media\/110882"}],"wp:attachment":[{"href":"https:\/\/www.hediyepazar.com\/index.php?rest_route=%2Fwp%2Fv2%2Fmedia&parent=110883"}],"wp:term":[{"taxonomy":"product_brand","embeddable":true,"href":"https:\/\/www.hediyepazar.com\/index.php?rest_route=%2Fwp%2Fv2%2Fproduct_brand&post=110883"},{"taxonomy":"product_cat","embeddable":true,"href":"https:\/\/www.hediyepazar.com\/index.php?rest_route=%2Fwp%2Fv2%2Fproduct_cat&post=110883"},{"taxonomy":"product_tag","embeddable":true,"href":"https:\/\/www.hediyepazar.com\/index.php?rest_route=%2Fwp%2Fv2%2Fproduct_tag&post=110883"}],"curies":[{"name":"wp","href":"https:\/\/api.w.org\/{rel}","templated":true}]}}