{"id":110887,"date":"2026-05-05T05:44:58","date_gmt":"2026-05-05T08:44:58","guid":{"rendered":"https:\/\/www.hediyepazar.com\/?product=mx-box-s"},"modified":"2026-05-05T05:44:58","modified_gmt":"2026-05-05T08:44:58","slug":"mx-box-s","status":"publish","type":"product","link":"https:\/\/www.hediyepazar.com\/?product=mx-box-s","title":{"rendered":"MX BOX S"},"content":{"rendered":"<p>3840&#215;2160 \u00e7\u00f6z\u00fcn\u00fcrl\u00fck deste\u011fi ile y\u00fcksek kaliteli g\u00f6rsel deneyim sunar, film ve dizilerinizi en ince detaylar\u0131yla izleyin Android 11\u00a0i\u015fletim sistemi sayesinde kullan\u0131c\u0131 dostu aray\u00fcz ve geni\u015f uygulama yelpazesi ile e\u011flenceyi parmaklar\u0131n\u0131z\u0131n ucunda ya\u015fay\u0131n H\u0131zl\u0131 ve g\u00fcvenilir internet ba\u011flant\u0131s\u0131 i\u00e7in ethernet portu bulunur, b\u00f6ylece kesintisiz ve ak\u0131c\u0131 bir izleme deneyimi sa\u011flar WiFi \u00f6zelli\u011fi ile kablosuz a\u011flara kolayca ba\u011flanabilir, kablo karma\u015fas\u0131na son verin ve rahat\u00e7a internete eri\u015fin USB portu sayesinde harici belleklerden medya oynatma veya dosya aktar\u0131m\u0131 yapabilirsiniz, b\u00f6ylece favori i\u00e7eriklerinize her zaman eri\u015febilirsiniz HDMI \u00e7\u0131k\u0131\u015f\u0131 ile modern televizyonlarla uyumlu \u00e7al\u0131\u015farak y\u00fcksek kaliteli g\u00f6r\u00fcnt\u00fc aktar\u0131m\u0131n\u0131 garanti eder 2 y\u0131l garanti s\u00fcresi ile sat\u0131n alma sonras\u0131nda da g\u00fcvenle kullanabilirsiniz herhangi bir sorunda destek alman\u0131n rahatl\u0131\u011f\u0131n\u0131 ya\u015fay\u0131n<\/p>\n","protected":false},"excerpt":{"rendered":"<p>3840&#215;2160 \u00e7\u00f6z\u00fcn\u00fcrl\u00fck deste\u011fi ile y\u00fcksek kaliteli g\u00f6rsel deneyim sunar, film ve dizilerinizi en ince detaylar\u0131yla izleyin Android 11\u00a0i\u015fletim sistemi sayesinde kullan\u0131c\u0131 dostu aray\u00fcz ve geni\u015f uygulama yelpazesi ile e\u011flenceyi parmaklar\u0131n\u0131z\u0131n ucunda ya\u015fay\u0131n H\u0131zl\u0131 ve g\u00fcvenilir internet ba\u011flant\u0131s\u0131 i\u00e7in ethernet portu bulunur, b\u00f6ylece kesintisiz ve ak\u0131c\u0131 bir izleme deneyimi sa\u011flar WiFi \u00f6zelli\u011fi ile kablosuz a\u011flara kolayca&#8230;<\/p>\n","protected":false},"featured_media":110886,"comment_status":"open","ping_status":"closed","template":"","meta":{"_kad_post_transparent":"","_kad_post_title":"","_kad_post_layout":"","_kad_post_sidebar_id":"","_kad_post_content_style":"","_kad_post_vertical_padding":"","_kad_post_feature":"","_kad_post_feature_position":"","_kad_post_header":false,"_kad_post_footer":false,"_kad_post_classname":""},"product_brand":[],"product_cat":[15012],"product_tag":[],"class_list":{"0":"post-110887","1":"product","2":"type-product","3":"status-publish","4":"has-post-thumbnail","6":"product_cat-media-player-media-player","8":"first","9":"instock","10":"purchasable","11":"product-type-simple","12":"entry","13":"content-bg","14":"loop-entry"},"_links":{"self":[{"href":"https:\/\/www.hediyepazar.com\/index.php?rest_route=\/wp\/v2\/product\/110887","targetHints":{"allow":["GET"]}}],"collection":[{"href":"https:\/\/www.hediyepazar.com\/index.php?rest_route=\/wp\/v2\/product"}],"about":[{"href":"https:\/\/www.hediyepazar.com\/index.php?rest_route=\/wp\/v2\/types\/product"}],"replies":[{"embeddable":true,"href":"https:\/\/www.hediyepazar.com\/index.php?rest_route=%2Fwp%2Fv2%2Fcomments&post=110887"}],"wp:featuredmedia":[{"embeddable":true,"href":"https:\/\/www.hediyepazar.com\/index.php?rest_route=\/wp\/v2\/media\/110886"}],"wp:attachment":[{"href":"https:\/\/www.hediyepazar.com\/index.php?rest_route=%2Fwp%2Fv2%2Fmedia&parent=110887"}],"wp:term":[{"taxonomy":"product_brand","embeddable":true,"href":"https:\/\/www.hediyepazar.com\/index.php?rest_route=%2Fwp%2Fv2%2Fproduct_brand&post=110887"},{"taxonomy":"product_cat","embeddable":true,"href":"https:\/\/www.hediyepazar.com\/index.php?rest_route=%2Fwp%2Fv2%2Fproduct_cat&post=110887"},{"taxonomy":"product_tag","embeddable":true,"href":"https:\/\/www.hediyepazar.com\/index.php?rest_route=%2Fwp%2Fv2%2Fproduct_tag&post=110887"}],"curies":[{"name":"wp","href":"https:\/\/api.w.org\/{rel}","templated":true}]}}