{"id":110899,"date":"2026-05-05T05:47:21","date_gmt":"2026-05-05T08:47:21","guid":{"rendered":"https:\/\/www.hediyepazar.com\/?product=t700-akilli-saat"},"modified":"2026-05-05T05:47:21","modified_gmt":"2026-05-05T08:47:21","slug":"t700-akilli-saat","status":"publish","type":"product","link":"https:\/\/www.hediyepazar.com\/?product=t700-akilli-saat","title":{"rendered":"T700 AKILLI SAAT"},"content":{"rendered":"<p>T700AKILLI SAAT herhangi bir sorun kar\u015f\u0131s\u0131nda destek alman\u0131n rahatl\u0131\u011f\u0131n\u0131 ya\u015fay\u0131n G\u00fcnl\u00fck aktivitelerinizi takip etmek i\u00e7in entegre ad\u0131msayar \u00f6zelli\u011fi ile hareketlerinizi kaydedin ve sa\u011fl\u0131kl\u0131 ya\u015fam hedeflerinize ula\u015f\u0131n \u015e\u0131k siyah kasa ve kordon tasar\u0131m\u0131, hem erkek hem de bayanlar i\u00e7in modern bir aksesuar se\u00e7ene\u011fi sunar Uyku kalitenizi izlemek i\u00e7in uyku takibi \u00f6zelli\u011fi ile gece boyunca uyku d\u00fczeninizi analiz edin ve daha iyi bir uyku deneyimi i\u00e7in gerekli ad\u0131mlar\u0131 at\u0131n GPS \u00f6zelli\u011fi sayesinde konumunuzu hassas bir \u015fekilde belirleyin ve navigasyon ihtiya\u00e7lar\u0131n\u0131zda ak\u0131ll\u0131 saatinizden faydalan\u0131n Suya ve toza kar\u015f\u0131 dayan\u0131kl\u0131l\u0131k \u00f6zelli\u011fi ile her t\u00fcrl\u00fc hava ko\u015fulunda ve su aktivitesinde rahatl\u0131kla kullanabilirsiniz Gelen bildirimler ve \u00e7a\u011fr\u0131lar\u0131 ka\u00e7\u0131rmamak i\u00e7in titre\u015fim fonksiyonu ile an\u0131nda haberdar olun 2000-3000 mAh batarya kapasitesi aral\u0131\u011f\u0131, uzun s\u00fcreli kullan\u0131m i\u00e7in yeterli enerji sa\u011flar ve sizi asla yar\u0131 yolda b\u0131rakmaz<\/p>\n","protected":false},"excerpt":{"rendered":"<p>T700AKILLI SAAT herhangi bir sorun kar\u015f\u0131s\u0131nda destek alman\u0131n rahatl\u0131\u011f\u0131n\u0131 ya\u015fay\u0131n G\u00fcnl\u00fck aktivitelerinizi takip etmek i\u00e7in entegre ad\u0131msayar \u00f6zelli\u011fi ile hareketlerinizi kaydedin ve sa\u011fl\u0131kl\u0131 ya\u015fam hedeflerinize ula\u015f\u0131n \u015e\u0131k siyah kasa ve kordon tasar\u0131m\u0131, hem erkek hem de bayanlar i\u00e7in modern bir aksesuar se\u00e7ene\u011fi sunar Uyku kalitenizi izlemek i\u00e7in uyku takibi \u00f6zelli\u011fi ile gece boyunca uyku d\u00fczeninizi&#8230;<\/p>\n","protected":false},"featured_media":110898,"comment_status":"open","ping_status":"closed","template":"","meta":{"_kad_post_transparent":"","_kad_post_title":"","_kad_post_layout":"","_kad_post_sidebar_id":"","_kad_post_content_style":"","_kad_post_vertical_padding":"","_kad_post_feature":"","_kad_post_feature_position":"","_kad_post_header":false,"_kad_post_footer":false,"_kad_post_classname":""},"product_brand":[],"product_cat":[14935],"product_tag":[],"class_list":{"0":"post-110899","1":"product","2":"type-product","3":"status-publish","4":"has-post-thumbnail","6":"product_cat-akilli-saatler-akilli-saatler","8":"first","9":"instock","10":"purchasable","11":"product-type-simple","12":"entry","13":"content-bg","14":"loop-entry"},"_links":{"self":[{"href":"https:\/\/www.hediyepazar.com\/index.php?rest_route=\/wp\/v2\/product\/110899","targetHints":{"allow":["GET"]}}],"collection":[{"href":"https:\/\/www.hediyepazar.com\/index.php?rest_route=\/wp\/v2\/product"}],"about":[{"href":"https:\/\/www.hediyepazar.com\/index.php?rest_route=\/wp\/v2\/types\/product"}],"replies":[{"embeddable":true,"href":"https:\/\/www.hediyepazar.com\/index.php?rest_route=%2Fwp%2Fv2%2Fcomments&post=110899"}],"wp:featuredmedia":[{"embeddable":true,"href":"https:\/\/www.hediyepazar.com\/index.php?rest_route=\/wp\/v2\/media\/110898"}],"wp:attachment":[{"href":"https:\/\/www.hediyepazar.com\/index.php?rest_route=%2Fwp%2Fv2%2Fmedia&parent=110899"}],"wp:term":[{"taxonomy":"product_brand","embeddable":true,"href":"https:\/\/www.hediyepazar.com\/index.php?rest_route=%2Fwp%2Fv2%2Fproduct_brand&post=110899"},{"taxonomy":"product_cat","embeddable":true,"href":"https:\/\/www.hediyepazar.com\/index.php?rest_route=%2Fwp%2Fv2%2Fproduct_cat&post=110899"},{"taxonomy":"product_tag","embeddable":true,"href":"https:\/\/www.hediyepazar.com\/index.php?rest_route=%2Fwp%2Fv2%2Fproduct_tag&post=110899"}],"curies":[{"name":"wp","href":"https:\/\/api.w.org\/{rel}","templated":true}]}}